{"id":600,"date":"2024-08-20T21:00:26","date_gmt":"2024-08-20T19:00:26","guid":{"rendered":"https:\/\/metabolika.online\/?post_type=product&#038;p=2746"},"modified":"2024-09-04T16:55:25","modified_gmt":"2024-09-04T13:55:25","slug":"omega-3-metabolika","status":"publish","type":"product","link":"https:\/\/metabolika.online\/ro\/shop\/omega-3-metabolika\/","title":{"rendered":"Omega 3 Metab\u00f3lika \ud83d\udc8a"},"content":{"rendered":"<h3>Caracteristicile Omega 3 Metab\u00f3lika.<\/h3>\n<ul>\n<li><i class=\"ri-checkbox-circle-fill\"><\/i><strong> Ulei de pe\u0219te GoldenOmega\u00ae <\/strong>\u00een form\u0103 de triglicerid\u0103 natural\u0103 (TG).<\/li>\n<li>Cu un min. de 68% Omega 3, asigur\u00e2nd cel pu\u021bin <strong>360 mg de EPA \u0219i 240 mg de DHA per 1000 mg.<\/strong><\/li>\n<li>Combinat cu <strong>200 UI de Vitamina D3 per doz\u0103 recomandat\u0103 (100% VNR<\/strong>).<\/li>\n<li>Liber de Metale Grele \u0219i Toxine. <strong>Garan\u021bia Certificatului.<\/strong><\/li>\n<\/ul>\n<h3>Compozi\u021bie pe 1 capsul\u0103<\/h3>\n<table dir=\"ltr\" border=\"0\" cellspacing=\"0\" cellpadding=\"0\">\n<colgroup>\n<col width=\"248\" \/>\n<col width=\"100\" \/>\n<col width=\"219\" \/><\/colgroup>\n<tbody>\n<tr>\n<td data-sheets-value=\"{&quot;1&quot;:2,&quot;2&quot;:&quot;Ulei de pe\u0219te GoldenOmega\u00ae&quot;}\">Ulei de pe\u0219te GoldenOmega\u00ae<\/td>\n<td><\/td>\n<td data-sheets-value=\"{&quot;1&quot;:2,&quot;2&quot;:&quot;1000 mg&quot;}\">1000 mg<\/td>\n<\/tr>\n<tr>\n<td data-sheets-value=\"{&quot;1&quot;:2,&quot;2&quot;:&quot;- Omega 3 min. 68% (triglicerid\u0103)&quot;}\">&#8211; Omega 3 min. 68% (triglicerid\u0103)<\/td>\n<td><\/td>\n<td data-sheets-value=\"{&quot;1&quot;:2,&quot;2&quot;:&quot;680 mg&quot;}\">680 mg<\/td>\n<\/tr>\n<tr>\n<td data-sheets-value=\"{&quot;1&quot;:2,&quot;2&quot;:&quot;din care:&quot;}\">din care:<\/td>\n<td><\/td>\n<td><\/td>\n<\/tr>\n<tr>\n<td data-sheets-value=\"{&quot;1&quot;:2,&quot;2&quot;:&quot;- EPA (Acid Eicosapentaenoic) (36%)&quot;}\">&#8211; EPA (Acid Eicosapentaenoic) (36%)<\/td>\n<td><\/td>\n<td data-sheets-value=\"{&quot;1&quot;:2,&quot;2&quot;:&quot;360 mg&quot;}\">360 mg<\/td>\n<\/tr>\n<tr>\n<td data-sheets-value=\"{&quot;1&quot;:2,&quot;2&quot;:&quot;- DHA (Acid Docosahexaenoic) (24%)&quot;}\">&#8211; DHA (Acid Docosahexaenoic) (24%)<\/td>\n<td><\/td>\n<td data-sheets-value=\"{&quot;1&quot;:2,&quot;2&quot;:&quot;240 mg&quot;}\">240 mg<\/td>\n<\/tr>\n<tr>\n<td data-sheets-value=\"{&quot;1&quot;:2,&quot;2&quot;:&quot;Vitamina D&quot;}\">Vitamina D<\/td>\n<td><\/td>\n<td data-sheets-value=\"{&quot;1&quot;:2,&quot;2&quot;:&quot;5 \u03bcg (100% VNR*)&quot;}\">5 \u03bcg (100% VNR*)<\/td>\n<\/tr>\n<\/tbody>\n<\/table>\n<p>*VNR: Valori Nutri\u021bionale de Referin\u021b\u0103 pentru vitamine \u0219i minerale.<\/p>\n<p><strong>Ingrediente:<\/strong> <span class=\"S1PPyQ\">Ulei de <em><strong>pe\u0219te<\/strong><\/em> GoldenOmega\u00ae (36% EPA \u0219i 24% DHA), vitamina D3 (colecalciferol). Perla: (Gelatin\u0103 bovin\u0103, umectant (glicerin\u0103 vegetal\u0103) \u0219i ap\u0103).<\/span><\/p>\n","protected":false},"excerpt":{"rendered":"<p><strong>GoldenOmega\u00ae ulei de pe\u0219te <\/strong>\u00een form\u0103 de trigliceride naturale (TG). Cu un minim de 68% Omega 3 care asigur\u0103 cel pu\u021bin <strong>360 mg EPA \u0219i 240 mg DHA per 1000 mg. Combinat cu <strong>200 UI Vitamina D3 per doz\u0103 recomandat\u0103 (100% VNR<\/strong>). F\u0103r\u0103 metale grele \u0219i toxine cu <strong>garan\u021bie<\/strong> complet\u0103. <\/strong>Certificat .<\/p>\n","protected":false},"featured_media":599,"comment_status":"open","ping_status":"closed","template":"","meta":[],"product_brand":[],"product_cat":[36],"product_tag":[],"class_list":{"0":"post-600","1":"product","2":"type-product","3":"status-publish","4":"has-post-thumbnail","6":"product_cat-suplimente","8":"first","9":"instock","10":"taxable","11":"shipping-taxable","12":"product-type-simple"},"_links":{"self":[{"href":"https:\/\/metabolika.online\/ro\/wp-json\/wp\/v2\/product\/600","targetHints":{"allow":["GET"]}}],"collection":[{"href":"https:\/\/metabolika.online\/ro\/wp-json\/wp\/v2\/product"}],"about":[{"href":"https:\/\/metabolika.online\/ro\/wp-json\/wp\/v2\/types\/product"}],"replies":[{"embeddable":true,"href":"https:\/\/metabolika.online\/ro\/wp-json\/wp\/v2\/comments?post=600"}],"wp:featuredmedia":[{"embeddable":true,"href":"https:\/\/metabolika.online\/ro\/wp-json\/wp\/v2\/media\/599"}],"wp:attachment":[{"href":"https:\/\/metabolika.online\/ro\/wp-json\/wp\/v2\/media?parent=600"}],"wp:term":[{"taxonomy":"product_brand","embeddable":true,"href":"https:\/\/metabolika.online\/ro\/wp-json\/wp\/v2\/product_brand?post=600"},{"taxonomy":"product_cat","embeddable":true,"href":"https:\/\/metabolika.online\/ro\/wp-json\/wp\/v2\/product_cat?post=600"},{"taxonomy":"product_tag","embeddable":true,"href":"https:\/\/metabolika.online\/ro\/wp-json\/wp\/v2\/product_tag?post=600"}],"curies":[{"name":"wp","href":"https:\/\/api.w.org\/{rel}","templated":true}]}}