{"id":395,"date":"2024-02-17T19:46:38","date_gmt":"2024-02-17T18:46:38","guid":{"rendered":"https:\/\/metabolika.online\/?post_type=product&#038;p=2527"},"modified":"2024-06-08T18:26:49","modified_gmt":"2024-06-08T15:26:49","slug":"nacho-cheese-tortitos","status":"publish","type":"product","link":"https:\/\/metabolika.online\/ro\/shop\/nacho-cheese-tortitos\/","title":{"rendered":"Nachos cu arom\u0103 de br\u00e2nz\u0103\ud83e\uddc0 (5 unit\u0103\u021bi)"},"content":{"rendered":"<h3>Caracteristicile Produsului<\/h3>\n<p>Tortitos de soia cu arom\u0103 de br\u00e2nz\u0103<\/p>\n<ul>\n<li>Con\u021binut ridicat de proteine \u0219i fibre<\/li>\n<\/ul>\n<h3>Ingrediente<\/h3>\n<p>Chipsuri de <em><strong>soia<\/strong><\/em> (concentrat de proteine de <em><strong>soia<\/strong><\/em> (54%), amidon de tapioca, fibr\u0103 de <em><strong>soia<\/strong><\/em>, sare), condiment pentru nacho cu br\u00e2nz\u0103 (<em><strong>zer<\/strong><\/em> \u00een pulbere \u0219i derivate din <strong><em>lapte<\/em><\/strong>, <em><strong>lactoz\u0103<\/strong><\/em>, sare, br\u00e2nz\u0103 topit\u0103 \u00een pulbere (<em><strong>br\u00e2nz\u0103<\/strong><\/em> (din care <em><strong>cheddar, havarti, bleu, danbo<\/strong><\/em>), sare, s\u0103ruri emulsifiante: difosfat de sodiu), condimente \u0219i plante aromatice (ceap\u0103, paprika, usturoi, ardei jalapeno), arome naturale (con\u021bine: <strong>lapte<\/strong>), dextroz\u0103, ro\u0219ii, acizi: acid lactic \u0219i acid citric \u0219i lactat de calciu, colorant: extract de paprika, \u00eendulcitor: sucraloz\u0103), ulei de floarea soarelui, antioxidant: extract de rozmarin.<\/p>\n<p>Alergeni: <strong>Soia, lapte.<\/strong> Pot con\u021bine urme de gluten, ou, pe\u0219te, lapte, fructe cu coaj\u0103, \u021belin\u0103.<\/p>\n<h3>Valori Nutri\u021bionale<\/h3>\n<table border=\"0\">\n<tbody>\n<tr>\n<th>Nutrien\u021bi<\/th>\n<th>Cantitate per 100 g<\/th>\n<th>Cantitate per 30 g<\/th>\n<\/tr>\n<tr>\n<td>Energie (kJ\/kcal)<\/td>\n<td>1711 \/ 409<\/td>\n<td>513 \/ 123<\/td>\n<\/tr>\n<tr>\n<td>Gr\u0103simi (g)<\/td>\n<td>16<\/td>\n<td>4,8<\/td>\n<\/tr>\n<tr>\n<td>din care saturate (g)<\/td>\n<td>2,0<\/td>\n<td>0,6<\/td>\n<\/tr>\n<tr>\n<td>Carbohidra\u021bi (g)<\/td>\n<td>17<\/td>\n<td>5,1<\/td>\n<\/tr>\n<tr>\n<td>din care zaharuri (g)<\/td>\n<td>6,7<\/td>\n<td>2,0<\/td>\n<\/tr>\n<tr>\n<td>Fibre (g)<\/td>\n<td>15<\/td>\n<td>4,5<\/td>\n<\/tr>\n<tr>\n<td>Proteine (g)<\/td>\n<td>41<\/td>\n<td>12<\/td>\n<\/tr>\n<tr>\n<td>Sare (g)<\/td>\n<td>3,2<\/td>\n<td>0,96<\/td>\n<\/tr>\n<\/tbody>\n<\/table>\n<p>&nbsp;<\/p>\n","protected":false},"excerpt":{"rendered":"<p>Cufund\u0103-te \u00een gustul ispititor al chipsurilor cu arom\u0103 de br\u00e2nz\u0103, o alternativ\u0103 delicioas\u0103 \u0219i s\u0103n\u0103toas\u0103 la gust\u0103rile tradi\u021bionale. Bogate \u00een proteine \u0219i fibre, sunt perfecte pentru a v\u0103 satisface poftele \u00eentr-un mod nutritiv.<\/p>\n","protected":false},"featured_media":390,"comment_status":"open","ping_status":"closed","template":"","meta":[],"product_brand":[],"product_cat":[33],"product_tag":[],"class_list":{"0":"post-395","1":"product","2":"type-product","3":"status-publish","4":"has-post-thumbnail","6":"product_cat-gata-de-consum","8":"first","9":"instock","10":"taxable","11":"shipping-taxable","12":"product-type-simple"},"_links":{"self":[{"href":"https:\/\/metabolika.online\/ro\/wp-json\/wp\/v2\/product\/395","targetHints":{"allow":["GET"]}}],"collection":[{"href":"https:\/\/metabolika.online\/ro\/wp-json\/wp\/v2\/product"}],"about":[{"href":"https:\/\/metabolika.online\/ro\/wp-json\/wp\/v2\/types\/product"}],"replies":[{"embeddable":true,"href":"https:\/\/metabolika.online\/ro\/wp-json\/wp\/v2\/comments?post=395"}],"wp:featuredmedia":[{"embeddable":true,"href":"https:\/\/metabolika.online\/ro\/wp-json\/wp\/v2\/media\/390"}],"wp:attachment":[{"href":"https:\/\/metabolika.online\/ro\/wp-json\/wp\/v2\/media?parent=395"}],"wp:term":[{"taxonomy":"product_brand","embeddable":true,"href":"https:\/\/metabolika.online\/ro\/wp-json\/wp\/v2\/product_brand?post=395"},{"taxonomy":"product_cat","embeddable":true,"href":"https:\/\/metabolika.online\/ro\/wp-json\/wp\/v2\/product_cat?post=395"},{"taxonomy":"product_tag","embeddable":true,"href":"https:\/\/metabolika.online\/ro\/wp-json\/wp\/v2\/product_tag?post=395"}],"curies":[{"name":"wp","href":"https:\/\/api.w.org\/{rel}","templated":true}]}}