{"id":393,"date":"2024-02-17T19:46:38","date_gmt":"2024-02-17T18:46:38","guid":{"rendered":"https:\/\/metabolika.online\/?post_type=product&#038;p=2528"},"modified":"2024-06-08T18:26:53","modified_gmt":"2024-06-08T15:26:53","slug":"cocoa-bar","status":"publish","type":"product","link":"https:\/\/metabolika.online\/ro\/shop\/cocoa-bar\/","title":{"rendered":"Baton glazurat de cacao \ud83c\udf6b (5 unit\u0103\u021bi)"},"content":{"rendered":"<h3>Caracteristicile Produsului<\/h3>\n<p>Baton cu arom\u0103 de cacao \u0219i \u00eenveli\u0219 de cacao cu \u00eendulcitori<\/p>\n<ul>\n<li>Bogat\u0103 \u00een fibre<\/li>\n<li>Sc\u0103zut\u0103 \u00een zaharuri<\/li>\n<\/ul>\n<h3>Ingrediente<\/h3>\n<p>Fibr\u0103 vegetal\u0103 (fructo-oligozaharide), proteine din <em><strong>lapte<\/strong><\/em> (<em><strong>cazeinat<\/strong><\/em> de calciu, concentrat de proteine din <em><strong>zer<\/strong><\/em>), acoperire de cacao (14%) [gr\u0103simi vegetale nehidrogenate (palmier, shea), inulin\u0103, cacao pudr\u0103 degresat\u0103, proteine concentrate din <em><strong>lapte<\/strong><\/em>, \u00eendulcitor (maltitol), emulgator (lecitin\u0103 de floarea soarelui), aromatizant], crispies de proteine de soia [proteina de soia izolat\u0103, amidon de tapioca, sare, stabilizator (carbonat de calciu)], ulei de floarea soarelui, gelatin\u0103 hidrolizat\u0103 bovin\u0103, proteina de <em><strong>soia<\/strong><\/em> izolat\u0103, pudr\u0103 de cacao (2%), umectant (sirop de sorbitol), aromatizante, \u00eendulcitor (sucraloz\u0103).<\/p>\n<p>Alergeni: <em><strong>lapte, soia.<\/strong><\/em> Poate con\u021bine urme de ou\u0103, fructe cu coaj\u0103 lemnoas\u0103 \u0219i arahide.<\/p>\n<h3>Valori Nutri\u021bionale<\/h3>\n<table border=\"0\">\n<tbody>\n<tr>\n<th>Nutrien\u021bi<\/th>\n<th>Cantitate per 100 g<\/th>\n<th>Cantitate per 43 g<\/th>\n<\/tr>\n<tr>\n<td>Energie (kJ\/kcal)<\/td>\n<td>1393 \/ 335<\/td>\n<td>599 \/ 144<\/td>\n<\/tr>\n<tr>\n<td>Gr\u0103simi (g)<\/td>\n<td>12<\/td>\n<td>5,3<\/td>\n<\/tr>\n<tr>\n<td>din care saturate (g)<\/td>\n<td>6,7<\/td>\n<td>2,9<\/td>\n<\/tr>\n<tr>\n<td>Carbohidra\u021bi (g)<\/td>\n<td>8,5<\/td>\n<td>3,7<\/td>\n<\/tr>\n<tr>\n<td>din care zaharuri (g)<\/td>\n<td>4,3<\/td>\n<td>1,9<\/td>\n<\/tr>\n<tr>\n<td>din care polioli (g)<\/td>\n<td>3,1<\/td>\n<td>1,3<\/td>\n<\/tr>\n<tr>\n<td>Fibre (g)<\/td>\n<td>27<\/td>\n<td>12<\/td>\n<\/tr>\n<tr>\n<td>Proteine (g)<\/td>\n<td>35<\/td>\n<td>15<\/td>\n<\/tr>\n<tr>\n<td>Sare (g)<\/td>\n<td>0,50<\/td>\n<td>0,22<\/td>\n<\/tr>\n<\/tbody>\n<\/table>\n","protected":false},"excerpt":{"rendered":"<p>Bucur\u0103-te de gustul delicios \u0219i de textura fin\u0103 a batonului nostru de cacao, o op\u021biune s\u0103n\u0103toas\u0103 \u0219i convenabil\u0103 pentru o gustare rapid\u0103. Bogat\u0103 \u00een fibre \u0219i cu un con\u021binut sc\u0103zut \u00een zaharuri, este perfect\u0103 pentru a-\u021bi satisface poftele \u00eentr-un mod nutritiv.<\/p>\n","protected":false},"featured_media":389,"comment_status":"open","ping_status":"closed","template":"","meta":[],"product_brand":[],"product_cat":[33],"product_tag":[],"class_list":{"0":"post-393","1":"product","2":"type-product","3":"status-publish","4":"has-post-thumbnail","6":"product_cat-gata-de-consum","8":"first","9":"instock","10":"taxable","11":"shipping-taxable","12":"product-type-simple"},"_links":{"self":[{"href":"https:\/\/metabolika.online\/ro\/wp-json\/wp\/v2\/product\/393","targetHints":{"allow":["GET"]}}],"collection":[{"href":"https:\/\/metabolika.online\/ro\/wp-json\/wp\/v2\/product"}],"about":[{"href":"https:\/\/metabolika.online\/ro\/wp-json\/wp\/v2\/types\/product"}],"replies":[{"embeddable":true,"href":"https:\/\/metabolika.online\/ro\/wp-json\/wp\/v2\/comments?post=393"}],"wp:featuredmedia":[{"embeddable":true,"href":"https:\/\/metabolika.online\/ro\/wp-json\/wp\/v2\/media\/389"}],"wp:attachment":[{"href":"https:\/\/metabolika.online\/ro\/wp-json\/wp\/v2\/media?parent=393"}],"wp:term":[{"taxonomy":"product_brand","embeddable":true,"href":"https:\/\/metabolika.online\/ro\/wp-json\/wp\/v2\/product_brand?post=393"},{"taxonomy":"product_cat","embeddable":true,"href":"https:\/\/metabolika.online\/ro\/wp-json\/wp\/v2\/product_cat?post=393"},{"taxonomy":"product_tag","embeddable":true,"href":"https:\/\/metabolika.online\/ro\/wp-json\/wp\/v2\/product_tag?post=393"}],"curies":[{"name":"wp","href":"https:\/\/api.w.org\/{rel}","templated":true}]}}