{"id":391,"date":"2024-02-17T19:46:38","date_gmt":"2024-02-17T18:46:38","guid":{"rendered":"https:\/\/metabolika.online\/?post_type=product&#038;p=2529"},"modified":"2024-06-08T18:27:00","modified_gmt":"2024-06-08T15:27:00","slug":"panna-cotta-and-berries-bar","status":"publish","type":"product","link":"https:\/\/metabolika.online\/ro\/shop\/panna-cotta-and-berries-bar\/","title":{"rendered":"Baton glazurat de panna cotta cu fructe de p\u0103dure \ud83c\udf53 (5 unit\u0103\u021bi)"},"content":{"rendered":"<h3>Caracteristicile Produsului<\/h3>\n<p>Baton cu arom\u0103 de panna cotta \u0219i fructe ro\u0219ii:<\/p>\n<ul>\n<li>Acoperit\u0103 de cacao cu \u00eendulcitori<\/li>\n<li>Bogat\u0103 \u00een fibre \u0219i s\u0103rac\u0103 \u00een zaharuri<\/li>\n<\/ul>\n<h3>Ingrediente<\/h3>\n<p>Fibre vegetale (fructooligozaharide), proteine <em><strong>lactate<\/strong><\/em> (<em><strong>cazeinat<\/strong><\/em> de calciu, concentrat de proteine din <em><strong>zer<\/strong><\/em>), acoperire de cacao (14%) [gr\u0103simi vegetale nehidrogenate (din palmier, shea), inulin\u0103, cacao degresat\u0103 \u00een pulbere, concentrat de proteine <strong>lactate<\/strong>, \u00eendulcitor (maltitol), emulgator (lecitin\u0103 de floarea soarelui), arom\u0103], ulei de floarea soarelui, gelatin\u0103 hidrolizat\u0103 bovin\u0103, crocante de proteine de <em><strong>soia<\/strong><\/em> [proteine de <em><strong>soia<\/strong><\/em> izolate, amidon de tapioca, sare, stabilizator (carbonat de calciu)], crocante de proteine de <em><strong>soia<\/strong><\/em> cu cacao [proteine de <em><strong>soia<\/strong><\/em> izolate, cacao \u00een pulbere, amidon de tapioca], proteine de <em><strong>soia<\/strong><\/em> izolate, umectant (sirop de sorbitol), arome, \u00eendulcitor (sucraloz\u0103).<\/p>\n<p>Alergeni: <em><strong>Lapte, soia.<\/strong><\/em> Poate con\u021bine urme de ou\u0103, fructe cu coaj\u0103 lemnoas\u0103 \u0219i arahide.<\/p>\n<h3>Valori Nutri\u021bionale<\/h3>\n<table border=\"0\">\n<tbody>\n<tr>\n<th>Nutrien\u021bi<\/th>\n<th>Cantitate per 100 g<\/th>\n<th>Cantitate per 43 g<\/th>\n<\/tr>\n<tr>\n<td>Energie (kJ\/kcal)<\/td>\n<td>1388 \/ 333<\/td>\n<td>597 \/ 143<\/td>\n<\/tr>\n<tr>\n<td>Gr\u0103simi (g)<\/td>\n<td>12<\/td>\n<td>5,3<\/td>\n<\/tr>\n<tr>\n<td>din care saturate (g)<\/td>\n<td>6,6<\/td>\n<td>2,8<\/td>\n<\/tr>\n<tr>\n<td>Carbohidra\u021bi (g)<\/td>\n<td>8,4<\/td>\n<td>3,6<\/td>\n<\/tr>\n<tr>\n<td>din care zaharuri (g)<\/td>\n<td>4,3<\/td>\n<td>1,9<\/td>\n<\/tr>\n<tr>\n<td>din care polioli (g)<\/td>\n<td>3,1<\/td>\n<td>1,3<\/td>\n<\/tr>\n<tr>\n<td>Fibre (g)<\/td>\n<td>27<\/td>\n<td>12<\/td>\n<\/tr>\n<tr>\n<td>Proteine (g)<\/td>\n<td>35<\/td>\n<td>15<\/td>\n<\/tr>\n<tr>\n<td>Sare (g)<\/td>\n<td>0,50<\/td>\n<td>0,22<\/td>\n<\/tr>\n<\/tbody>\n<\/table>\n","protected":false},"excerpt":{"rendered":"<p>R\u0103sfa\u021b\u0103-te cu rafinatul baton glazurat de panna cotta si fructe de p\u0103dure\u00a0 \u00eembog\u0103\u021bit cu un strat de cacao cu \u00eendulcitori. Perfect pentru o gustare nutritiv\u0103 \u0219i cu un con\u021binut sc\u0103zut de carbohidra\u021bi.<\/p>\n","protected":false},"featured_media":389,"comment_status":"open","ping_status":"closed","template":"","meta":[],"product_brand":[],"product_cat":[33],"product_tag":[],"class_list":{"0":"post-391","1":"product","2":"type-product","3":"status-publish","4":"has-post-thumbnail","6":"product_cat-gata-de-consum","8":"first","9":"instock","10":"taxable","11":"shipping-taxable","12":"product-type-simple"},"_links":{"self":[{"href":"https:\/\/metabolika.online\/ro\/wp-json\/wp\/v2\/product\/391","targetHints":{"allow":["GET"]}}],"collection":[{"href":"https:\/\/metabolika.online\/ro\/wp-json\/wp\/v2\/product"}],"about":[{"href":"https:\/\/metabolika.online\/ro\/wp-json\/wp\/v2\/types\/product"}],"replies":[{"embeddable":true,"href":"https:\/\/metabolika.online\/ro\/wp-json\/wp\/v2\/comments?post=391"}],"wp:featuredmedia":[{"embeddable":true,"href":"https:\/\/metabolika.online\/ro\/wp-json\/wp\/v2\/media\/389"}],"wp:attachment":[{"href":"https:\/\/metabolika.online\/ro\/wp-json\/wp\/v2\/media?parent=391"}],"wp:term":[{"taxonomy":"product_brand","embeddable":true,"href":"https:\/\/metabolika.online\/ro\/wp-json\/wp\/v2\/product_brand?post=391"},{"taxonomy":"product_cat","embeddable":true,"href":"https:\/\/metabolika.online\/ro\/wp-json\/wp\/v2\/product_cat?post=391"},{"taxonomy":"product_tag","embeddable":true,"href":"https:\/\/metabolika.online\/ro\/wp-json\/wp\/v2\/product_tag?post=391"}],"curies":[{"name":"wp","href":"https:\/\/api.w.org\/{rel}","templated":true}]}}