{"id":387,"date":"2024-02-17T19:46:38","date_gmt":"2024-02-17T18:46:38","guid":{"rendered":"https:\/\/metabolika.online\/?post_type=product&#038;p=2530"},"modified":"2024-06-08T18:27:07","modified_gmt":"2024-06-08T15:27:07","slug":"plain-cookies","status":"publish","type":"product","link":"https:\/\/metabolika.online\/ro\/shop\/plain-cookies\/","title":{"rendered":"Biscui\u021bi simpli \ud83c\udf6a (5 unit\u0103\u021bi)"},"content":{"rendered":"<h3>Caracteristicile Produsului<\/h3>\n<ul>\n<li>Biscui\u021bi crocan\u021bi cu un con\u021binut ridicat de proteine<\/li>\n<\/ul>\n<h2>Ingrediente<\/h2>\n<p>Proteine din <em><strong>lapte<\/strong><\/em>, f\u0103in\u0103 de <em><strong>gr\u00e2u<\/strong><\/em>, ulei de rapi\u021b\u0103, zah\u0103r, gluten de <em><strong>gr\u00e2u<\/strong><\/em>, amidon de <em><strong>gr\u00e2u<\/strong>, unt <em><strong>concentrat<\/strong><\/em>, pudr\u0103 de <em><strong>ou<\/strong><\/em> alb, extract de <em><strong>mal\u021b<\/strong><\/em> de orz, extract de vanilie, agen\u021bi de af\u00e2nare: carbona\u021bi de sodiu \u0219i carbona\u021bi de amoniu, germeni de <em><strong>gr\u00e2u<\/strong><\/em>, pudr\u0103 de vanilie Bourbon, proteine din <em><strong>gr\u00e2u<\/strong><\/em>.<\/em><\/p>\n<p>Alergeni: <em><strong>Lapte, gr\u00e2u, ou, mal\u021b.<\/strong><\/em> Pot con\u021bine urme de: soia, susan \u0219i fructe cu coaj\u0103 lemnoas\u0103.<\/p>\n<h3>Valori Nutri\u021bionale Medii<\/h3>\n<table border=\"0\">\n<tbody>\n<tr>\n<th>Nutrien\u021bi<\/th>\n<th>Cantitate per 100 g<\/th>\n<th>Cantitate per 25 g<\/th>\n<\/tr>\n<tr>\n<td>Energie (kJ\/kcal)<\/td>\n<td>2037 \/ 486<\/td>\n<td>509 \/ 122<\/td>\n<\/tr>\n<tr>\n<td>Gr\u0103simi (g)<\/td>\n<td>24<\/td>\n<td>5,8<\/td>\n<\/tr>\n<tr>\n<td>din care saturate (g)<\/td>\n<td>5,9<\/td>\n<td>1,5<\/td>\n<\/tr>\n<tr>\n<td>Carbohidra\u021bi (g)<\/td>\n<td>39<\/td>\n<td>10<\/td>\n<\/tr>\n<tr>\n<td>din care zaharuri (g)<\/td>\n<td>17<\/td>\n<td>4,3<\/td>\n<\/tr>\n<tr>\n<td>Fibre (g)<\/td>\n<td>16<\/td>\n<td>0,40<\/td>\n<\/tr>\n<tr>\n<td>Proteine (g)<\/td>\n<td>30<\/td>\n<td>7,5<\/td>\n<\/tr>\n<tr>\n<td>Sare (g)<\/td>\n<td>0,92<\/td>\n<td>0,23<\/td>\n<\/tr>\n<\/tbody>\n<\/table>\n","protected":false},"excerpt":{"rendered":"<p>Descoper\u0103 gustul clasic \u0219i textura crocant\u0103 a biscui\u021bilor no\u0219tri simpli, o alegere ideal\u0103 pentru o gustare nutritiv\u0103 \u0219i satisf\u0103c\u0103toare. Fabrica\u021bi cu ingrediente de \u00eenalt\u0103 calitate, ace\u0219tia sunt perfec\u021bi pentru orice moment al zilei.<\/p>\n","protected":false},"featured_media":382,"comment_status":"open","ping_status":"closed","template":"","meta":[],"product_brand":[],"product_cat":[33],"product_tag":[],"class_list":{"0":"post-387","1":"product","2":"type-product","3":"status-publish","4":"has-post-thumbnail","6":"product_cat-gata-de-consum","8":"first","9":"instock","10":"taxable","11":"shipping-taxable","12":"product-type-simple"},"_links":{"self":[{"href":"https:\/\/metabolika.online\/ro\/wp-json\/wp\/v2\/product\/387","targetHints":{"allow":["GET"]}}],"collection":[{"href":"https:\/\/metabolika.online\/ro\/wp-json\/wp\/v2\/product"}],"about":[{"href":"https:\/\/metabolika.online\/ro\/wp-json\/wp\/v2\/types\/product"}],"replies":[{"embeddable":true,"href":"https:\/\/metabolika.online\/ro\/wp-json\/wp\/v2\/comments?post=387"}],"wp:featuredmedia":[{"embeddable":true,"href":"https:\/\/metabolika.online\/ro\/wp-json\/wp\/v2\/media\/382"}],"wp:attachment":[{"href":"https:\/\/metabolika.online\/ro\/wp-json\/wp\/v2\/media?parent=387"}],"wp:term":[{"taxonomy":"product_brand","embeddable":true,"href":"https:\/\/metabolika.online\/ro\/wp-json\/wp\/v2\/product_brand?post=387"},{"taxonomy":"product_cat","embeddable":true,"href":"https:\/\/metabolika.online\/ro\/wp-json\/wp\/v2\/product_cat?post=387"},{"taxonomy":"product_tag","embeddable":true,"href":"https:\/\/metabolika.online\/ro\/wp-json\/wp\/v2\/product_tag?post=387"}],"curies":[{"name":"wp","href":"https:\/\/api.w.org\/{rel}","templated":true}]}}