{"id":385,"date":"2024-02-17T19:46:38","date_gmt":"2024-02-17T18:46:38","guid":{"rendered":"https:\/\/metabolika.online\/?post_type=product&#038;p=2523"},"modified":"2024-06-08T18:27:13","modified_gmt":"2024-06-08T15:27:13","slug":"ham-saussage-gf","status":"publish","type":"product","link":"https:\/\/metabolika.online\/ro\/shop\/ham-saussage-gf\/","title":{"rendered":"C\u00e2rna\u021bi crud usca\u021bi GF \ud83e\udd53\u200b (5 unit\u0103\u021bi)"},"content":{"rendered":"<h3>Caracteristicile Produsului<\/h3>\n<ul>\n<li>Specialitate de carne uscat\u0103 feliat\u0103, redus\u0103 \u00een gr\u0103sime (-65%)* \u0219i bogat\u0103 \u00een proteine<\/li>\n<li>Reducere energetic\u0103 de 36%* \u00een compara\u021bie cu produsul de referin\u021b\u0103 &#8222;salami uscat&#8221;<\/li>\n<li>F\u0103r\u0103 gluten<\/li>\n<\/ul>\n<p>* Calculat \u00een compara\u021bie cu produsul de referin\u021b\u0103 &#8222;salami uscat&#8221; (date CIQUAL 2017).<\/p>\n<h3>Ingrediente<\/h3>\n<p>Carne de porc*, sare, conservan\u021bi: nitrit de sodiu \u0219i nitrat de potasiu, <em><strong>lactoz\u0103<\/strong><\/em>, <em><strong>lapte<\/strong><\/em> praf, zaharoz\u0103, dextroz\u0103, vin, condimente (piper, nuc\u0219oar\u0103), usturoi, fermenti. *Origine: \u021a\u0103rile UE. S-au folosit 180 g de carne de porc pentru a ob\u021bine 100 g de produs finit.<\/p>\n<p>Alergeni. <em><b>Lapte, lactoz\u0103.<\/b><\/em><\/p>\n<h3>Valori Nutri\u021bionale<\/h3>\n<table border=\"0\">\n<tbody>\n<tr>\n<th>Nutrien\u021bi<\/th>\n<th>Cantitate per 100 g<\/th>\n<th>Cantitate per 30 g<\/th>\n<\/tr>\n<tr>\n<td>Energie (kJ\/kcal)<\/td>\n<td>1108 \/ 264<\/td>\n<td>332 \/ 79<\/td>\n<\/tr>\n<tr>\n<td>Gr\u0103simi (g)<\/td>\n<td>12<\/td>\n<td>3,7<\/td>\n<\/tr>\n<tr>\n<td>din care saturate (g)<\/td>\n<td>4,3<\/td>\n<td>1,3<\/td>\n<\/tr>\n<tr>\n<td>Carbohidra\u021bi (g)<\/td>\n<td>2,7<\/td>\n<td>0,8<\/td>\n<\/tr>\n<tr>\n<td>din care zaharuri (g)<\/td>\n<td>1,5<\/td>\n<td>0,5<\/td>\n<\/tr>\n<tr>\n<td>Proteine (g)<\/td>\n<td>36<\/td>\n<td>11<\/td>\n<\/tr>\n<tr>\n<td>Sare (g)<\/td>\n<td>4,5<\/td>\n<td>1,3<\/td>\n<\/tr>\n<\/tbody>\n<\/table>\n","protected":false},"excerpt":{"rendered":"<p>Bucur\u0103-te de alternativa delicioas\u0103 \u0219i s\u0103n\u0103toas\u0103 a c\u00e2rna\u021bilor crud usca\u021bi GF, o gustare cu un con\u021binut sc\u0103zut de gr\u0103simi, bogat\u0103 \u00een proteine, perfect\u0103 pentru o diet\u0103 echilibrat\u0103 \u0219i f\u0103r\u0103 gluten.<\/p>\n<h2><\/h2>\n","protected":false},"featured_media":455,"comment_status":"open","ping_status":"closed","template":"","meta":[],"product_brand":[],"product_cat":[33],"product_tag":[],"class_list":{"0":"post-385","1":"product","2":"type-product","3":"status-publish","4":"has-post-thumbnail","6":"product_cat-gata-de-consum","8":"first","9":"instock","10":"taxable","11":"shipping-taxable","12":"product-type-simple"},"_links":{"self":[{"href":"https:\/\/metabolika.online\/ro\/wp-json\/wp\/v2\/product\/385","targetHints":{"allow":["GET"]}}],"collection":[{"href":"https:\/\/metabolika.online\/ro\/wp-json\/wp\/v2\/product"}],"about":[{"href":"https:\/\/metabolika.online\/ro\/wp-json\/wp\/v2\/types\/product"}],"replies":[{"embeddable":true,"href":"https:\/\/metabolika.online\/ro\/wp-json\/wp\/v2\/comments?post=385"}],"wp:featuredmedia":[{"embeddable":true,"href":"https:\/\/metabolika.online\/ro\/wp-json\/wp\/v2\/media\/455"}],"wp:attachment":[{"href":"https:\/\/metabolika.online\/ro\/wp-json\/wp\/v2\/media?parent=385"}],"wp:term":[{"taxonomy":"product_brand","embeddable":true,"href":"https:\/\/metabolika.online\/ro\/wp-json\/wp\/v2\/product_brand?post=385"},{"taxonomy":"product_cat","embeddable":true,"href":"https:\/\/metabolika.online\/ro\/wp-json\/wp\/v2\/product_cat?post=385"},{"taxonomy":"product_tag","embeddable":true,"href":"https:\/\/metabolika.online\/ro\/wp-json\/wp\/v2\/product_tag?post=385"}],"curies":[{"name":"wp","href":"https:\/\/api.w.org\/{rel}","templated":true}]}}