{"id":383,"date":"2024-02-17T19:46:37","date_gmt":"2024-02-17T18:46:37","guid":{"rendered":"https:\/\/metabolika.online\/?post_type=product&#038;p=2522"},"modified":"2024-06-08T18:28:21","modified_gmt":"2024-06-08T15:28:21","slug":"mini-baguettes","status":"publish","type":"product","link":"https:\/\/metabolika.online\/ro\/shop\/mini-baguettes\/","title":{"rendered":"Mini baghet\u0103 crocant\u0103 \ud83e\udd56 (5 unit\u0103\u021bi)"},"content":{"rendered":"<h3>Caracteristicile Produsului<\/h3>\n<ul>\n<li>Mini baghete crocante<\/li>\n<li>Con\u021binut ridicat de proteine<\/li>\n<li>Sc\u0103zut \u00een zaharuri \u0219i redus \u00een carbohidra\u021bi (-61%)*<\/li>\n<\/ul>\n<p>*Comparativ cu produsul de referin\u021b\u0103 &#8222;Bread Stick&#8221; (date CIQUAL 2020)<\/p>\n<h3>Ingrediente<\/h3>\n<p>Gluten de <em><strong>gr\u00e2u<\/strong><\/em>, f\u0103in\u0103 de <em><strong>gr\u00e2u<\/strong><\/em> moale, proteine izolate din <em><strong>soia<\/strong><\/em>, ulei de m\u0103sline extravirgin (13%), drojdie de bere, sare, drojdie natural\u0103 (con\u021bine: <em><strong>gluten<\/strong><\/em>), f\u0103in\u0103 de <em><strong>gr\u00e2u<\/strong><\/em> maltat\u0103, antioxidant: extract de rozmarin.<\/p>\n<p>Alergeni: <em><b>Gr\u00e2u, soia, gluten.<\/b><\/em>\u00a0Poate con\u021bine urme de: susan.<\/p>\n<h3>Valori Nutri\u021bionale<\/h3>\n<table border=\"0\">\n<tbody>\n<tr>\n<th>Nutrien\u021bi<\/th>\n<th>Cantitate per 100 g<\/th>\n<th>Cantitate per 22 g<\/th>\n<\/tr>\n<tr>\n<td>Energie (kJ\/kcal)<\/td>\n<td>1864 \/ 443<\/td>\n<td>410 \/ 97<\/td>\n<\/tr>\n<tr>\n<td>Gr\u0103simi (g)<\/td>\n<td>14<\/td>\n<td>3,1<\/td>\n<\/tr>\n<tr>\n<td>din care saturate (g)<\/td>\n<td>2,0<\/td>\n<td>0,4<\/td>\n<\/tr>\n<tr>\n<td>Carbohidra\u021bi (g)<\/td>\n<td>26<\/td>\n<td>5,7<\/td>\n<\/tr>\n<tr>\n<td>din care zaharuri (g)<\/td>\n<td>0,9<\/td>\n<td>0,2<\/td>\n<\/tr>\n<tr>\n<td>Fibre (g)<\/td>\n<td>2,5<\/td>\n<td>0,6<\/td>\n<\/tr>\n<tr>\n<td>Proteine (g)<\/td>\n<td>52<\/td>\n<td>11<\/td>\n<\/tr>\n<tr>\n<td>Sare (g)<\/td>\n<td>1,3<\/td>\n<td>0,29<\/td>\n<\/tr>\n<\/tbody>\n<\/table>\n","protected":false},"excerpt":{"rendered":"<p>Bucur\u0103-te de pl\u0103cerea crocant\u0103 a mini baghetelor noastre, o op\u021biune s\u0103n\u0103toas\u0103 \u0219i gustoas\u0103 pentru orice moment. Bogate \u00een proteine \u0219i cu un con\u021binut sc\u0103zut de carbihidra\u021bi, aceste mini baghete sunt perfecte pentru o diet\u0103 echilibrat\u0103.<\/p>\n","protected":false},"featured_media":381,"comment_status":"open","ping_status":"closed","template":"","meta":[],"product_brand":[],"product_cat":[33],"product_tag":[],"class_list":{"0":"post-383","1":"product","2":"type-product","3":"status-publish","4":"has-post-thumbnail","6":"product_cat-gata-de-consum","8":"first","9":"instock","10":"taxable","11":"shipping-taxable","12":"product-type-simple"},"_links":{"self":[{"href":"https:\/\/metabolika.online\/ro\/wp-json\/wp\/v2\/product\/383","targetHints":{"allow":["GET"]}}],"collection":[{"href":"https:\/\/metabolika.online\/ro\/wp-json\/wp\/v2\/product"}],"about":[{"href":"https:\/\/metabolika.online\/ro\/wp-json\/wp\/v2\/types\/product"}],"replies":[{"embeddable":true,"href":"https:\/\/metabolika.online\/ro\/wp-json\/wp\/v2\/comments?post=383"}],"wp:featuredmedia":[{"embeddable":true,"href":"https:\/\/metabolika.online\/ro\/wp-json\/wp\/v2\/media\/381"}],"wp:attachment":[{"href":"https:\/\/metabolika.online\/ro\/wp-json\/wp\/v2\/media?parent=383"}],"wp:term":[{"taxonomy":"product_brand","embeddable":true,"href":"https:\/\/metabolika.online\/ro\/wp-json\/wp\/v2\/product_brand?post=383"},{"taxonomy":"product_cat","embeddable":true,"href":"https:\/\/metabolika.online\/ro\/wp-json\/wp\/v2\/product_cat?post=383"},{"taxonomy":"product_tag","embeddable":true,"href":"https:\/\/metabolika.online\/ro\/wp-json\/wp\/v2\/product_tag?post=383"}],"curies":[{"name":"wp","href":"https:\/\/api.w.org\/{rel}","templated":true}]}}