{"id":378,"date":"2024-02-17T19:46:38","date_gmt":"2024-02-17T18:46:38","guid":{"rendered":"https:\/\/metabolika.online\/?post_type=product&#038;p=2524"},"modified":"2024-06-08T18:27:18","modified_gmt":"2024-06-08T15:27:18","slug":"dark-chocolate-protein-bites-gf","status":"publish","type":"product","link":"https:\/\/metabolika.online\/ro\/shop\/dark-chocolate-protein-bites-gf\/","title":{"rendered":"Snacks-uri proteice de ciocolat\u0103 neagr\u0103 GF \ud83c\udf6b (5 unit\u0103\u021bi)"},"content":{"rendered":"<h3>Caracteristicile Produsului<\/h3>\n<ul>\n<li>Buc\u0103\u021bi de ciocolat\u0103 neagr\u0103 cu un con\u021binut ridicat de proteine \u0219i sc\u0103zut \u00een zaharuri<\/li>\n<li>Ideal pentru un snack nutritiv \u0219i delicios<\/li>\n<\/ul>\n<h3>Ingrediente<\/h3>\n<p>Ciocolat\u0103 neagr\u0103 cu \u00eendulcitor (past\u0103 de cacao, \u00eendulcitor: maltitol, unt de cacao, emulsifiant: lecitin\u0103 de <em><strong>soia<\/strong><\/em>, arom\u0103), fulgi de <em><strong>soia<\/strong><\/em> (proteine izolate din <em><strong>soia<\/strong><\/em>, cacao, amidon de tapioca), concentrat de proteine din <em><strong>soia<\/strong><\/em>. Consumul excesiv poate avea efecte laxative.<\/p>\n<p>Alergeni:<em><strong> soia<\/strong><\/em><\/p>\n<h3>Valori Nutri\u021bionale Medii<\/h3>\n<table border=\"0\">\n<tbody>\n<tr>\n<th>Nutrien\u021bi<\/th>\n<th>Cantitate per 100 g<\/th>\n<th>Cantitate per 24 g<\/th>\n<\/tr>\n<tr>\n<td>Energie (kJ\/kcal)<\/td>\n<td>1781 \/ 428<\/td>\n<td>427 \/ 103<\/td>\n<\/tr>\n<tr>\n<td>Gr\u0103simi (g)<\/td>\n<td>23<\/td>\n<td>5,5<\/td>\n<\/tr>\n<tr>\n<td>din care saturate (g)<\/td>\n<td>13<\/td>\n<td>3,2<\/td>\n<\/tr>\n<tr>\n<td>Carbohidra\u021bi (g)<\/td>\n<td>30<\/td>\n<td>7,1<\/td>\n<\/tr>\n<tr>\n<td>din care zaharuri (g)<\/td>\n<td>1,9<\/td>\n<td>0,5<\/td>\n<\/tr>\n<tr>\n<td>din care polioli (g)<\/td>\n<td>26<\/td>\n<td>6,2<\/td>\n<\/tr>\n<tr>\n<td>Fibre (g)<\/td>\n<td>9,1<\/td>\n<td>2,2<\/td>\n<\/tr>\n<tr>\n<td>Proteine (g)<\/td>\n<td>31<\/td>\n<td>7,5<\/td>\n<\/tr>\n<tr>\n<td>Sare (g)<\/td>\n<td>0,43<\/td>\n<td>0,10<\/td>\n<\/tr>\n<\/tbody>\n<\/table>\n","protected":false},"excerpt":{"rendered":"<p>R\u0103sf\u0103\u021b\u0103-te cu gustul bogat al gust\u0103rilor cu proteine din ciocolat\u0103 neagr\u0103 GF, o gustare delicioas\u0103 care combin\u0103 pl\u0103cerea ciocolatei negre cu beneficiile proteinelor. Perfect pentru a-\u021bi satisface pofta de dulce \u00een timp ce \u00ee\u021bi men\u021bii obiectivele de fitness.<\/p>\n","protected":false},"featured_media":377,"comment_status":"open","ping_status":"closed","template":"","meta":[],"product_brand":[],"product_cat":[33],"product_tag":[],"class_list":{"0":"post-378","1":"product","2":"type-product","3":"status-publish","4":"has-post-thumbnail","6":"product_cat-gata-de-consum","8":"first","9":"instock","10":"taxable","11":"shipping-taxable","12":"product-type-simple"},"_links":{"self":[{"href":"https:\/\/metabolika.online\/ro\/wp-json\/wp\/v2\/product\/378","targetHints":{"allow":["GET"]}}],"collection":[{"href":"https:\/\/metabolika.online\/ro\/wp-json\/wp\/v2\/product"}],"about":[{"href":"https:\/\/metabolika.online\/ro\/wp-json\/wp\/v2\/types\/product"}],"replies":[{"embeddable":true,"href":"https:\/\/metabolika.online\/ro\/wp-json\/wp\/v2\/comments?post=378"}],"wp:featuredmedia":[{"embeddable":true,"href":"https:\/\/metabolika.online\/ro\/wp-json\/wp\/v2\/media\/377"}],"wp:attachment":[{"href":"https:\/\/metabolika.online\/ro\/wp-json\/wp\/v2\/media?parent=378"}],"wp:term":[{"taxonomy":"product_brand","embeddable":true,"href":"https:\/\/metabolika.online\/ro\/wp-json\/wp\/v2\/product_brand?post=378"},{"taxonomy":"product_cat","embeddable":true,"href":"https:\/\/metabolika.online\/ro\/wp-json\/wp\/v2\/product_cat?post=378"},{"taxonomy":"product_tag","embeddable":true,"href":"https:\/\/metabolika.online\/ro\/wp-json\/wp\/v2\/product_tag?post=378"}],"curies":[{"name":"wp","href":"https:\/\/api.w.org\/{rel}","templated":true}]}}