{"id":374,"date":"2024-02-17T19:46:37","date_gmt":"2024-02-17T18:46:37","guid":{"rendered":"https:\/\/metabolika.online\/?post_type=product&#038;p=2513"},"modified":"2024-06-08T18:25:32","modified_gmt":"2024-06-08T15:25:32","slug":"desert-dulce-de-leche","status":"publish","type":"product","link":"https:\/\/metabolika.online\/ro\/shop\/desert-dulce-de-leche\/","title":{"rendered":"Desert Dulce de Leche  \ud83c\udf6e (7 unit\u0103\u021bi)"},"content":{"rendered":"<h3>Caracteristicile Produsului<\/h3>\n<p>Desert de dulce de leche:<\/p>\n<ul>\n<li>Bogat \u00een proteine<\/li>\n<li>Sc\u0103zut \u00een gr\u0103simi \/ Redus \u00een gr\u0103simi (-95%)*<\/li>\n<li>Sc\u0103zut \u00een zaharuri<\/li>\n<li>Redus \u00een carbohidra\u021bi (-94%)*<\/li>\n<\/ul>\n<p>*Calculat \u00een compara\u021bie cu produsul de referin\u021b\u0103 &#8222;Desert mediu&#8221; (tabelul francez de compozi\u021bie a alimentelor ANSES-CIQUAL versiunea 2020).<\/p>\n<h3>Instruc\u021biuni de Utilizare<\/h3>\n<p>Ad\u0103ug\u0103 150 ml de ap\u0103 rece la 25 grame de pudr\u0103 \u0219i amestec\u0103 p\u00e2n\u0103 c\u00e2nd este complet omogenizat. R\u0103ce\u0219te pentru c\u00e2teva minute pentru rehidratare. Consum\u0103 \u00een ora urm\u0103toare rehidrat\u0103rii.<\/p>\n<h3>Ingrediente<\/h3>\n<p>Proteine din <em><strong>lapte<\/strong><\/em> (emulsifiant: lecitine), <em><strong>crem\u0103<\/strong><\/em> \u00een pudr\u0103, fructoz\u0103, polidextroz\u0103, sare, \u00eengro\u0219\u0103tor: carragenan \u0219i gum\u0103 xantan, amidon modificat, arom\u0103 natural\u0103, colorant: caramel, antiaglomeran\u021bi: carbona\u021bi de potasiu \u0219i magneziu, vitamine (C, B3, E, B5, B6, B2, B1, A, B9, B8, B12), maltodextrin\u0103, \u00eendulcitor: sucraloz\u0103.<\/p>\n<p>Alergeni. <b><em>Lapte<\/em>. <\/b>Poate con\u021bine urme de: gluten, crustacee, ou\u0103, pe\u0219te, soia, nuci, \u021belin\u0103.<\/p>\n<h3>Tabel Nutri\u021bional<\/h3>\n<table border=\"0\">\n<tbody>\n<tr>\n<th>Nutrien\u021bi<\/th>\n<th>Cantitate per 100 g<\/th>\n<th>Cantitate per 25 g<\/th>\n<\/tr>\n<tr>\n<td>Energie (kJ\/kcal)<\/td>\n<td>1576 \/ 372<\/td>\n<td>394 \/ 93<\/td>\n<\/tr>\n<tr>\n<td>Gr\u0103simi (g)<\/td>\n<td>4,0<\/td>\n<td>1,0<\/td>\n<\/tr>\n<tr>\n<td>din care saturate (g)<\/td>\n<td>2,5<\/td>\n<td>0,6<\/td>\n<\/tr>\n<tr>\n<td>Carbohidra\u021bi (g)<\/td>\n<td>13<\/td>\n<td>3,2<\/td>\n<\/tr>\n<tr>\n<td>din care zaharuri (g)<\/td>\n<td>10<\/td>\n<td>2,5<\/td>\n<\/tr>\n<tr>\n<td>Fibre (g)<\/td>\n<td>3,8<\/td>\n<td>0,9<\/td>\n<\/tr>\n<tr>\n<td>Proteine (g)<\/td>\n<td>69<\/td>\n<td>17<\/td>\n<\/tr>\n<tr>\n<td>Sare (g)<\/td>\n<td>2,0<\/td>\n<td>0,49<\/td>\n<\/tr>\n<\/tbody>\n<\/table>\n<h3>Minerale<\/h3>\n<table border=\"0\">\n<tbody>\n<tr>\n<th>Minerale (Unitate)<\/th>\n<th>Cantitate (100 g)<\/th>\n<th>Cantitate (25 g)<\/th>\n<th>% VRN (25 g)<\/th>\n<\/tr>\n<tr>\n<td>Sodiu (mg)<\/td>\n<td>787<\/td>\n<td>197<\/td>\n<td>&#8211;<\/td>\n<\/tr>\n<tr>\n<td>Potasiu (mg)<\/td>\n<td>337<\/td>\n<td>84<\/td>\n<td>4%<\/td>\n<\/tr>\n<tr>\n<td>Calciu (mg)<\/td>\n<td>1090<\/td>\n<td>273<\/td>\n<td>34%<\/td>\n<\/tr>\n<tr>\n<td>Fosfor (mg)<\/td>\n<td>575<\/td>\n<td>144<\/td>\n<td>21%<\/td>\n<\/tr>\n<tr>\n<td>Magneziu (mg)<\/td>\n<td>210<\/td>\n<td>52,5<\/td>\n<td>14%<\/td>\n<\/tr>\n<\/tbody>\n<\/table>\n<h3>Vitamine<\/h3>\n<table border=\"0\">\n<tbody>\n<tr>\n<th>Vitamine (Unitate)<\/th>\n<th>Cantitate (100 g)<\/th>\n<th>Cantitate (25 g)<\/th>\n<th>% VRN (25 g)<\/th>\n<\/tr>\n<tr>\n<td>Vitamina A (\u00b5g)<\/td>\n<td>480<\/td>\n<td>120<\/td>\n<td>15%<\/td>\n<\/tr>\n<tr>\n<td>Vitamina C (mg)<\/td>\n<td>48<\/td>\n<td>12,0<\/td>\n<td>15%<\/td>\n<\/tr>\n<tr>\n<td>Vitamina E (mg)<\/td>\n<td>7,2<\/td>\n<td>1,8<\/td>\n<td>15%<\/td>\n<\/tr>\n<tr>\n<td>Vitamina B1\/Thiamina (mg)<\/td>\n<td>0,7<\/td>\n<td>0,17<\/td>\n<td>15%<\/td>\n<\/tr>\n<tr>\n<td>Vitamina B2\/Riboflavina (mg)<\/td>\n<td>0,8<\/td>\n<td>0,21<\/td>\n<td>15%<\/td>\n<\/tr>\n<tr>\n<td>Vitamina B3\/Niacina (mg)<\/td>\n<td>9,6<\/td>\n<td>2,40<\/td>\n<td>15%<\/td>\n<\/tr>\n<tr>\n<td>Vitamina B5\/Acid pantotenic (mg)<\/td>\n<td>3,6<\/td>\n<td>0,90<\/td>\n<td>15%<\/td>\n<\/tr>\n<tr>\n<td>Vitamina B6 (mg)<\/td>\n<td>0,8<\/td>\n<td>0,21<\/td>\n<td>15%<\/td>\n<\/tr>\n<tr>\n<td>Vitamina B8\/Biotina (\u00b5g)<\/td>\n<td>30<\/td>\n<td>7,5<\/td>\n<td>15%<\/td>\n<\/tr>\n<tr>\n<td>Vitamina B9\/Acid folic (\u00b5g)<\/td>\n<td>120<\/td>\n<td>30<\/td>\n<td>15%<\/td>\n<\/tr>\n<tr>\n<td>Vitamina B12 (\u00b5g)<\/td>\n<td>1,50<\/td>\n<td>0,38<\/td>\n<td>15%<\/td>\n<\/tr>\n<\/tbody>\n<\/table>\n<p>*Valor de Referin\u021b\u0103 Nutri\u021bionale conform Regulamentului (UE) nr.1169\/2011<\/p>\n","protected":false},"excerpt":{"rendered":"<p>Descoper\u0103 pl\u0103cerea dulce a desertului Dulce de Leche, un desert cremos \u0219i delicios cu o not\u0103 unic\u0103. Bogat \u00een proteine \u0219i cu un con\u021binut sc\u0103zut \u00een gr\u0103simi \u0219i carbohidra\u021bi, este r\u0103sf\u0103\u021bul ideal pentru cei care vor s\u0103 se bucure f\u0103r\u0103 remu\u0219c\u0103ri.<\/p>\n","protected":false},"featured_media":375,"comment_status":"open","ping_status":"closed","template":"","meta":[],"product_brand":[],"product_cat":[32],"product_tag":[],"class_list":{"0":"post-374","1":"product","2":"type-product","3":"status-publish","4":"has-post-thumbnail","6":"product_cat-deserturi","8":"first","9":"instock","10":"taxable","11":"shipping-taxable","12":"product-type-simple"},"_links":{"self":[{"href":"https:\/\/metabolika.online\/ro\/wp-json\/wp\/v2\/product\/374","targetHints":{"allow":["GET"]}}],"collection":[{"href":"https:\/\/metabolika.online\/ro\/wp-json\/wp\/v2\/product"}],"about":[{"href":"https:\/\/metabolika.online\/ro\/wp-json\/wp\/v2\/types\/product"}],"replies":[{"embeddable":true,"href":"https:\/\/metabolika.online\/ro\/wp-json\/wp\/v2\/comments?post=374"}],"wp:featuredmedia":[{"embeddable":true,"href":"https:\/\/metabolika.online\/ro\/wp-json\/wp\/v2\/media\/375"}],"wp:attachment":[{"href":"https:\/\/metabolika.online\/ro\/wp-json\/wp\/v2\/media?parent=374"}],"wp:term":[{"taxonomy":"product_brand","embeddable":true,"href":"https:\/\/metabolika.online\/ro\/wp-json\/wp\/v2\/product_brand?post=374"},{"taxonomy":"product_cat","embeddable":true,"href":"https:\/\/metabolika.online\/ro\/wp-json\/wp\/v2\/product_cat?post=374"},{"taxonomy":"product_tag","embeddable":true,"href":"https:\/\/metabolika.online\/ro\/wp-json\/wp\/v2\/product_tag?post=374"}],"curies":[{"name":"wp","href":"https:\/\/api.w.org\/{rel}","templated":true}]}}