{"id":372,"date":"2024-02-17T19:46:37","date_gmt":"2024-02-17T18:46:37","guid":{"rendered":"https:\/\/metabolika.online\/?post_type=product&#038;p=2517"},"modified":"2024-06-08T18:25:39","modified_gmt":"2024-06-08T15:25:39","slug":"clatite-cu-fulgi-de-mere-si-aroma-de-caramel","status":"publish","type":"product","link":"https:\/\/metabolika.online\/ro\/shop\/clatite-cu-fulgi-de-mere-si-aroma-de-caramel\/","title":{"rendered":"Cl\u0103tite cu fulgi de mere \u0219i gust de caramel \ud83c\udf4f\ud83c\udf6e (7 unit\u0103\u021bi)"},"content":{"rendered":"<h3>Caracteristicile Produsului<\/h3>\n<p>Cl\u0103tit\u0103 cu arom\u0103 de m\u0103r \u0219i caramel:<\/p>\n<ul>\n<li>Bogat\u0103 \u00een proteine<\/li>\n<li>Sc\u0103zut\u0103 \u00een gr\u0103simi \/ Redus\u0103 \u00een gr\u0103simi (-88%)*<\/li>\n<li>Sc\u0103zut\u0103 \u00een zaharuri \/ Redus\u0103 \u00een zaharuri (-91%)*<\/li>\n<li>Redus\u0103 \u00een carbohidra\u021bi (-91%)*<\/li>\n<li>Reducere energetic\u0103 de 76% &#8211; mai pu\u021bine gr\u0103simi \u0219i carbohidra\u021bi<\/li>\n<li>*Comparat cu produsul de referin\u021b\u0103 &#8222;Cl\u0103tit\u0103 umplut\u0103 cu zah\u0103r ambalat\u0103&#8221; (date CIQUAL 2020)<\/li>\n<\/ul>\n<h3>Instruc\u021biuni de utilizare<\/h3>\n<p>Ad\u0103ug\u0103 75 ml de ap\u0103 la 25 grame de pudr\u0103, amestec\u0103 p\u00e2n\u0103 c\u00e2nd este complet omogenizat \u0219i g\u0103te\u0219te la foc mic \u00eentr-o tigaie antiaderent\u0103. Consum\u0103 \u00een ora urm\u0103toare rehidrat\u0103rii.<\/p>\n<h3>Ingrediente<\/h3>\n<p>Albu\u0219 de <em><strong>ou<\/strong><\/em> \u0219i g\u0103lbenu\u0219, <em><strong>gluten<\/strong><\/em> de gr\u00e2u, proteine din <em><strong>lapte<\/strong><\/em> (emulsifiant: lecitine [<em><strong>soia<\/strong><\/em>]), f\u0103in\u0103 de <em><strong>gr\u00e2u<\/strong><\/em>, zaharoz\u0103, fulgi de m\u0103r (m\u0103r, zaharoz\u0103, amidon de porumb) (2,5%), agen\u021bi de af\u00e2nare: difosfa\u021bi \u0219i carbona\u021bi de sodiu (con\u021bin: <em><strong>gr\u00e2u<\/strong><\/em>), arome, antiaglomerant: carbonat de magneziu, vitamine (C, E, B3, A, B5, B12, B6, B1, B2, B9, B8), maltodextrin\u0103.<\/p>\n<p>Alergeni. <b><em>Ou, gr\u00e2u, lapte, soia<\/em>. <\/b>Poate con\u021bine urme de: crustacee, pe\u0219te, nuci, \u021belin\u0103.<\/p>\n<h3>Tabel Nutri\u021bional<\/h3>\n<table border=\"0\">\n<tbody>\n<tr>\n<th>Nutrien\u021bi<\/th>\n<th>Cantitate per 100 g<\/th>\n<th>Cantitate per 25 g<\/th>\n<\/tr>\n<tr>\n<td>Energie (kJ\/kcal)<\/td>\n<td>1661 \/ 393<\/td>\n<td>415 \/ 98<\/td>\n<\/tr>\n<tr>\n<td>Gr\u0103simi (g)<\/td>\n<td>7,7<\/td>\n<td>1,9<\/td>\n<\/tr>\n<tr>\n<td>din care saturate (g)<\/td>\n<td>2,3<\/td>\n<td>0,6<\/td>\n<\/tr>\n<tr>\n<td>Carbohidra\u021bi (g)<\/td>\n<td>20<\/td>\n<td>5,0<\/td>\n<\/tr>\n<tr>\n<td>din care zaharuri (g)<\/td>\n<td>11<\/td>\n<td>2,7<\/td>\n<\/tr>\n<tr>\n<td>Fibre (g)<\/td>\n<td>0,8<\/td>\n<td>0,2<\/td>\n<\/tr>\n<tr>\n<td>Proteine (g)<\/td>\n<td>61<\/td>\n<td>15<\/td>\n<\/tr>\n<tr>\n<td>Sare (g)<\/td>\n<td>1,1<\/td>\n<td>0,27<\/td>\n<\/tr>\n<\/tbody>\n<\/table>\n<h3>Minerale<\/h3>\n<table border=\"0\">\n<tbody>\n<tr>\n<th>Minerale (Unitate)<\/th>\n<th>Cantitate (100 g)<\/th>\n<th>Cantitate (25 g)<\/th>\n<th>% VRN (25 g)<\/th>\n<\/tr>\n<tr>\n<td>Sodiu (mg)<\/td>\n<td>430<\/td>\n<td>108<\/td>\n<td>\/<\/td>\n<\/tr>\n<tr>\n<td>Potasiu (mg)<\/td>\n<td>254<\/td>\n<td>63,4<\/td>\n<td>3%<\/td>\n<\/tr>\n<tr>\n<td>Calciu (mg)<\/td>\n<td>429<\/td>\n<td>107<\/td>\n<td>13%<\/td>\n<\/tr>\n<tr>\n<td>Fosfor (mg)<\/td>\n<td>448<\/td>\n<td>112<\/td>\n<td>16%<\/td>\n<\/tr>\n<tr>\n<td>Magneziu (mg)<\/td>\n<td>151<\/td>\n<td>37,8<\/td>\n<td>10%<\/td>\n<\/tr>\n<\/tbody>\n<\/table>\n<h3>Vitamine<\/h3>\n<table border=\"0\">\n<tbody>\n<tr>\n<th>Vitamine (Unitate)<\/th>\n<th>Cantitate (100 g)<\/th>\n<th>Cantitate (25 g)<\/th>\n<th>% VRN (25 g)<\/th>\n<\/tr>\n<tr>\n<td>Vitamina A (\u00b5g)<\/td>\n<td>487<\/td>\n<td>122<\/td>\n<td>15%<\/td>\n<\/tr>\n<tr>\n<td>Vitamina C (mg)<\/td>\n<td>48<\/td>\n<td>12<\/td>\n<td>15%<\/td>\n<\/tr>\n<tr>\n<td>Vitamina E (mg)<\/td>\n<td>8,1<\/td>\n<td>2,0<\/td>\n<td>17%<\/td>\n<\/tr>\n<tr>\n<td>Vitamina B1\/Tiamina (mg)<\/td>\n<td>0,7<\/td>\n<td>0,2<\/td>\n<td>15%<\/td>\n<\/tr>\n<tr>\n<td>Vitamina B2\/Riboflavina (mg)<\/td>\n<td>1,6<\/td>\n<td>0,4<\/td>\n<td>29%<\/td>\n<\/tr>\n<tr>\n<td>Vitamina B3\/Niacina (mg)<\/td>\n<td>9,6<\/td>\n<td>2,4<\/td>\n<td>15%<\/td>\n<\/tr>\n<tr>\n<td>Vitamina B5\/Acid pantotenic (mg)<\/td>\n<td>4,9<\/td>\n<td>1,2<\/td>\n<td>20%<\/td>\n<\/tr>\n<tr>\n<td>Vitamina B6 (mg)<\/td>\n<td>0,9<\/td>\n<td>0,2<\/td>\n<td>17%<\/td>\n<\/tr>\n<tr>\n<td>Vitamina B8\/Biotina (\u00b5g)<\/td>\n<td>39<\/td>\n<td>9,8<\/td>\n<td>20%<\/td>\n<\/tr>\n<tr>\n<td>Vitamina B9\/Acid folic (\u00b5g)<\/td>\n<td>179<\/td>\n<td>44,8<\/td>\n<td>22%<\/td>\n<\/tr>\n<tr>\n<td>Vitamina B12 (\u00b5g)<\/td>\n<td>2,1<\/td>\n<td>0,5<\/td>\n<td>21%<\/td>\n<\/tr>\n<\/tbody>\n<\/table>\n<p>*Valoarea de Referin\u021b\u0103 Nutri\u021bional\u0103 conform Regulamentului (UE) nr.1169\/2011<\/p>\n","protected":false},"excerpt":{"rendered":"<p>Descoper\u0103 gustul irezistibil al cl\u0103titei noastre cu mere \u0219i caramel, o op\u021biune delicioas\u0103 pentru un mic dejun sau o gustare s\u0103n\u0103toas\u0103. Bogat\u0103 \u00een proteine \u0219i cu un con\u021binut sc\u0103zut de gr\u0103simi \u0219i carbohidra\u021bi, este perfect\u0103 pentru un r\u0103sf\u0103\u021b dulce f\u0103r\u0103 vin\u0103.<\/p>\n","protected":false},"featured_media":348,"comment_status":"open","ping_status":"closed","template":"","meta":[],"product_brand":[],"product_cat":[32],"product_tag":[],"class_list":{"0":"post-372","1":"product","2":"type-product","3":"status-publish","4":"has-post-thumbnail","6":"product_cat-deserturi","8":"first","9":"instock","10":"taxable","11":"shipping-taxable","12":"product-type-simple"},"_links":{"self":[{"href":"https:\/\/metabolika.online\/ro\/wp-json\/wp\/v2\/product\/372","targetHints":{"allow":["GET"]}}],"collection":[{"href":"https:\/\/metabolika.online\/ro\/wp-json\/wp\/v2\/product"}],"about":[{"href":"https:\/\/metabolika.online\/ro\/wp-json\/wp\/v2\/types\/product"}],"replies":[{"embeddable":true,"href":"https:\/\/metabolika.online\/ro\/wp-json\/wp\/v2\/comments?post=372"}],"wp:featuredmedia":[{"embeddable":true,"href":"https:\/\/metabolika.online\/ro\/wp-json\/wp\/v2\/media\/348"}],"wp:attachment":[{"href":"https:\/\/metabolika.online\/ro\/wp-json\/wp\/v2\/media?parent=372"}],"wp:term":[{"taxonomy":"product_brand","embeddable":true,"href":"https:\/\/metabolika.online\/ro\/wp-json\/wp\/v2\/product_brand?post=372"},{"taxonomy":"product_cat","embeddable":true,"href":"https:\/\/metabolika.online\/ro\/wp-json\/wp\/v2\/product_cat?post=372"},{"taxonomy":"product_tag","embeddable":true,"href":"https:\/\/metabolika.online\/ro\/wp-json\/wp\/v2\/product_tag?post=372"}],"curies":[{"name":"wp","href":"https:\/\/api.w.org\/{rel}","templated":true}]}}