{"id":371,"date":"2024-02-17T19:46:37","date_gmt":"2024-02-17T18:46:37","guid":{"rendered":"https:\/\/metabolika.online\/?post_type=product&#038;p=2516"},"modified":"2024-06-08T18:28:16","modified_gmt":"2024-06-08T15:28:16","slug":"clatite","status":"publish","type":"product","link":"https:\/\/metabolika.online\/ro\/shop\/clatite\/","title":{"rendered":"Cl\u0103tite  \ud83e\udd5e (7 unit\u0103\u021bi)"},"content":{"rendered":"<h3>Caracteristicile Produsului<\/h3>\n<p>Amestec pentru cl\u0103tite:<\/p>\n<ul>\n<li>Bogat \u00een proteine<\/li>\n<li>Sc\u0103zut \u00een gr\u0103simi \/ Redus \u00een gr\u0103simi (-93%)*<\/li>\n<li>Sc\u0103zut \u00een zaharuri<\/li>\n<li>Redus \u00een carbohidra\u021bi (-85%)*<\/li>\n<\/ul>\n<p>*Comparat cu produsul de referin\u021b\u0103 &#8222;Blini&#8221; (tabelul de compozi\u021bie a alimentelor ANSES-CIQUAL versiunea 2020)<\/p>\n<h3>Instruc\u021biuni de utilizare<\/h3>\n<p>Ad\u0103ug\u0103 75 ml de ap\u0103 la 25 grame de pudr\u0103, amestec\u0103 p\u00e2n\u0103 c\u00e2nd este complet omogenizat, l\u0103s\u0103 s\u0103 se rehidrateze c\u00e2teva minute \u0219i g\u0103te\u0219te la foc mic \u00eentr-o tigaie antiaderent\u0103 2 sau 3 minute pe fiecare parte. Consum\u0103 \u00een ora urm\u0103toare rehidrat\u0103rii.<\/p>\n<h3>Ingrediente<\/h3>\n<p>Proteine din <em><strong>lapte<\/strong><\/em> (emulsifiant: lecitine), albu\u0219 de <em><strong>ou<\/strong><\/em> \u00een pudr\u0103, gluten de <em><strong>gr\u00e2u<\/strong><\/em>, f\u0103in\u0103 de <em><strong>gr\u00e2u<\/strong><\/em>, zaharoz\u0103, fibr\u0103 de gr\u00e2u, \u00eengro\u0219\u0103tori: gum\u0103 guar \u0219i gum\u0103 xantan, emulsifian\u021bi: difosfa\u021bi \u0219i carbona\u021bi de sodiu (con\u021bine: <em><strong>gr\u00e2u<\/strong><\/em>), arome, sare, minerale din <em><strong>lapte<\/strong><\/em>, vitamine (C, E, B3, A, B5, B12, B6, B1, B2, B9, B8), maltodextrin\u0103.<\/p>\n<p>Alergeni. <b><em>Lapte, ou, gr\u00e2u<\/em>. <\/b>Pot con\u021bine urme de: crustacee, pe\u0219te, soia, nuci, \u021belin\u0103.<\/p>\n<h3>Tabel Nutri\u021bional<\/h3>\n<table border=\"0\">\n<tbody>\n<tr>\n<th>Nutrien\u021bi<\/th>\n<th>Cantitate per 100 g<\/th>\n<th>Cantitate per 25 g<\/th>\n<\/tr>\n<tr>\n<td>Energie (kJ\/kcal)<\/td>\n<td>1505 \/ 356<\/td>\n<td>376 \/ 89<\/td>\n<\/tr>\n<tr>\n<td>Gr\u0103simi (g)<\/td>\n<td>3.0<\/td>\n<td>0.8<\/td>\n<\/tr>\n<tr>\n<td>din care saturate (g)<\/td>\n<td>1.4<\/td>\n<td>0.4<\/td>\n<\/tr>\n<tr>\n<td>Carbohidra\u021bi (g)<\/td>\n<td>2.0<\/td>\n<td>0.5<\/td>\n<\/tr>\n<tr>\n<td>din care zaharuri (g)<\/td>\n<td>0.8<\/td>\n<td>0.2<\/td>\n<\/tr>\n<tr>\n<td>Fibr\u0103 (g)<\/td>\n<td>5.2<\/td>\n<td>1.3<\/td>\n<\/tr>\n<tr>\n<td>Proteine (g)<\/td>\n<td>68.0<\/td>\n<td>17.0<\/td>\n<\/tr>\n<tr>\n<td>Sare (g)<\/td>\n<td>1.3<\/td>\n<td>0.33<\/td>\n<\/tr>\n<\/tbody>\n<\/table>\n<h3>Minerale<\/h3>\n<table border=\"0\">\n<tbody>\n<tr>\n<th>Minerale (Unitate)<\/th>\n<th>Cantitate (100 g)<\/th>\n<th>Cantitate (25 g)<\/th>\n<th>% VNR (25 g)<\/th>\n<\/tr>\n<tr>\n<td>Sodiu (mg)<\/td>\n<td>532<\/td>\n<td>133<\/td>\n<td>4%<\/td>\n<\/tr>\n<tr>\n<td>Potasiu (mg)<\/td>\n<td>792<\/td>\n<td>198<\/td>\n<td>21%<\/td>\n<\/tr>\n<tr>\n<td>Calciu (mg)<\/td>\n<td>658<\/td>\n<td>165<\/td>\n<td>19%<\/td>\n<\/tr>\n<tr>\n<td>Fosfor (mg)<\/td>\n<td>530<\/td>\n<td>133<\/td>\n<td>3%<\/td>\n<\/tr>\n<tr>\n<td>Magneziu (mg)<\/td>\n<td>520<\/td>\n<td>130<\/td>\n<td>&#8211;<\/td>\n<\/tr>\n<\/tbody>\n<\/table>\n<h3>Vitamine<\/h3>\n<table border=\"0\">\n<tbody>\n<tr>\n<th>Vitamine (Unitate)<\/th>\n<th>Cantitate (100 g)<\/th>\n<th>Cantitate (25 g)<\/th>\n<th>% VNR (25 g)<\/th>\n<\/tr>\n<tr>\n<td>Vitamina A (\u00b5g)<\/td>\n<td>480<\/td>\n<td>120<\/td>\n<td>15%<\/td>\n<\/tr>\n<tr>\n<td>Vitamina C (mg)<\/td>\n<td>48<\/td>\n<td>12<\/td>\n<td>15%<\/td>\n<\/tr>\n<tr>\n<td>Vitamina E (mg)<\/td>\n<td>7.2<\/td>\n<td>1.8<\/td>\n<td>15%<\/td>\n<\/tr>\n<tr>\n<td>Vitamina B1\/Thiamin (mg)<\/td>\n<td>0.7<\/td>\n<td>0.18<\/td>\n<td>15%<\/td>\n<\/tr>\n<tr>\n<td>Vitamina B2\/Riboflavin (mg)<\/td>\n<td>0.8<\/td>\n<td>0.2<\/td>\n<td>15%<\/td>\n<\/tr>\n<tr>\n<td>Vitamina B3\/Niacin (mg)<\/td>\n<td>9.6<\/td>\n<td>2.4<\/td>\n<td>15%<\/td>\n<\/tr>\n<tr>\n<td>Vitamina B5\/Acid pantotenic (mg)<\/td>\n<td>3.6<\/td>\n<td>0.9<\/td>\n<td>15%<\/td>\n<\/tr>\n<tr>\n<td>Vitamina B6 (mg)<\/td>\n<td>0.8<\/td>\n<td>0.2<\/td>\n<td>15%<\/td>\n<\/tr>\n<tr>\n<td>Vitamina B8\/Biotin (\u00b5g)<\/td>\n<td>30<\/td>\n<td>7.5<\/td>\n<td>15%<\/td>\n<\/tr>\n<tr>\n<td>Vitamina B9\/Acid folic (\u00b5g)<\/td>\n<td>120<\/td>\n<td>30<\/td>\n<td>15%<\/td>\n<\/tr>\n<tr>\n<td>Vitamina B12 (\u00b5g)<\/td>\n<td>1.5<\/td>\n<td>0.38<\/td>\n<td>15%<\/td>\n<\/tr>\n<\/tbody>\n<\/table>\n<p>*Valoarea de Referin\u021b\u0103 Nutri\u021bional\u0103 conform Regulamentului (UE) nr.1169\/2011<\/p>\n","protected":false},"excerpt":{"rendered":"<p>Bucur\u0103-te de gustul delicios al cl\u0103titelor noastre, o op\u021biune s\u0103n\u0103toas\u0103 \u0219i nutritiv\u0103 pentru micul dejun sau gustare. Bogat\u0103 \u00een proteine \u0219i cu un con\u021binut sc\u0103zut de gr\u0103simi \u0219i carbohidra\u021bi, este perfect\u0103 pentru a v\u0103 men\u021bine s\u0103tul \u0219i satisf\u0103cut.<\/p>\n","protected":false},"featured_media":351,"comment_status":"open","ping_status":"closed","template":"","meta":[],"product_brand":[],"product_cat":[32],"product_tag":[],"class_list":{"0":"post-371","1":"product","2":"type-product","3":"status-publish","4":"has-post-thumbnail","6":"product_cat-deserturi","8":"first","9":"instock","10":"taxable","11":"shipping-taxable","12":"product-type-simple"},"_links":{"self":[{"href":"https:\/\/metabolika.online\/ro\/wp-json\/wp\/v2\/product\/371","targetHints":{"allow":["GET"]}}],"collection":[{"href":"https:\/\/metabolika.online\/ro\/wp-json\/wp\/v2\/product"}],"about":[{"href":"https:\/\/metabolika.online\/ro\/wp-json\/wp\/v2\/types\/product"}],"replies":[{"embeddable":true,"href":"https:\/\/metabolika.online\/ro\/wp-json\/wp\/v2\/comments?post=371"}],"wp:featuredmedia":[{"embeddable":true,"href":"https:\/\/metabolika.online\/ro\/wp-json\/wp\/v2\/media\/351"}],"wp:attachment":[{"href":"https:\/\/metabolika.online\/ro\/wp-json\/wp\/v2\/media?parent=371"}],"wp:term":[{"taxonomy":"product_brand","embeddable":true,"href":"https:\/\/metabolika.online\/ro\/wp-json\/wp\/v2\/product_brand?post=371"},{"taxonomy":"product_cat","embeddable":true,"href":"https:\/\/metabolika.online\/ro\/wp-json\/wp\/v2\/product_cat?post=371"},{"taxonomy":"product_tag","embeddable":true,"href":"https:\/\/metabolika.online\/ro\/wp-json\/wp\/v2\/product_tag?post=371"}],"curies":[{"name":"wp","href":"https:\/\/api.w.org\/{rel}","templated":true}]}}