{"id":369,"date":"2024-02-17T19:46:36","date_gmt":"2024-02-17T18:46:36","guid":{"rendered":"https:\/\/metabolika.online\/?post_type=product&#038;p=2512"},"modified":"2024-06-08T18:25:51","modified_gmt":"2024-06-08T15:25:51","slug":"budinca-orez","status":"publish","type":"product","link":"https:\/\/metabolika.online\/ro\/shop\/budinca-orez\/","title":{"rendered":"Budinc\u0103 orez \ud83c\udf5a (7 unit\u0103\u021bi)"},"content":{"rendered":"<h3>Caracteristici ale Produsului<\/h3>\n<p>Amestec de orez cu lapte:<\/p>\n<ul>\n<li>Bogat \u00een proteine<\/li>\n<li>Sc\u0103zut \u00een gr\u0103simi \/ Redus \u00een gr\u0103simi (-92%)<\/li>\n<li>Sc\u0103zut \u00een zaharuri<\/li>\n<li>Redus \u00een carbohidra\u021bi (-76%)<\/li>\n<li>Reducere energetic\u0103 de 42% &#8211; mai pu\u021bine gr\u0103simi \u0219i carbohidra\u021bi<\/li>\n<\/ul>\n<p>*Calculat \u00een compara\u021bie cu produsul de referin\u021b\u0103 &#8222;Orez cu lapte, sec\u021biunea proasp\u0103t\u0103&#8221; (tabelul ANSES-CIQUAL de compozi\u021bie a alimentelor franceze versiunea 2020).<\/p>\n<h3>Instruc\u021biuni de utilizare<\/h3>\n<p>Ad\u0103ug\u0103 25 grame de pudr\u0103 la 100 ml de ap\u0103 \u0219i amestec\u0103 p\u00e2n\u0103 c\u00e2nd este complet omogenizat. \u00cenc\u0103lze\u0219te \u00een cuptorul cu microunde timp de 1 minut \u0219i l\u0103s\u0103 s\u0103 se r\u0103coreasc\u0103 timp de 15-20 de minute pentru rehidratare.<\/p>\n<h3>Ingrediente<\/h3>\n<p>Proteine din <em><strong>lapte<\/strong><\/em> (emulsifiant: lecitine), orez prefiert (22%), <em><strong>lapte<\/strong><\/em> degresat \u00een pudr\u0103 (6%), proteine texturate din <em><strong>gr\u00e2u<\/strong><\/em> (proteine din <em><strong>gr\u00e2u<\/strong><\/em>, amidon de <em><strong>gr\u00e2u<\/strong><\/em>), arome (con\u021bin: <em><strong>lapte<\/strong><\/em>), \u00eengro\u0219\u0103tor: gum\u0103 xantan, sare, maltodextrin\u0103, vanilie epuizat\u0103 \u00een pudr\u0103, antiaglomerant: carbonat de magneziu, \u00eendulcitor: aspartam, colorant: beta-caroten, vitamine (C, B3, E, B5, B6, B2, B1, A, B9, B8, B12).<\/p>\n<p>Alergeni. <b>Lapte, gr\u00e2u.<\/b> Poate con\u021bine urme de: ou\u0103, pe\u0219te, soia, nuci, \u021belin\u0103.<\/p>\n<h3>Tabel Nutri\u021bional<\/h3>\n<table border=\"0\">\n<tbody>\n<tr>\n<th>Nutrien\u021bi<\/th>\n<th>Cantitate per 100 g<\/th>\n<th>Cantitate per 25 g<\/th>\n<\/tr>\n<tr>\n<td>Energie (kJ\/kcal)<\/td>\n<td>1553 \/ 366<\/td>\n<td>388 \/ 91<\/td>\n<\/tr>\n<tr>\n<td>Gr\u0103simi (g)<\/td>\n<td>1,3<\/td>\n<td>0,3<\/td>\n<\/tr>\n<tr>\n<td>din care saturate (g)<\/td>\n<td>0,5<\/td>\n<td>0,1<\/td>\n<\/tr>\n<tr>\n<td>Carbohidra\u021bi (g)<\/td>\n<td>25<\/td>\n<td>6,3<\/td>\n<\/tr>\n<tr>\n<td>din care zaharuri (g)<\/td>\n<td>4,3<\/td>\n<td>1,1<\/td>\n<\/tr>\n<tr>\n<td>Fibre (g)<\/td>\n<td>2,0<\/td>\n<td>0,5<\/td>\n<\/tr>\n<tr>\n<td>Proteine (g)<\/td>\n<td>62<\/td>\n<td>16<\/td>\n<\/tr>\n<tr>\n<td>Sare (g)<\/td>\n<td>0,90<\/td>\n<td>0,23<\/td>\n<\/tr>\n<\/tbody>\n<\/table>\n<h3>Minerale<\/h3>\n<table border=\"0\">\n<tbody>\n<tr>\n<th>Minerale (Unitate)<\/th>\n<th>Cantitate (100 g)<\/th>\n<th>Cantitate (25 g)<\/th>\n<th>% VNR (25 g)<\/th>\n<\/tr>\n<tr>\n<td>Sodiu (mg)<\/td>\n<td>364<\/td>\n<td>91<\/td>\n<td>&#8211;<\/td>\n<\/tr>\n<tr>\n<td>Potasiu (mg)<\/td>\n<td>138<\/td>\n<td>35<\/td>\n<td>2%<\/td>\n<\/tr>\n<tr>\n<td>Calciu (mg)<\/td>\n<td>938<\/td>\n<td>235<\/td>\n<td>29%<\/td>\n<\/tr>\n<tr>\n<td>Fosfor (mg)<\/td>\n<td>499<\/td>\n<td>125<\/td>\n<td>18%<\/td>\n<\/tr>\n<tr>\n<td>Magneziu (mg)<\/td>\n<td>90<\/td>\n<td>23<\/td>\n<td>6%<\/td>\n<\/tr>\n<\/tbody>\n<\/table>\n<h3>Vitamine<\/h3>\n<table border=\"0\">\n<tbody>\n<tr>\n<th>Vitamine (Unitate)<\/th>\n<th>Cantitate (100 g)<\/th>\n<th>Cantitate (25 g)<\/th>\n<th>% VNR (25 g)<\/th>\n<\/tr>\n<tr>\n<td>Vitamina A (\u00b5g)<\/td>\n<td>480<\/td>\n<td>120<\/td>\n<td>15%<\/td>\n<\/tr>\n<tr>\n<td>Vitamina C (mg)<\/td>\n<td>48<\/td>\n<td>12<\/td>\n<td>15%<\/td>\n<\/tr>\n<tr>\n<td>Vitamina E (mg)<\/td>\n<td>7,2<\/td>\n<td>1,8<\/td>\n<td>15%<\/td>\n<\/tr>\n<tr>\n<td>Vitamina B1\/Tiamina (mg)<\/td>\n<td>0,7<\/td>\n<td>0,17<\/td>\n<td>15%<\/td>\n<\/tr>\n<tr>\n<td>Vitamina B2\/Riboflavina (mg)<\/td>\n<td>0,8<\/td>\n<td>0,21<\/td>\n<td>15%<\/td>\n<\/tr>\n<tr>\n<td>Vitamina B3\/Niacina (mg)<\/td>\n<td>9,6<\/td>\n<td>2,4<\/td>\n<td>15%<\/td>\n<\/tr>\n<tr>\n<td>Vitamina B5\/Acid pantotenic (mg)<\/td>\n<td>3,6<\/td>\n<td>0,9<\/td>\n<td>15%<\/td>\n<\/tr>\n<tr>\n<td>Vitamina B6 (mg)<\/td>\n<td>0,8<\/td>\n<td>0,2<\/td>\n<td>15%<\/td>\n<\/tr>\n<tr>\n<td>Vitamina B8\/Biotina (\u00b5g)<\/td>\n<td>30<\/td>\n<td>7,5<\/td>\n<td>15%<\/td>\n<\/tr>\n<tr>\n<td>Vitamina B9\/Acid folic (\u00b5g)<\/td>\n<td>120<\/td>\n<td>30<\/td>\n<td>15%<\/td>\n<\/tr>\n<tr>\n<td>Vitamina B12 (\u00b5g)<\/td>\n<td>1,50<\/td>\n<td>0,38<\/td>\n<td>15%<\/td>\n<\/tr>\n<\/tbody>\n<\/table>\n<p>*Valoarea de Referin\u021b\u0103 Nutri\u021bional\u0103 conform Regulamentului (UE) nr.1169\/2011<\/p>\n","protected":false},"excerpt":{"rendered":"<p>Cufund\u0103-te \u00een gustul cremos al budincii de orez, un amestec delicios de budinc\u0103 de orez \u00eembog\u0103\u021bit cu proteine.Cu un con\u021binut sc\u0103zut de gr\u0103simi \u0219i carbohidra\u021bi, acest desert este alegerea ideal\u0103 pentru cei care caut\u0103 o op\u021biune dulce nutritiv\u0103 \u0219i satisf\u0103c\u0103toare.<\/p>\n","protected":false},"featured_media":352,"comment_status":"open","ping_status":"closed","template":"","meta":[],"product_brand":[],"product_cat":[32],"product_tag":[],"class_list":{"0":"post-369","1":"product","2":"type-product","3":"status-publish","4":"has-post-thumbnail","6":"product_cat-deserturi","8":"first","9":"instock","10":"taxable","11":"shipping-taxable","12":"product-type-simple"},"_links":{"self":[{"href":"https:\/\/metabolika.online\/ro\/wp-json\/wp\/v2\/product\/369","targetHints":{"allow":["GET"]}}],"collection":[{"href":"https:\/\/metabolika.online\/ro\/wp-json\/wp\/v2\/product"}],"about":[{"href":"https:\/\/metabolika.online\/ro\/wp-json\/wp\/v2\/types\/product"}],"replies":[{"embeddable":true,"href":"https:\/\/metabolika.online\/ro\/wp-json\/wp\/v2\/comments?post=369"}],"wp:featuredmedia":[{"embeddable":true,"href":"https:\/\/metabolika.online\/ro\/wp-json\/wp\/v2\/media\/352"}],"wp:attachment":[{"href":"https:\/\/metabolika.online\/ro\/wp-json\/wp\/v2\/media?parent=369"}],"wp:term":[{"taxonomy":"product_brand","embeddable":true,"href":"https:\/\/metabolika.online\/ro\/wp-json\/wp\/v2\/product_brand?post=369"},{"taxonomy":"product_cat","embeddable":true,"href":"https:\/\/metabolika.online\/ro\/wp-json\/wp\/v2\/product_cat?post=369"},{"taxonomy":"product_tag","embeddable":true,"href":"https:\/\/metabolika.online\/ro\/wp-json\/wp\/v2\/product_tag?post=369"}],"curies":[{"name":"wp","href":"https:\/\/api.w.org\/{rel}","templated":true}]}}