{"id":365,"date":"2024-02-17T19:46:36","date_gmt":"2024-02-17T18:46:36","guid":{"rendered":"https:\/\/metabolika.online\/?post_type=product&#038;p=2507"},"modified":"2024-06-08T18:25:56","modified_gmt":"2024-06-08T15:25:56","slug":"crochete-cu-aroma-de-pui","status":"publish","type":"product","link":"https:\/\/metabolika.online\/ro\/shop\/crochete-cu-aroma-de-pui\/","title":{"rendered":"Crochete cu arom\u0103 de pui\ud83c\udf57 (7 unit\u0103\u021bi)"},"content":{"rendered":"<h3>Caracteristici ale Produsului<\/h3>\n<p>Amestec de nuggets cu gust de pui:<\/p>\n<ul>\n<li>Ridicat \u00een proteine<\/li>\n<li>Sc\u0103zut \u00een gr\u0103simi \/ Redus \u00een gr\u0103simi (-88%)<\/li>\n<li>Sc\u0103zut \u00een zaharuri<\/li>\n<li>Redus \u00een carbohidra\u021bi (-79%)<\/li>\n<li>Reducerea energetic\u0103 de 48% &#8211; Mai pu\u021bine gr\u0103simi \u0219i carbohidra\u021bi<\/li>\n<\/ul>\n<h3>Instruc\u021biuni de utilizare<\/h3>\n<p>Ad\u0103ug\u0103 25 g de pudr\u0103 la 40 ml de ap\u0103. Formeaz\u0103 2 bile \u0219i plaseaz\u0103-le pe o h\u00e2rtie de copt. Coace timp de 15 min \u00eentr-un cuptor pre\u00eenc\u0103lzit la 200\u00b0C. Consum\u0103 \u00een ora urm\u0103toare rehidrat\u0103rii.<\/p>\n<h3>Ingrediente<\/h3>\n<p>Proteine din <em><b>soia<\/b><\/em>, proteine din <em><b>lapte<\/b><\/em> (emulsifiant: lecitine), albu\u0219 de ou \u00een pulbere \u0219i g\u0103lbenu\u0219, arome (con\u021bine: <em><strong>lactoz\u0103,<\/strong> <b>gr\u00e2u<\/b><\/em>), f\u0103in\u0103 de <em><b>gr\u00e2u<\/b><\/em>, condimente \u0219i ierburi (ceap\u0103, p\u0103trunjel, turmeric, piper), ro\u0219ii, vitamine (C, B3, E, B5, B6, B2, B1, A, B9, B8, B12), maltodextrin\u0103.<\/p>\n<p>Alergeni. <b><em>Soia, lapte, ou, gr\u00e2u<\/em>. <\/b>Pot con\u021bine urme de: gluten, crustacee, pe\u0219te, nuci, \u021belin\u0103.<\/p>\n<h3>Tabel Nutri\u021bional<\/h3>\n<table border=\"0\">\n<tbody>\n<tr>\n<th>Nutrien\u021bi<\/th>\n<th>Cantitate pe 100 g<\/th>\n<th>Cantitate pe 25 g<\/th>\n<\/tr>\n<tr>\n<td>Energie (kJ\/kcal)<\/td>\n<td>1436 \/ 340<\/td>\n<td>359 \/ 85<\/td>\n<\/tr>\n<tr>\n<td>Gr\u0103simi (g)<\/td>\n<td>3,7<\/td>\n<td>0,9<\/td>\n<\/tr>\n<tr>\n<td>din care saturate (g)<\/td>\n<td>1,2<\/td>\n<td>0,3<\/td>\n<\/tr>\n<tr>\n<td>Carbohidra\u021bi (g)<\/td>\n<td>11<\/td>\n<td>2,7<\/td>\n<\/tr>\n<tr>\n<td>din care zaharuri (g)<\/td>\n<td>4,4<\/td>\n<td>1,1<\/td>\n<\/tr>\n<tr>\n<td>Fibre (g)<\/td>\n<td>8,8<\/td>\n<td>2,2<\/td>\n<\/tr>\n<tr>\n<td>Proteine (g)<\/td>\n<td>61<\/td>\n<td>15<\/td>\n<\/tr>\n<tr>\n<td>Sare (g)<\/td>\n<td>3,3<\/td>\n<td>0,82<\/td>\n<\/tr>\n<\/tbody>\n<\/table>\n<h3>Minerale<\/h3>\n<table border=\"0\">\n<tbody>\n<tr>\n<th>Minerale (Unitate)<\/th>\n<th>Cantitate (100 g)<\/th>\n<th>Cantitate (25 g)<\/th>\n<th>% VNR (25 g)<\/th>\n<\/tr>\n<tr>\n<td>Sodiu (mg)<\/td>\n<td>1314<\/td>\n<td>328<\/td>\n<td>&#8211;<\/td>\n<\/tr>\n<tr>\n<td>Potasiu (mg)<\/td>\n<td>1277<\/td>\n<td>319<\/td>\n<td>16%<\/td>\n<\/tr>\n<tr>\n<td>Calciu (mg)<\/td>\n<td>583<\/td>\n<td>146<\/td>\n<td>18%<\/td>\n<\/tr>\n<tr>\n<td>Fosfor (mg)<\/td>\n<td>692<\/td>\n<td>173<\/td>\n<td>25%<\/td>\n<\/tr>\n<tr>\n<td>Magneziu (mg)<\/td>\n<td>160<\/td>\n<td>40,0<\/td>\n<td>11%<\/td>\n<\/tr>\n<\/tbody>\n<\/table>\n<h3>Vitamine<\/h3>\n<table border=\"0\">\n<tbody>\n<tr>\n<th>Vitamine (Unitate)<\/th>\n<th>Cantitate (100 g)<\/th>\n<th>Cantitate (25 g)<\/th>\n<th>% VNR (25 g)<\/th>\n<\/tr>\n<tr>\n<td>Vitamina A (\u00b5g)<\/td>\n<td>483<\/td>\n<td>121<\/td>\n<td>15%<\/td>\n<\/tr>\n<tr>\n<td>Vitamina C (mg)<\/td>\n<td>53<\/td>\n<td>13<\/td>\n<td>17%<\/td>\n<\/tr>\n<tr>\n<td>Vitamina E (mg)<\/td>\n<td>7,5<\/td>\n<td>1,9<\/td>\n<td>16%<\/td>\n<\/tr>\n<tr>\n<td>Vitamina B1\/Tiamin\u0103 (mg)<\/td>\n<td>0,7<\/td>\n<td>0,18<\/td>\n<td>16%<\/td>\n<\/tr>\n<tr>\n<td>Vitamina B2\/Riboflavin\u0103 (mg)<\/td>\n<td>0,8<\/td>\n<td>0,2<\/td>\n<td>14%<\/td>\n<\/tr>\n<tr>\n<td>Vitamina B3\/Niacin\u0103 (mg)<\/td>\n<td>8,5<\/td>\n<td>2,1<\/td>\n<td>13%<\/td>\n<\/tr>\n<tr>\n<td>Vitamina B5\/Acid pantotenic (mg)<\/td>\n<td>3,2<\/td>\n<td>0,8<\/td>\n<td>13%<\/td>\n<\/tr>\n<tr>\n<td>Vitamina B6 (mg)<\/td>\n<td>0,7<\/td>\n<td>0,18<\/td>\n<td>13%<\/td>\n<\/tr>\n<tr>\n<td>Vitamina B7\/Biotin\u0103 (\u00b5g)<\/td>\n<td>25<\/td>\n<td>6,25<\/td>\n<td>13%<\/td>\n<\/tr>\n<tr>\n<td>Vitamina B9\/Acid folic (\u00b5g)<\/td>\n<td>100<\/td>\n<td>25<\/td>\n<td>13%<\/td>\n<\/tr>\n<tr>\n<td>Vitamina B12 (\u00b5g)<\/td>\n<td>1,25<\/td>\n<td>0,31<\/td>\n<td>12%<\/td>\n<\/tr>\n<\/tbody>\n<\/table>\n<p>*Valori de Referin\u021b\u0103 Nutri\u021bionale [Regulament (UE) nr.1169\/2011].<\/p>\n","protected":false},"excerpt":{"rendered":"<p>Experimenteaz\u0103 pl\u0103cerea de a gusta crochetele cu gust de pui. Cu un con\u021binut ridicat de proteine \u0219i un con\u021binut sc\u0103zut de gr\u0103simi \u0219i carbohidra\u021bi, sunt perfecte pentru o pl\u0103cere f\u0103r\u0103 vin\u0103.<\/p>\n","protected":false},"featured_media":347,"comment_status":"open","ping_status":"closed","template":"","meta":[],"product_brand":[],"product_cat":[31],"product_tag":[],"class_list":{"0":"post-365","1":"product","2":"type-product","3":"status-publish","4":"has-post-thumbnail","6":"product_cat-produse-sarate","8":"first","9":"instock","10":"taxable","11":"shipping-taxable","12":"product-type-simple"},"_links":{"self":[{"href":"https:\/\/metabolika.online\/ro\/wp-json\/wp\/v2\/product\/365","targetHints":{"allow":["GET"]}}],"collection":[{"href":"https:\/\/metabolika.online\/ro\/wp-json\/wp\/v2\/product"}],"about":[{"href":"https:\/\/metabolika.online\/ro\/wp-json\/wp\/v2\/types\/product"}],"replies":[{"embeddable":true,"href":"https:\/\/metabolika.online\/ro\/wp-json\/wp\/v2\/comments?post=365"}],"wp:featuredmedia":[{"embeddable":true,"href":"https:\/\/metabolika.online\/ro\/wp-json\/wp\/v2\/media\/347"}],"wp:attachment":[{"href":"https:\/\/metabolika.online\/ro\/wp-json\/wp\/v2\/media?parent=365"}],"wp:term":[{"taxonomy":"product_brand","embeddable":true,"href":"https:\/\/metabolika.online\/ro\/wp-json\/wp\/v2\/product_brand?post=365"},{"taxonomy":"product_cat","embeddable":true,"href":"https:\/\/metabolika.online\/ro\/wp-json\/wp\/v2\/product_cat?post=365"},{"taxonomy":"product_tag","embeddable":true,"href":"https:\/\/metabolika.online\/ro\/wp-json\/wp\/v2\/product_tag?post=365"}],"curies":[{"name":"wp","href":"https:\/\/api.w.org\/{rel}","templated":true}]}}