{"id":363,"date":"2024-02-17T19:46:36","date_gmt":"2024-02-17T18:46:36","guid":{"rendered":"https:\/\/metabolika.online\/?post_type=product&#038;p=2506"},"modified":"2024-06-08T18:26:03","modified_gmt":"2024-06-08T15:26:03","slug":"omleta-mediatraneana","status":"publish","type":"product","link":"https:\/\/metabolika.online\/ro\/shop\/omleta-mediatraneana\/","title":{"rendered":"Omlet\u0103 mediteranean\u0103 \ud83c\udf73 (7 unit\u0103\u021bi)"},"content":{"rendered":"<h3>Caracteristicile produsului<\/h3>\n<div>Amestec pentru omlet\u0103 cu arom\u0103 mediteranean\u0103:<\/div>\n<ul>\n<li>Bogat \u00een proteine<\/li>\n<li>Sc\u0103zut \u00een gr\u0103simi \/ cu con\u021binut redus de gr\u0103simi (-91%)*.<\/li>\n<li>Sc\u0103zut \u00een zaharuri \/ Cu con\u021binut redus de zaharuri (-48%)*.<\/li>\n<li>Carbohidra\u021bi redu\u0219i (-34%)* &#8211; Carbohidra\u021bi redu\u0219i (-34%)* &#8211; Energie redus\u0103 (57%).<\/li>\n<li>Reducere cu 57% a energiei &#8211; Reducere de gr\u0103simi \u0219i carbohidra\u021bi<\/li>\n<\/ul>\n<p>*Calculat \u00een compara\u021bie cu produsul de referin\u021b\u0103 &#8222;Tortilla a las hierbas&#8221; (date CIQUAL 2020).<\/p>\n<h3>Instruc\u021biuni de utilizare<\/h3>\n<p>Ad\u0103ug\u0103 120 ml de ap\u0103 la 25 de grame de pulbere \u0219i g\u0103te\u0219te u\u0219or \u00eentr-o tigaie antiaderent\u0103 (omleta poate fi preparat\u0103 \u00een mod tradi\u021bional sau sub form\u0103 de scrambled). Consum\u0103 \u00een termen de o or\u0103 de la rehidratare.<\/p>\n<h3>Ingrediente<\/h3>\n<div>Pulbere de albu\u0219 \u0219i g\u0103lbenu\u0219 de <em><strong>ou<\/strong> <\/em>(44%), proteine din <em><strong>lapte<\/strong> <\/em>(emulgator: lecitine), legume deshidratate (ro\u0219ii, ceap\u0103, ardei ro\u0219u) (5. 1%), ierburi \u0219i condimente (paprika, turmeric, p\u0103trunjel, cimbru, usturoi, piper, busuioc, m\u0103ghiran), sare, arome, agent antiaglomerant: carbonat de magneziu, vitamine (C, B3, E, B5, B6, B2, B1, A, B9, B8, B12), maltodextrin\u0103.<\/div>\n<div><\/div>\n<div>Alergeni. <em><strong>Ou\u0103, lapte.<\/strong><\/em> Poate con\u021bine urme de: gluten, crustacee, pe\u0219te, soia, fructe cu coaj\u0103 lemnoas\u0103, \u021belin\u0103.<\/div>\n<h3>Tabel nutri\u021bional<\/h3>\n<table border=\"0\">\n<tbody>\n<tr>\n<th>Nutrien\u021bi<\/th>\n<th>Cantitate per 100 g<\/th>\n<th>Cantitate per 25 g<\/th>\n<\/tr>\n<tr>\n<td>Energie (kJ\/kcal)<\/td>\n<td>1559 \/ 369<\/td>\n<td>390 \/ 92<\/td>\n<\/tr>\n<tr>\n<td>Gr\u0103simi (g)<\/td>\n<td>5,5<\/td>\n<td>1,4<\/td>\n<\/tr>\n<tr>\n<td>din care saturate (g)<\/td>\n<td>1,7<\/td>\n<td>0,4<\/td>\n<\/tr>\n<tr>\n<td>Carbohidra\u021bi (g)<\/td>\n<td>7,6<\/td>\n<td>1,9<\/td>\n<\/tr>\n<tr>\n<td>din care zaharuri (g)<\/td>\n<td>3,4<\/td>\n<td>0,8<\/td>\n<\/tr>\n<tr>\n<td>Fibre (g)<\/td>\n<td>1,9<\/td>\n<td>0,5<\/td>\n<\/tr>\n<tr>\n<td>Proteine (g)<\/td>\n<td>71<\/td>\n<td>18<\/td>\n<\/tr>\n<tr>\n<td>Sare (g)<\/td>\n<td>3,9<\/td>\n<td>0,97<\/td>\n<\/tr>\n<\/tbody>\n<\/table>\n<h3>Minerale<\/h3>\n<table border=\"0\">\n<tbody>\n<tr>\n<th>Minerale (Unitate)<\/th>\n<th>Cantitate (100 g)<\/th>\n<th>Cantitate (25 g)<\/th>\n<th>% VRN (25 g)<\/th>\n<\/tr>\n<tr>\n<td>Sodiu (mg)<\/td>\n<td>1552<\/td>\n<td>388<\/td>\n<td>&#8211;<\/td>\n<\/tr>\n<tr>\n<td>Potasiu (mg)<\/td>\n<td>711<\/td>\n<td>178<\/td>\n<td>9%<\/td>\n<\/tr>\n<tr>\n<td>Calciu (mg)<\/td>\n<td>616<\/td>\n<td>154<\/td>\n<td>19%<\/td>\n<\/tr>\n<tr>\n<td>Fosfor (mg)<\/td>\n<td>478<\/td>\n<td>120<\/td>\n<td>17%<\/td>\n<\/tr>\n<tr>\n<td>Magneziu (mg)<\/td>\n<td>154<\/td>\n<td>38,5<\/td>\n<td>10%<\/td>\n<\/tr>\n<\/tbody>\n<\/table>\n<h3>Vitamine<\/h3>\n<table border=\"0\">\n<tbody>\n<tr>\n<th>Vitamine (Unitate)<\/th>\n<th>Cantitate (100 g)<\/th>\n<th>Cantitate (25 g)<\/th>\n<th>% VRN (25 g)<\/th>\n<\/tr>\n<tr>\n<td>Vitamina A (\u00b5g)<\/td>\n<td>520<\/td>\n<td>130<\/td>\n<td>16%<\/td>\n<\/tr>\n<tr>\n<td>Vitamina C (mg)<\/td>\n<td>50<\/td>\n<td>13<\/td>\n<td>16%<\/td>\n<\/tr>\n<tr>\n<td>Vitamina E (mg)<\/td>\n<td>8,2<\/td>\n<td>2,1<\/td>\n<td>17%<\/td>\n<\/tr>\n<tr>\n<td>Vitamina B1\/Thiamin (mg)<\/td>\n<td>0,7<\/td>\n<td>0,2<\/td>\n<td>15%<\/td>\n<\/tr>\n<tr>\n<td>Vitamina B2\/Riboflavin (mg)<\/td>\n<td>1,9<\/td>\n<td>0,5<\/td>\n<td>35%<\/td>\n<\/tr>\n<tr>\n<td>Vitamina B3\/Niacin (mg)<\/td>\n<td>10<\/td>\n<td>2,5<\/td>\n<td>16%<\/td>\n<\/tr>\n<tr>\n<td>Vitamina B5\/Pantothenic acid (mg)<\/td>\n<td>4,9<\/td>\n<td>1,2<\/td>\n<td>21%<\/td>\n<\/tr>\n<tr>\n<td>Vitamina B6 (mg)<\/td>\n<td>1,0<\/td>\n<td>0,3<\/td>\n<td>18%<\/td>\n<\/tr>\n<tr>\n<td>Vitamina B8\/Biotin (\u00b5g)<\/td>\n<td>38<\/td>\n<td>9,4<\/td>\n<td>19%<\/td>\n<\/tr>\n<tr>\n<td>Vitamina B9\/Folic acid (\u00b5g)<\/td>\n<td>216<\/td>\n<td>53,9<\/td>\n<td>27%<\/td>\n<\/tr>\n<tr>\n<td>Vitamina B12 (\u00b5g)<\/td>\n<td>2,1<\/td>\n<td>0,5<\/td>\n<td>21%<\/td>\n<\/tr>\n<\/tbody>\n<\/table>\n<p>*Valori de referin\u021b\u0103 pentru nutrien\u021bi [Regulamentul (UE) nr. 1169\/2011].<\/p>\n","protected":false},"excerpt":{"rendered":"<p>Bucur\u0103-te de esen\u021ba Mediteranei cu omleta noastr\u0103 mediteranean\u0103: o op\u021biune delicioas\u0103 \u0219i s\u0103n\u0103toas\u0103, perfect\u0103 pentru o diet\u0103 bogat\u0103 \u00een proteine \u0219i sc\u0103zut\u0103 \u00een gr\u0103simi \u0219i carbohidra\u021bi.<\/p>\n","protected":false},"featured_media":358,"comment_status":"open","ping_status":"closed","template":"","meta":[],"product_brand":[],"product_cat":[31],"product_tag":[],"class_list":{"0":"post-363","1":"product","2":"type-product","3":"status-publish","4":"has-post-thumbnail","6":"product_cat-produse-sarate","8":"first","9":"instock","10":"taxable","11":"shipping-taxable","12":"product-type-simple"},"_links":{"self":[{"href":"https:\/\/metabolika.online\/ro\/wp-json\/wp\/v2\/product\/363","targetHints":{"allow":["GET"]}}],"collection":[{"href":"https:\/\/metabolika.online\/ro\/wp-json\/wp\/v2\/product"}],"about":[{"href":"https:\/\/metabolika.online\/ro\/wp-json\/wp\/v2\/types\/product"}],"replies":[{"embeddable":true,"href":"https:\/\/metabolika.online\/ro\/wp-json\/wp\/v2\/comments?post=363"}],"wp:featuredmedia":[{"embeddable":true,"href":"https:\/\/metabolika.online\/ro\/wp-json\/wp\/v2\/media\/358"}],"wp:attachment":[{"href":"https:\/\/metabolika.online\/ro\/wp-json\/wp\/v2\/media?parent=363"}],"wp:term":[{"taxonomy":"product_brand","embeddable":true,"href":"https:\/\/metabolika.online\/ro\/wp-json\/wp\/v2\/product_brand?post=363"},{"taxonomy":"product_cat","embeddable":true,"href":"https:\/\/metabolika.online\/ro\/wp-json\/wp\/v2\/product_cat?post=363"},{"taxonomy":"product_tag","embeddable":true,"href":"https:\/\/metabolika.online\/ro\/wp-json\/wp\/v2\/product_tag?post=363"}],"curies":[{"name":"wp","href":"https:\/\/api.w.org\/{rel}","templated":true}]}}