{"id":361,"date":"2024-02-17T19:46:36","date_gmt":"2024-02-17T18:46:36","guid":{"rendered":"https:\/\/metabolika.online\/?post_type=product&#038;p=2510"},"modified":"2024-06-08T18:26:08","modified_gmt":"2024-06-08T15:26:08","slug":"omleta-cu-ceapa-si-cepsoara","status":"publish","type":"product","link":"https:\/\/metabolika.online\/ro\/shop\/omleta-cu-ceapa-si-cepsoara\/","title":{"rendered":"Omlet\u0103 cu ceap\u0103 \u0219i cep\u0219oar\u0103 GF\ud83c\udf73 (7 unit\u0103\u021bi)"},"content":{"rendered":"<h3>Caracteristicile produsului<\/h3>\n<div>Omlet\u0103 cu arom\u0103 de ceap\u0103.<\/div>\n<ul>\n<li>Cu un con\u021binut ridicat de proteine<\/li>\n<li>Sc\u0103zut \u00een gr\u0103simi \/ cu con\u021binut redus de gr\u0103simi (-95%)*.<\/li>\n<li>Cu con\u021binut sc\u0103zut de zaharuri<\/li>\n<li>56% reducere de energie &#8211; mai pu\u021bine gr\u0103simi<\/li>\n<\/ul>\n<p>*Calculat \u00een compara\u021bie cu produsul de referin\u021b\u0103 &#8222;Omlet\u0103 cu ierburi&#8221; (date CIQUAL 2020).<\/p>\n<h3>Instruc\u021biuni de utilizare<\/h3>\n<p>Ad\u0103ug\u0103 120 ml de ap\u0103 la 25 de grame de pulbere \u0219i g\u0103te\u0219te u\u0219or \u00eentr-o tigaie antiaderent\u0103 (omleta poate fi preparat\u0103 \u00een mod tradi\u021bional sau sub form\u0103 de omlet\u0103). Consum\u0103 \u00een termen de o or\u0103 de la rehidratare.<\/p>\n<h3>Ingrediente<\/h3>\n<div>Pudr\u0103 de albu\u0219 \u0219i g\u0103lbenu\u0219 de <em><strong>ou<\/strong><\/em> (42%), proteine din <em><strong>lapte<\/strong><\/em> (emulgator: lecitine), ceap\u0103 (12%), arom\u0103 natural\u0103, condimente \u0219i ierburi (arpagic (16%), turmeric, usturoi, piper), sare, agent antiaglomerant: carbonat de magneziu.<\/div>\n<div><\/div>\n<div>Alergeni. <em><strong>Lapte, soia<\/strong><\/em>. Poate con\u021bine urme de: pe\u0219te, ou, nuci.<\/div>\n<h3>Tabel nutri\u021bional<\/h3>\n<table border=\"0\">\n<tbody>\n<tr>\n<th>Nutrien\u021bi<\/th>\n<th>Cantitate la 100 g<\/th>\n<th>Cantitate la 25 g<\/th>\n<\/tr>\n<tr>\n<td>Energie (kJ\/kcal)<\/td>\n<td>1514 \/ 357<\/td>\n<td>378 \/ 89<\/td>\n<\/tr>\n<tr>\n<td>Gr\u0103simi (g)<\/td>\n<td>33<\/td>\n<td>8.25<\/td>\n<\/tr>\n<tr>\n<td>din care saturate (g)<\/td>\n<td>11<\/td>\n<td>2.75<\/td>\n<\/tr>\n<tr>\n<td>Carbohidra\u021bi (g)<\/td>\n<td>13<\/td>\n<td>3.25<\/td>\n<\/tr>\n<tr>\n<td>din care zaharuri (g)<\/td>\n<td>4.2<\/td>\n<td>1.05<\/td>\n<\/tr>\n<tr>\n<td>Fibre (g)<\/td>\n<td>24<\/td>\n<td>6<\/td>\n<\/tr>\n<tr>\n<td>Proteine (g)<\/td>\n<td>68<\/td>\n<td>17<\/td>\n<\/tr>\n<tr>\n<td>Sare (g)<\/td>\n<td>40<\/td>\n<td>10<\/td>\n<\/tr>\n<\/tbody>\n<\/table>\n<h3>Minerale<\/h3>\n<table border=\"0\">\n<tbody>\n<tr>\n<th>Minerale (Unitate)<\/th>\n<th>Cantitate (100 g)<\/th>\n<th>Cantitate (25 g)<\/th>\n<th>% VRN (25 g)<\/th>\n<\/tr>\n<tr>\n<td>Sodiu (mg)<\/td>\n<td>1610<\/td>\n<td>402<\/td>\n<td>8%<\/td>\n<\/tr>\n<tr>\n<td>Potasiu (mg)<\/td>\n<td>669<\/td>\n<td>167<\/td>\n<td>18%<\/td>\n<\/tr>\n<tr>\n<td>Calciu (mg)<\/td>\n<td>570<\/td>\n<td>142<\/td>\n<td>14%<\/td>\n<\/tr>\n<tr>\n<td>Fosfor (mg)<\/td>\n<td>378<\/td>\n<td>95<\/td>\n<td>11%<\/td>\n<\/tr>\n<tr>\n<td>Magneziu (mg)<\/td>\n<td>164<\/td>\n<td>41<\/td>\n<td>&#8211;<\/td>\n<\/tr>\n<\/tbody>\n<\/table>\n<p>*Valoarea de referin\u021b\u0103 a nutrien\u021bilor \u00een conformitate cu Regulamentul (UE) nr. 1169\/2011.<\/p>\n","protected":false},"excerpt":{"rendered":"<p>Descoperi\u021bi gustul unic al omletei noastre f\u0103r\u0103 gluten cu ceap\u0103 \u0219i arpagic: un amestec delicios de ceap\u0103 \u0219i arpagic \u00eentr-o omlet\u0103 u\u0219or de preparat. Bogat\u0103 \u00een proteine \u0219i s\u0103rac\u0103 \u00een gr\u0103simi, aceast\u0103 omlet\u0103 este perfect\u0103 pentru o diet\u0103 f\u0103r\u0103 gluten \u0219i nutritiv\u0103.<\/p>\n","protected":false},"featured_media":357,"comment_status":"open","ping_status":"closed","template":"","meta":[],"product_brand":[],"product_cat":[31],"product_tag":[],"class_list":{"0":"post-361","1":"product","2":"type-product","3":"status-publish","4":"has-post-thumbnail","6":"product_cat-produse-sarate","8":"first","9":"instock","10":"taxable","11":"shipping-taxable","12":"product-type-simple"},"_links":{"self":[{"href":"https:\/\/metabolika.online\/ro\/wp-json\/wp\/v2\/product\/361","targetHints":{"allow":["GET"]}}],"collection":[{"href":"https:\/\/metabolika.online\/ro\/wp-json\/wp\/v2\/product"}],"about":[{"href":"https:\/\/metabolika.online\/ro\/wp-json\/wp\/v2\/types\/product"}],"replies":[{"embeddable":true,"href":"https:\/\/metabolika.online\/ro\/wp-json\/wp\/v2\/comments?post=361"}],"wp:featuredmedia":[{"embeddable":true,"href":"https:\/\/metabolika.online\/ro\/wp-json\/wp\/v2\/media\/357"}],"wp:attachment":[{"href":"https:\/\/metabolika.online\/ro\/wp-json\/wp\/v2\/media?parent=361"}],"wp:term":[{"taxonomy":"product_brand","embeddable":true,"href":"https:\/\/metabolika.online\/ro\/wp-json\/wp\/v2\/product_brand?post=361"},{"taxonomy":"product_cat","embeddable":true,"href":"https:\/\/metabolika.online\/ro\/wp-json\/wp\/v2\/product_cat?post=361"},{"taxonomy":"product_tag","embeddable":true,"href":"https:\/\/metabolika.online\/ro\/wp-json\/wp\/v2\/product_tag?post=361"}],"curies":[{"name":"wp","href":"https:\/\/api.w.org\/{rel}","templated":true}]}}