{"id":359,"date":"2024-02-17T19:46:36","date_gmt":"2024-02-17T18:46:36","guid":{"rendered":"https:\/\/metabolika.online\/?post_type=product&#038;p=2511"},"modified":"2024-06-08T18:26:14","modified_gmt":"2024-06-08T15:26:14","slug":"supa-crema-cu-aroma-de-pui-si-curry","status":"publish","type":"product","link":"https:\/\/metabolika.online\/ro\/shop\/supa-crema-cu-aroma-de-pui-si-curry\/","title":{"rendered":"Sup\u0103 crem\u0103 cu arom\u0103 de pui \u0219i curry \ud83e\udd63 (7 unit\u0103\u021bi)"},"content":{"rendered":"<h3>Caracteristicile produsului<\/h3>\n<div>Sup\u0103 de pui cu arom\u0103 de curry :<\/div>\n<div><\/div>\n<ul>\n<li>Bogat\u0103 \u00een proteine<\/li>\n<li>Cu con\u021binut sc\u0103zut de gr\u0103simi<\/li>\n<li>Cu con\u021binut sc\u0103zut de zaharuri<\/li>\n<\/ul>\n<h3>Instruc\u021biuni de utilizare<\/h3>\n<div>Ad\u0103ug\u0103 200 ml de ap\u0103 la 25 de grame de pulbere \u0219i amestec\u0103 p\u00e2n\u0103 c\u00e2nd se omogenizeaz\u0103 complet. Consum\u0103 \u00een termen de o or\u0103 de la rehidratare.<\/div>\n<h3>Ingrediente<\/h3>\n<div>Proteine din <em><strong>lapte<\/strong><\/em>, proteine din <em><strong>soia<\/strong><\/em> (emulgator: lecitine [<em><strong>soia<\/strong><\/em>]), arome (con\u021bine: <em><strong>gr\u00e2u<\/strong><\/em>), ceap\u0103, sare, condimente \u0219i ierburi aromatice (turmeric, chimen, coriandru, scor\u021bi\u0219oar\u0103, chilli, schinduf, piper negru), maltodextrin\u0103, agent de \u00eengro\u0219are: Gum\u0103 de xantan, agen\u021bi antiaglomeran\u021bi: carbona\u021bi de magneziu \u0219i dioxid de siliciu [nano], vitamine (C, B3, E, B5, B6, B2, B1, A, B9, B8, B12), fructoz\u0103.<\/div>\n<div><\/div>\n<div>Alergeni. <em><strong>Lapte, soia, gr\u00e2u.<\/strong><\/em> Poate con\u021bine urme de: crustacee, ou, pe\u0219te, nuci, \u021belin\u0103.<\/div>\n<h3>Tabel nutri\u021bional<\/h3>\n<table border=\"0\">\n<tbody>\n<tr>\n<th>Nutrien\u021bi<\/th>\n<th>Cantitate la 100 g<\/th>\n<th>Cantitate la 25 g<\/th>\n<\/tr>\n<tr>\n<td>Energie (kJ\/kcal)<\/td>\n<td>1550 \/ 366<\/td>\n<td>387 \/ 92<\/td>\n<\/tr>\n<tr>\n<td>Gr\u0103simi (g)<\/td>\n<td>5,2<\/td>\n<td>1,3<\/td>\n<\/tr>\n<tr>\n<td>din care saturate (g)<\/td>\n<td>1,9<\/td>\n<td>0,5<\/td>\n<\/tr>\n<tr>\n<td>Carbohidra\u021bi (g)<\/td>\n<td>11<\/td>\n<td>2,7<\/td>\n<\/tr>\n<tr>\n<td>din care zaharuri (g)<\/td>\n<td>5,4<\/td>\n<td>1,3<\/td>\n<\/tr>\n<tr>\n<td>Fibre (g)<\/td>\n<td>1,8<\/td>\n<td>0,4<\/td>\n<\/tr>\n<tr>\n<td>Proteine (g)<\/td>\n<td>68<\/td>\n<td>17<\/td>\n<\/tr>\n<tr>\n<td>Sare (g)<\/td>\n<td>6,8<\/td>\n<td>1,7<\/td>\n<\/tr>\n<\/tbody>\n<\/table>\n<h3>Minerale<\/h3>\n<table border=\"0\">\n<tbody>\n<tr>\n<th>Minerale (Unidad)<\/th>\n<th>Cantitate (100 g)<\/th>\n<th>Cantitate (25 g)<\/th>\n<th>% VRN (25 g)<\/th>\n<\/tr>\n<tr>\n<td>Sodiu (mg)<\/td>\n<td>2709<\/td>\n<td>677<\/td>\n<td>&#8211;<\/td>\n<\/tr>\n<tr>\n<td>Potasiu (mg)<\/td>\n<td>383<\/td>\n<td>95,8<\/td>\n<td>5%<\/td>\n<\/tr>\n<tr>\n<td>Calciu (mg)<\/td>\n<td>264<\/td>\n<td>66,0<\/td>\n<td>8%<\/td>\n<\/tr>\n<tr>\n<td>Fosfor (mg)<\/td>\n<td>415<\/td>\n<td>104<\/td>\n<td>15%<\/td>\n<\/tr>\n<tr>\n<td>Magneziu (mg)<\/td>\n<td>157<\/td>\n<td>39,1<\/td>\n<td>10%<\/td>\n<\/tr>\n<\/tbody>\n<\/table>\n<h3>Vitamine<\/h3>\n<table border=\"0\">\n<tbody>\n<tr>\n<th>Vitamine (unitate)<\/th>\n<th>Cantitate (100 g)<\/th>\n<th>Cantitate (25 g)<\/th>\n<th>% VRN (25 g)<\/th>\n<\/tr>\n<tr>\n<td>Vitamina A (\u00b5g)<\/td>\n<td>498<\/td>\n<td>125<\/td>\n<td>16%<\/td>\n<\/tr>\n<tr>\n<td>Vitamina C (mg)<\/td>\n<td>50<\/td>\n<td>13<\/td>\n<td>16%<\/td>\n<\/tr>\n<tr>\n<td>Vitamina E (mg)<\/td>\n<td>7,3<\/td>\n<td>1,8<\/td>\n<td>15%<\/td>\n<\/tr>\n<tr>\n<td>Vitamina B1\/Thiamin (mg)<\/td>\n<td>0,8<\/td>\n<td>0,2<\/td>\n<td>15%<\/td>\n<\/tr>\n<tr>\n<td>Vitamina B2\/Riboflavin (mg)<\/td>\n<td>1,1<\/td>\n<td>0,3<\/td>\n<td>15%<\/td>\n<\/tr>\n<tr>\n<td>Vitamina B3\/Niacin (mg)<\/td>\n<td>11<\/td>\n<td>2,8<\/td>\n<td>15%<\/td>\n<\/tr>\n<tr>\n<td>Vitamina B5\/Pantothenic acid (mg)<\/td>\n<td>3,9<\/td>\n<td>1,0<\/td>\n<td>15%<\/td>\n<\/tr>\n<tr>\n<td>Vitamina B6 (mg)<\/td>\n<td>1,0<\/td>\n<td>0,2<\/td>\n<td>15%<\/td>\n<\/tr>\n<tr>\n<td>Vitamina B8\/Biotin (\u00b5g)<\/td>\n<td>32<\/td>\n<td>8,0<\/td>\n<td>15%<\/td>\n<\/tr>\n<tr>\n<td>Vitamina B9\/Folic acid (\u00b5g)<\/td>\n<td>254<\/td>\n<td>63,5<\/td>\n<td>15%<\/td>\n<\/tr>\n<tr>\n<td>Vitamina B12 (\u00b5g)<\/td>\n<td>1,5<\/td>\n<td>0,4<\/td>\n<td>15%<\/td>\n<\/tr>\n<\/tbody>\n<\/table>\n<p>*Valoarea de referin\u021b\u0103 a nutrien\u021bilor \u00een conformitate cu Regulamentul (UE) nr. 1169\/2011.<\/p>\n","protected":false},"excerpt":{"rendered":"<p>R\u0103sf\u0103\u021b\u0103-te cu aroma exotic\u0103 a supei noastre de pui \u0219i curry. Un amestec perfect de condimente \u0219i arom\u0103 de pui \u00eentr-o sup\u0103 nutritiv\u0103, bogat\u0103 \u00een proteine \u0219i cu un con\u021binut sc\u0103zut \u00een gr\u0103simi \u0219i carbohidra\u021bi. O op\u021biune s\u0103n\u0103toas\u0103 \u0219i reconfortant\u0103 pentru to\u021bi iubitorii de curry.<\/p>\n","protected":false},"featured_media":353,"comment_status":"open","ping_status":"closed","template":"","meta":[],"product_brand":[],"product_cat":[31],"product_tag":[],"class_list":{"0":"post-359","1":"product","2":"type-product","3":"status-publish","4":"has-post-thumbnail","6":"product_cat-produse-sarate","8":"first","9":"instock","10":"taxable","11":"shipping-taxable","12":"product-type-simple"},"_links":{"self":[{"href":"https:\/\/metabolika.online\/ro\/wp-json\/wp\/v2\/product\/359","targetHints":{"allow":["GET"]}}],"collection":[{"href":"https:\/\/metabolika.online\/ro\/wp-json\/wp\/v2\/product"}],"about":[{"href":"https:\/\/metabolika.online\/ro\/wp-json\/wp\/v2\/types\/product"}],"replies":[{"embeddable":true,"href":"https:\/\/metabolika.online\/ro\/wp-json\/wp\/v2\/comments?post=359"}],"wp:featuredmedia":[{"embeddable":true,"href":"https:\/\/metabolika.online\/ro\/wp-json\/wp\/v2\/media\/353"}],"wp:attachment":[{"href":"https:\/\/metabolika.online\/ro\/wp-json\/wp\/v2\/media?parent=359"}],"wp:term":[{"taxonomy":"product_brand","embeddable":true,"href":"https:\/\/metabolika.online\/ro\/wp-json\/wp\/v2\/product_brand?post=359"},{"taxonomy":"product_cat","embeddable":true,"href":"https:\/\/metabolika.online\/ro\/wp-json\/wp\/v2\/product_cat?post=359"},{"taxonomy":"product_tag","embeddable":true,"href":"https:\/\/metabolika.online\/ro\/wp-json\/wp\/v2\/product_tag?post=359"}],"curies":[{"name":"wp","href":"https:\/\/api.w.org\/{rel}","templated":true}]}}