{"id":342,"date":"2024-02-17T19:46:36","date_gmt":"2024-02-17T18:46:36","guid":{"rendered":"https:\/\/metabolika.online\/?post_type=product&#038;p=2509"},"modified":"2024-06-08T18:26:21","modified_gmt":"2024-06-08T15:26:21","slug":"supa-crema-din-legume-de-gradina","status":"publish","type":"product","link":"https:\/\/metabolika.online\/ro\/shop\/supa-crema-din-legume-de-gradina\/","title":{"rendered":"Sup\u0103 crem\u0103 din legume de gr\u0103din\u0103 \ud83e\udd63 (7 unit\u0103\u021bi)"},"content":{"rendered":"<h3>Caracteristicile produsului<\/h3>\n<div>Sup\u0103 de legume \u0219i cartofi<\/div>\n<div><\/div>\n<ul>\n<li>Bogat\u0103 \u00een proteine<\/li>\n<li>Sc\u0103zut\u0103 \u00een gr\u0103simi \/ cu con\u021binut redus de gr\u0103simi (-50%)<\/li>\n<li>Cu con\u021binut sc\u0103zut de zaharuri<\/li>\n<li>Cu con\u021binut redus de carbohidra\u021bi (-79%)<\/li>\n<\/ul>\n<p>*Calculat \u00een compara\u021bie cu produsul de referin\u021b\u0103 &#8222;Sup\u0103, legume verzi, deshidratat\u0103 \u0219i reconstituit\u0103&#8221; (date CIQUAL 2020).<\/p>\n<h3><span style=\"font-size: 20.16px;color: #333333\">Instruc\u021biuni de utilizare<\/span><\/h3>\n<p>Ad\u0103ug\u0103 200 ml de ap\u0103 la 25 de grame de pulbere \u0219i amestec\u0103 p\u00e2n\u0103 se omogenizeaz\u0103 complet. Consum\u0103 \u00een termen de o or\u0103 de la rehidratare.<\/p>\n<h3>Ingrediente<\/h3>\n<div>Proteine din <em><strong>lapte<\/strong><\/em> (emulgator: lecitine), proteine din <em><strong>soia<\/strong><\/em> (emulgator: lecitine [<em><strong>soia<\/strong><\/em>]), arome (con\u021bine: <em><strong>\u021belin\u0103<\/strong><\/em>), sare, legume deshidratate (ceap\u0103, praz, varz\u0103, <em><strong>\u021belin\u0103<\/strong><\/em>) (4,2%), extract de morcov, condimente \u0219i ierburi aromatice (usturoi, p\u0103trunjel, turmeric), agent de \u00eengro\u0219are: gum\u0103 xantan, agent antiaglomerant: carbonat de magneziu, colorant: curcumin\u0103.<\/div>\n<div><\/div>\n<div>Alergeni: <em><strong>Lapte, soia, \u021belin\u0103<\/strong><\/em>. Poate con\u021bine urme de: ou, pe\u0219te, nuci.<\/div>\n<div><\/div>\n<h3>Tabel nutri\u021bional<\/h3>\n<table border=\"0\">\n<tbody>\n<tr>\n<th>Nutrien\u021bi<\/th>\n<th>Cantitate per 100 g<\/th>\n<th>Cantitate per 25 g<\/th>\n<\/tr>\n<tr>\n<td>Energie (kJ\/kcal)<\/td>\n<td>1524 \/ 360<\/td>\n<td>381 \/ 90<\/td>\n<\/tr>\n<tr>\n<td>Gr\u0103sime (g)<\/td>\n<td>4,7<\/td>\n<td>1,2<\/td>\n<\/tr>\n<tr>\n<td>din care saturate (g)<\/td>\n<td>1,8<\/td>\n<td>0,5<\/td>\n<\/tr>\n<tr>\n<td>Carbohidra\u021bi (g)<\/td>\n<td>9,9<\/td>\n<td>2,5<\/td>\n<\/tr>\n<tr>\n<td>din care zaharuri (g)<\/td>\n<td>5,3<\/td>\n<td>1,3<\/td>\n<\/tr>\n<tr>\n<td>Fibre (g)<\/td>\n<td>1,4<\/td>\n<td>0,4<\/td>\n<\/tr>\n<tr>\n<td>Proteine (g)<\/td>\n<td>69<\/td>\n<td>17<\/td>\n<\/tr>\n<tr>\n<td>Sare (g)<\/td>\n<td>7,2<\/td>\n<td>1,8<\/td>\n<\/tr>\n<\/tbody>\n<\/table>\n<h3>Minerale<\/h3>\n<table border=\"0\">\n<tbody>\n<tr>\n<th>Minerale (unitate)<\/th>\n<th>Cantitate (100 g)<\/th>\n<th>Cantitate (25 g)<\/th>\n<th>% VRN (25 g)<\/th>\n<\/tr>\n<tr>\n<td>Sodiu (mg)<\/td>\n<td>2893<\/td>\n<td>723<\/td>\n<td>&#8211;<\/td>\n<\/tr>\n<tr>\n<td>Potasiu (mg)<\/td>\n<td>417<\/td>\n<td>104<\/td>\n<td>5%<\/td>\n<\/tr>\n<tr>\n<td>Calciu (mg)<\/td>\n<td>256<\/td>\n<td>64,0<\/td>\n<td>8%<\/td>\n<\/tr>\n<tr>\n<td>Fosfor (mg)<\/td>\n<td>502<\/td>\n<td>126<\/td>\n<td>18%<\/td>\n<\/tr>\n<tr>\n<td>Magneziu (mg)<\/td>\n<td>146<\/td>\n<td>36,1<\/td>\n<td>10%<\/td>\n<\/tr>\n<\/tbody>\n<\/table>\n<p>*Valoarea de referin\u021b\u0103 a nutrien\u021bilor \u00een conformitate cu Regulamentul (UE) nr. 1169\/2011.<\/p>\n","protected":false},"excerpt":{"rendered":"<p>Bucura\u021bi-v\u0103 de o mas\u0103 delicioas\u0103 \u0219i reconfortant\u0103 cu supa noastr\u0103 de legume \u0219i cartofi GF. Perfect\u0103 pentru iubitorii de natur\u0103, aceast\u0103 sup\u0103 combin\u0103 prospe\u021bimea a opt legume \u00eentr-o re\u021bet\u0103 bogat\u0103 \u00een proteine, s\u0103rac\u0103 \u00een gr\u0103simi \u0219i carbohidra\u021bi. Ideal\u0103 pentru o diet\u0103 s\u0103n\u0103toas\u0103, f\u0103r\u0103 gluten.<\/p>\n","protected":false},"featured_media":355,"comment_status":"open","ping_status":"closed","template":"","meta":[],"product_brand":[],"product_cat":[31],"product_tag":[],"class_list":{"0":"post-342","1":"product","2":"type-product","3":"status-publish","4":"has-post-thumbnail","6":"product_cat-produse-sarate","8":"first","9":"instock","10":"taxable","11":"shipping-taxable","12":"product-type-simple"},"_links":{"self":[{"href":"https:\/\/metabolika.online\/ro\/wp-json\/wp\/v2\/product\/342","targetHints":{"allow":["GET"]}}],"collection":[{"href":"https:\/\/metabolika.online\/ro\/wp-json\/wp\/v2\/product"}],"about":[{"href":"https:\/\/metabolika.online\/ro\/wp-json\/wp\/v2\/types\/product"}],"replies":[{"embeddable":true,"href":"https:\/\/metabolika.online\/ro\/wp-json\/wp\/v2\/comments?post=342"}],"wp:featuredmedia":[{"embeddable":true,"href":"https:\/\/metabolika.online\/ro\/wp-json\/wp\/v2\/media\/355"}],"wp:attachment":[{"href":"https:\/\/metabolika.online\/ro\/wp-json\/wp\/v2\/media?parent=342"}],"wp:term":[{"taxonomy":"product_brand","embeddable":true,"href":"https:\/\/metabolika.online\/ro\/wp-json\/wp\/v2\/product_brand?post=342"},{"taxonomy":"product_cat","embeddable":true,"href":"https:\/\/metabolika.online\/ro\/wp-json\/wp\/v2\/product_cat?post=342"},{"taxonomy":"product_tag","embeddable":true,"href":"https:\/\/metabolika.online\/ro\/wp-json\/wp\/v2\/product_tag?post=342"}],"curies":[{"name":"wp","href":"https:\/\/api.w.org\/{rel}","templated":true}]}}