{"id":340,"date":"2024-02-17T19:46:36","date_gmt":"2024-02-17T18:46:36","guid":{"rendered":"https:\/\/metabolika.online\/?post_type=product&#038;p=2508"},"modified":"2024-06-08T18:26:30","modified_gmt":"2024-06-08T15:26:30","slug":"supa-crema-din-legume-cu-crutoane","status":"publish","type":"product","link":"https:\/\/metabolika.online\/ro\/shop\/supa-crema-din-legume-cu-crutoane\/","title":{"rendered":"Sup\u0103 crem\u0103 din legume, cu crutoane \ud83e\udd63 (7 unit\u0103\u021bi)"},"content":{"rendered":"<h3>Caracteristicile produsului<\/h3>\n<p>Sup\u0103 de legume cu crutoane:<\/p>\n<ul>\n<li>Bogat \u00een proteine<\/li>\n<li>Sc\u0103zut\u0103 \u00een gr\u0103simi \/ cu con\u021binut redus de gr\u0103simi (-79%)*.<\/li>\n<li>Cu un con\u021binut redus de zaharuri<\/li>\n<li>Glucide reduse (-74%)*<\/li>\n<\/ul>\n<p>*Calculat \u00een compara\u021bie cu produsele de referin\u021b\u0103 &#8222;Sup\u0103, amestec de legume, deshidratat\u0103 \u0219i reconstituit\u0103&#8221; \u0219i &#8222;crutoane&#8221; (date CIQUAL 2017).<\/p>\n<h3>Instruc\u021biuni de utilizare<\/h3>\n<p>Ad\u0103ug\u0103 180 ml de ap\u0103 la 25 de grame de pulbere \u0219i amestec\u0103 p\u00e2n\u0103 c\u00e2nd se omogenizeaz\u0103 complet. Se \u00eenc\u0103lze\u0219te \u00een cuptorul cu microunde timp de 1 minut. Consum\u0103 \u00een termen de o or\u0103 de la rehidratare.<\/p>\n<h3>Ingrediente<\/h3>\n<div>Proteine din <em><strong>soia<\/strong><\/em> (emulgator: lecitine [<em><strong>soia<\/strong><\/em>]), proteine din maz\u0103re, legume deshidratate (fulgi de cartofi, praz, morcov, ro\u0219ii, ceap\u0103, suc de ardei ro\u0219u, dovleac, <em><strong>\u021belin\u0103<\/strong><\/em>) (6,2%), arome (con\u021bine:<em><strong> gr\u00e2u, orz, \u021belin\u0103<\/strong><\/em>), crutoane pr\u0103jite (f\u0103in\u0103 de gr\u00e2u, ulei de floarea-soarelui, gluten de gr\u00e2u, sare, zah\u0103r, drojdie) (4,5%), sare, coloran\u021bi: beta-caroten \u0219i curcumin\u0103. 5%), sare, coloran\u021bi: beta-caroten \u0219i curcumin\u0103, aminoacizi (L-metionin\u0103, L-treonin\u0103, L-valin\u0103), poten\u021biator de arom\u0103: glutamat de sodiu, agent antiaglomerant: carbonat de magneziu, vitamine (C, B3, E, B5, B6, B2, B1, A, B9, B8, B12), maltodextrin\u0103, amidon, sirop de glucoz\u0103.<\/div>\n<div><\/div>\n<div>Alergeni: <em><strong>Soia, \u021belin\u0103, gr\u00e2u, orz, gluten.<\/strong><\/em> Poate con\u021bine urme de: crustacee, ou, pe\u0219te, lapte, nuci, sulfi\u021bi.<\/div>\n<div><\/div>\n<h3>Tabel nutri\u021bional<\/h3>\n<table border=\"0\">\n<tbody>\n<tr>\n<th>Nutrien\u021bi<\/th>\n<th>Cantitate per 100 g<\/th>\n<th>Cantitate per 25 g<\/th>\n<\/tr>\n<tr>\n<td>Energie (kJ\/kcal)<\/td>\n<td>1536 \/ 363<\/td>\n<td>384 \/ 91<\/td>\n<\/tr>\n<tr>\n<td>Gr\u0103sime (g)<\/td>\n<td>4,2<\/td>\n<td>1,1<\/td>\n<\/tr>\n<tr>\n<td>din care saturate (g)<\/td>\n<td>0,8<\/td>\n<td>0,2<\/td>\n<\/tr>\n<tr>\n<td>Carbohidra\u021bi (g)<\/td>\n<td>14<\/td>\n<td>3,6<\/td>\n<\/tr>\n<tr>\n<td>din care zaharuri (g)<\/td>\n<td>2,8<\/td>\n<td>0,7<\/td>\n<\/tr>\n<tr>\n<td>Fibre (g)<\/td>\n<td>1,7<\/td>\n<td>0,4<\/td>\n<\/tr>\n<tr>\n<td>Proteine (g)<\/td>\n<td>66<\/td>\n<td>17<\/td>\n<\/tr>\n<tr>\n<td>Sare (g)<\/td>\n<td>6,1<\/td>\n<td>1,5<\/td>\n<\/tr>\n<\/tbody>\n<\/table>\n<h3>Minerale<\/h3>\n<table border=\"0\">\n<tbody>\n<tr>\n<th>Minerale (unitate)<\/th>\n<th>Cantitate (100 g)<\/th>\n<th>Cantitate (25 g)<\/th>\n<th>% VRN (25 g)<\/th>\n<\/tr>\n<tr>\n<td>Sodiu (mg)<\/td>\n<td>2443<\/td>\n<td>611<\/td>\n<td>&#8211;<\/td>\n<\/tr>\n<tr>\n<td>Potasiu (mg)<\/td>\n<td>891<\/td>\n<td>223<\/td>\n<td>11%<\/td>\n<\/tr>\n<tr>\n<td>Calciu (mg)<\/td>\n<td>166<\/td>\n<td>41,6<\/td>\n<td>5%<\/td>\n<\/tr>\n<tr>\n<td>Fosfor (mg)<\/td>\n<td>619<\/td>\n<td>155<\/td>\n<td>22%<\/td>\n<\/tr>\n<tr>\n<td>Magneziu (mg)<\/td>\n<td>156<\/td>\n<td>39,0<\/td>\n<td>10%<\/td>\n<\/tr>\n<\/tbody>\n<\/table>\n<h3>Vitamine<\/h3>\n<table border=\"0\">\n<tbody>\n<tr>\n<th>Vitamine (unitate)<\/th>\n<th>Cantitate (100 g)<\/th>\n<th>Cantitate (25 g)<\/th>\n<th>% VRN (25 g)<\/th>\n<\/tr>\n<tr>\n<td>Vitamina A (\u00b5g)<\/td>\n<td>480<\/td>\n<td>120<\/td>\n<td>15%<\/td>\n<\/tr>\n<tr>\n<td>Vitamina C (mg)<\/td>\n<td>49<\/td>\n<td>12<\/td>\n<td>15%<\/td>\n<\/tr>\n<tr>\n<td>Vitamina E (mg)<\/td>\n<td>7,2<\/td>\n<td>1,8<\/td>\n<td>15%<\/td>\n<\/tr>\n<tr>\n<td>Vitamina B1\/Thiamin (mg)<\/td>\n<td>0,7<\/td>\n<td>0,2<\/td>\n<td>15%<\/td>\n<\/tr>\n<tr>\n<td>Vitamina B2\/Riboflavin (mg)<\/td>\n<td>0,8<\/td>\n<td>0,2<\/td>\n<td>15%<\/td>\n<\/tr>\n<tr>\n<td>Vitamina B3\/Niacin (mg)<\/td>\n<td>9,6<\/td>\n<td>2,2<\/td>\n<td>15%<\/td>\n<\/tr>\n<tr>\n<td>Vitamina B5\/Pantothenic acid (mg)<\/td>\n<td>3,6<\/td>\n<td>0,9<\/td>\n<td>15%<\/td>\n<\/tr>\n<tr>\n<td>Vitamina B6 (mg)<\/td>\n<td>0,8<\/td>\n<td>0,2<\/td>\n<td>15%<\/td>\n<\/tr>\n<tr>\n<td>Vitamina B8\/Biotin (\u00b5g)<\/td>\n<td>30<\/td>\n<td>7,6<\/td>\n<td>15%<\/td>\n<\/tr>\n<tr>\n<td>Vitamina B9\/Folic acid (\u00b5g)<\/td>\n<td>120<\/td>\n<td>30,0<\/td>\n<td>15%<\/td>\n<\/tr>\n<tr>\n<td>Vitamina B12 (\u00b5g)<\/td>\n<td>1,5<\/td>\n<td>0,4<\/td>\n<td>15%<\/td>\n<\/tr>\n<\/tbody>\n<\/table>\n<p>*Valoarea de referin\u021b\u0103 a nutrien\u021bilor \u00een conformitate cu Regulamentul (UE) nr. 1169\/2011.<\/p>\n","protected":false},"excerpt":{"rendered":"<p>Cufunda\u021bi-v\u0103 \u00een gustul autentic al supei noastre de 8 legume \u0219i crutoane: un amestec perfect de legume \u0219i crutoane, ideal pentru o diet\u0103 s\u0103n\u0103toas\u0103. Bogat\u0103 \u00een proteine \u0219i s\u0103rac\u0103 \u00een gr\u0103simi \u0219i carbohidra\u021bi, este alegerea perfect\u0103 pentru un mod s\u0103n\u0103tos \u0219i pl\u0103cut de a avea grij\u0103 de tine. Produs\u0103 \u00een UE.<\/p>\n","protected":false},"featured_media":354,"comment_status":"open","ping_status":"closed","template":"","meta":[],"product_brand":[],"product_cat":[31],"product_tag":[],"class_list":{"0":"post-340","1":"product","2":"type-product","3":"status-publish","4":"has-post-thumbnail","6":"product_cat-produse-sarate","8":"first","9":"instock","10":"taxable","11":"shipping-taxable","12":"product-type-simple"},"_links":{"self":[{"href":"https:\/\/metabolika.online\/ro\/wp-json\/wp\/v2\/product\/340","targetHints":{"allow":["GET"]}}],"collection":[{"href":"https:\/\/metabolika.online\/ro\/wp-json\/wp\/v2\/product"}],"about":[{"href":"https:\/\/metabolika.online\/ro\/wp-json\/wp\/v2\/types\/product"}],"replies":[{"embeddable":true,"href":"https:\/\/metabolika.online\/ro\/wp-json\/wp\/v2\/comments?post=340"}],"wp:featuredmedia":[{"embeddable":true,"href":"https:\/\/metabolika.online\/ro\/wp-json\/wp\/v2\/media\/354"}],"wp:attachment":[{"href":"https:\/\/metabolika.online\/ro\/wp-json\/wp\/v2\/media?parent=340"}],"wp:term":[{"taxonomy":"product_brand","embeddable":true,"href":"https:\/\/metabolika.online\/ro\/wp-json\/wp\/v2\/product_brand?post=340"},{"taxonomy":"product_cat","embeddable":true,"href":"https:\/\/metabolika.online\/ro\/wp-json\/wp\/v2\/product_cat?post=340"},{"taxonomy":"product_tag","embeddable":true,"href":"https:\/\/metabolika.online\/ro\/wp-json\/wp\/v2\/product_tag?post=340"}],"curies":[{"name":"wp","href":"https:\/\/api.w.org\/{rel}","templated":true}]}}