{"id":337,"date":"2024-02-17T19:46:37","date_gmt":"2024-02-17T18:46:37","guid":{"rendered":"https:\/\/metabolika.online\/?post_type=product&#038;p=2514"},"modified":"2024-06-08T18:25:45","modified_gmt":"2024-06-08T15:25:45","slug":"cafea-cu-lapte","status":"publish","type":"product","link":"https:\/\/metabolika.online\/ro\/shop\/cafea-cu-lapte\/","title":{"rendered":"Cafea cu Lapte \u2615 (7 unit\u0103\u021bi)"},"content":{"rendered":"<h3>Caracteristicile produsului<\/h3>\n<p>B\u0103utur\u0103 de cafea cu arom\u0103 de lapte:<\/p>\n<ul>\n<li>Bogat\u0103 \u00een proteine<\/li>\n<li>Sc\u0103zut\u0103 \u00een gr\u0103simi \/ cu con\u021binut redus de gr\u0103simi (-53%)*.<\/li>\n<li>Cu un con\u021binut sc\u0103zut de zaharuri<\/li>\n<\/ul>\n<p>*Calculat \u00een compara\u021bie cu produsul de referin\u021b\u0103 &#8222;Cafea gata de b\u0103ut cu lapte sau cafea alb\u0103 sau cappuccino, instant sau instant, f\u0103r\u0103 zah\u0103r&#8221; (date CIQUAL 2020).<\/p>\n<h3>Instruc\u021biuni de utilizare<\/h3>\n<div>Ad\u0103ug\u0103 170 ml de ap\u0103 la 25 de grame de pulbere \u0219i amestec\u0103 p\u00e2n\u0103 c\u00e2nd se omogenizeaz\u0103 complet. Se pune la cuptorul cu microunde timp de 1 minut. Consum\u0103 \u00een termen de o or\u0103 de la rehidratare.<\/div>\n<div><\/div>\n<h3>Ingrediente<\/h3>\n<div>Proteine din <em><strong>lapte<\/strong><\/em> (emulgator: lecitine), <em><strong>lapte<\/strong><\/em> praf degresat (11%), cafea instant (5%), <em><strong>sm\u00e2nt\u00e2n\u0103<\/strong><\/em> pudr\u0103, arome, inulin\u0103, pudr\u0103 de cacao degresat\u0103, sare, agen\u021bi de \u00eengro\u0219are: gum\u0103 de xantan \u0219i gum\u0103 de guar, agent antiaglomerant: carbonat de magneziu, \u00eendulcitor: sucraloz\u0103.<\/div>\n<div><\/div>\n<div>Alergeni. <em><strong>Lapte.<\/strong><\/em> Poate con\u021bine urme de: crustacee, ou, pe\u0219te, soia, nuci, \u021belin\u0103.<\/div>\n<div><\/div>\n<h3>Tabel nutri\u021bional<\/h3>\n<table border=\"0\">\n<tbody>\n<tr>\n<th>Nutrien\u021bi<\/th>\n<th>Cantitate la 100 g<\/th>\n<th>Cantitate la 25 g<\/th>\n<\/tr>\n<tr>\n<td>Energie (kJ\/kcal)<\/td>\n<td>1533 \/ 362<\/td>\n<td>383 \/ 91<\/td>\n<\/tr>\n<tr>\n<td>Gr\u0103simi (g)<\/td>\n<td>2,9<\/td>\n<td>0,7<\/td>\n<\/tr>\n<tr>\n<td>din care saturate (g)<\/td>\n<td>2,0<\/td>\n<td>0,5<\/td>\n<\/tr>\n<tr>\n<td>Carbohidra\u021bi (g)<\/td>\n<td>13<\/td>\n<td>3,2<\/td>\n<\/tr>\n<tr>\n<td>din care zaharuri (g)<\/td>\n<td>10<\/td>\n<td>2,5<\/td>\n<\/tr>\n<tr>\n<td>Fibre (g)<\/td>\n<td>5,1<\/td>\n<td>1,3<\/td>\n<\/tr>\n<tr>\n<td>Proteine (g)<\/td>\n<td>69<\/td>\n<td>17<\/td>\n<\/tr>\n<tr>\n<td>Sare (g)<\/td>\n<td>1,5<\/td>\n<td>0,38<\/td>\n<\/tr>\n<\/tbody>\n<\/table>\n<h3>Minerale<\/h3>\n<table border=\"0\">\n<tbody>\n<tr>\n<th>Mineral (Unidad)<\/th>\n<th>Cantitate la 100 g<\/th>\n<th>Cantitate la 25 g<\/th>\n<th>% VRN (25 g)<\/th>\n<\/tr>\n<tr>\n<td>Sodiu (mg)<\/td>\n<td>616<\/td>\n<td>154<\/td>\n<td>&#8211;<\/td>\n<\/tr>\n<tr>\n<td>Potasiu (mg)<\/td>\n<td>580<\/td>\n<td>145<\/td>\n<td>7%<\/td>\n<\/tr>\n<tr>\n<td>Calciu (mg)<\/td>\n<td>1140<\/td>\n<td>285<\/td>\n<td>36%<\/td>\n<\/tr>\n<tr>\n<td>Fosfor (mg)<\/td>\n<td>633<\/td>\n<td>158<\/td>\n<td>23%<\/td>\n<\/tr>\n<tr>\n<td>Magneziu (mg)<\/td>\n<td>162<\/td>\n<td>40,5<\/td>\n<td>11%<\/td>\n<\/tr>\n<\/tbody>\n<\/table>\n<p><!-- No hay informaci\u00f3n de vitaminas que mostrar --><\/p>\n<p>*Valoarea de referin\u021b\u0103 a nutrien\u021bilor \u00een conformitate cu Regulamentul (UE) nr. 1169\/2011.<\/p>\n","protected":false},"excerpt":{"rendered":"<p>Bucur\u0103-te de gustul unic al b\u0103uturii noastre Cafea cu lapte Gluten Free, o b\u0103utur\u0103 delicioas\u0103 \u0219i nutritiv\u0103, ideal\u0103 pentru a-\u021bi \u00eencepe ziua. Cu un con\u021binut ridicat de proteine \u0219i un con\u021binut sc\u0103zut de gr\u0103simi \u0219i carbohidra\u021bi, acest produs este perfect pentru o diet\u0103 echilibrat\u0103, f\u0103r\u0103 gluten.<\/p>\n","protected":false},"featured_media":346,"comment_status":"open","ping_status":"closed","template":"","meta":[],"product_brand":[],"product_cat":[19],"product_tag":[],"class_list":{"0":"post-337","1":"product","2":"type-product","3":"status-publish","4":"has-post-thumbnail","6":"product_cat-bauturi","8":"first","9":"instock","10":"taxable","11":"shipping-taxable","12":"product-type-simple"},"_links":{"self":[{"href":"https:\/\/metabolika.online\/ro\/wp-json\/wp\/v2\/product\/337","targetHints":{"allow":["GET"]}}],"collection":[{"href":"https:\/\/metabolika.online\/ro\/wp-json\/wp\/v2\/product"}],"about":[{"href":"https:\/\/metabolika.online\/ro\/wp-json\/wp\/v2\/types\/product"}],"replies":[{"embeddable":true,"href":"https:\/\/metabolika.online\/ro\/wp-json\/wp\/v2\/comments?post=337"}],"wp:featuredmedia":[{"embeddable":true,"href":"https:\/\/metabolika.online\/ro\/wp-json\/wp\/v2\/media\/346"}],"wp:attachment":[{"href":"https:\/\/metabolika.online\/ro\/wp-json\/wp\/v2\/media?parent=337"}],"wp:term":[{"taxonomy":"product_brand","embeddable":true,"href":"https:\/\/metabolika.online\/ro\/wp-json\/wp\/v2\/product_brand?post=337"},{"taxonomy":"product_cat","embeddable":true,"href":"https:\/\/metabolika.online\/ro\/wp-json\/wp\/v2\/product_cat?post=337"},{"taxonomy":"product_tag","embeddable":true,"href":"https:\/\/metabolika.online\/ro\/wp-json\/wp\/v2\/product_tag?post=337"}],"curies":[{"name":"wp","href":"https:\/\/api.w.org\/{rel}","templated":true}]}}