{"id":329,"date":"2024-02-17T19:46:37","date_gmt":"2024-02-17T18:46:37","guid":{"rendered":"https:\/\/metabolika.online\/ro\/?post_type=product&#038;p=329"},"modified":"2024-06-08T18:28:09","modified_gmt":"2024-06-08T15:28:09","slug":"bautura-de-ceai-cu-piersici","status":"publish","type":"product","link":"https:\/\/metabolika.online\/ro\/shop\/bautura-de-ceai-cu-piersici\/","title":{"rendered":"B\u0103utur\u0103 r\u0103coritoare cu piersici  \ud83c\udf51 (7 unit\u0103\u021bi)"},"content":{"rendered":"<h3>Caracteristicile produsului<\/h3>\n<p>B\u0103utur\u0103 cu arom\u0103 de ceai \u0219i piersici:<\/p>\n<ul>\n<li>Bogat \u00een proteine<\/li>\n<li>Cu un con\u021binut sc\u0103zut de gr\u0103simi \u0219i zaharuri<\/li>\n<\/ul>\n<h3>Instruc\u021biuni de utilizare<\/h3>\n<p>Ad\u0103ug\u0103 200 ml de ap\u0103 proasp\u0103t\u0103 la 25 de grame de pulbere \u0219i amestec\u0103 p\u00e2n\u0103 c\u00e2nd se dizolv\u0103 complet. Consum\u0103 \u00een termen de o or\u0103 de la rehidratare.<\/p>\n<h3>Ingrediente<\/h3>\n<div>Proteine din <em><strong>lapte <\/strong><\/em>(emulgator: lecitine [<em><strong>soia<\/strong><\/em>]), polidextroz\u0103, pudr\u0103 de piersici (extract uscat de piersici 40%) (5,9%), arome, acid: acid citric, regulator de aciditate: citrat de sodiu, vitamine (C, B3, E, B5, B6, B2, B1, A, B9, B8, B12), maltodextrin\u0103, \u00eendulcitor: sucraloz\u0103 \u0219i acesulfam de potasiu.<\/div>\n<div><\/div>\n<div>Alergeni. <em><strong>Lapte<\/strong><\/em>. Poate con\u021bine urme de: gluten, crustacee, ou, pe\u0219te, nuci, \u021belin\u0103.<\/div>\n<div><\/div>\n<h3>Tabel nutri\u021bional<\/h3>\n<table border=\"0\">\n<tbody>\n<tr>\n<th>Nutrien\u021bi<\/th>\n<th>Cantitate la 100 g<\/th>\n<th>Cantitate la 25 g<\/th>\n<\/tr>\n<tr>\n<td>Energie (kJ\/kcal)<\/td>\n<td>1430 \/ 339<\/td>\n<td>357 \/ 85<\/td>\n<\/tr>\n<tr>\n<td>Gr\u0103simi (g)<\/td>\n<td>1,0<\/td>\n<td>0,3<\/td>\n<\/tr>\n<tr>\n<td>din care saturate (g)<\/td>\n<td>0,4<\/td>\n<td>0,1<\/td>\n<\/tr>\n<tr>\n<td>Carbohidra\u021bi (g)<\/td>\n<td>12<\/td>\n<td>2,9<\/td>\n<\/tr>\n<tr>\n<td>din care zaharuri (g)<\/td>\n<td>2,9<\/td>\n<td>0,7<\/td>\n<\/tr>\n<tr>\n<td>Fibre (g)<\/td>\n<td>20<\/td>\n<td>5,0<\/td>\n<\/tr>\n<tr>\n<td>Proteine (g)<\/td>\n<td>61<\/td>\n<td>15<\/td>\n<\/tr>\n<tr>\n<td>Sare (g)<\/td>\n<td>1,2<\/td>\n<td>0,29<\/td>\n<\/tr>\n<\/tbody>\n<\/table>\n<h3>Minerale<\/h3>\n<table border=\"0\">\n<tbody>\n<tr>\n<th>Minerale (Unidad)<\/th>\n<th>Cantitate (100 g)<\/th>\n<th>Cantitate (25 g)<\/th>\n<th>% VRN (25 g)<\/th>\n<\/tr>\n<tr>\n<td>Sodiu (mg)<\/td>\n<td>513<\/td>\n<td>128<\/td>\n<td>&#8211;<\/td>\n<\/tr>\n<tr>\n<td>Potasiu (mg)<\/td>\n<td>89,2<\/td>\n<td>22,3<\/td>\n<td>1%<\/td>\n<\/tr>\n<tr>\n<td>Calciu (mg)<\/td>\n<td>93,4<\/td>\n<td>23,3<\/td>\n<td>3%<\/td>\n<\/tr>\n<tr>\n<td>Fosfor (mg)<\/td>\n<td>50,3<\/td>\n<td>12,6<\/td>\n<td>2%<\/td>\n<\/tr>\n<tr>\n<td>Magneziu (mg)<\/td>\n<td>15,6<\/td>\n<td>3,91<\/td>\n<td>1%<\/td>\n<\/tr>\n<\/tbody>\n<\/table>\n<h3>Vitamine<\/h3>\n<table border=\"0\">\n<tbody>\n<tr>\n<th>Vitamine (Unidad)<\/th>\n<th>Cantitate (100 g)<\/th>\n<th>Cantitate (25 g)<\/th>\n<th>% VRN (25 g)<\/th>\n<\/tr>\n<tr>\n<td>Vitamina A (\u00b5g)<\/td>\n<td>480<\/td>\n<td>120<\/td>\n<td>15%<\/td>\n<\/tr>\n<tr>\n<td>Vitamina C (mg)<\/td>\n<td>48<\/td>\n<td>12<\/td>\n<td>15%<\/td>\n<\/tr>\n<tr>\n<td>Vitamina E (mg)<\/td>\n<td>7,2<\/td>\n<td>1,8<\/td>\n<td>15%<\/td>\n<\/tr>\n<tr>\n<td>Vitamina B1\/Thiamin (mg)<\/td>\n<td>0,7<\/td>\n<td>0,2<\/td>\n<td>15%<\/td>\n<\/tr>\n<tr>\n<td>Vitamina B2\/Riboflavin (mg)<\/td>\n<td>0,8<\/td>\n<td>0,2<\/td>\n<td>15%<\/td>\n<\/tr>\n<tr>\n<td>Vitamina B3\/Niacin (mg)<\/td>\n<td>9,6<\/td>\n<td>2,4<\/td>\n<td>15%<\/td>\n<\/tr>\n<tr>\n<td>Vitamina B5\/Pantothenic acid (mg)<\/td>\n<td>3,6<\/td>\n<td>0,9<\/td>\n<td>15%<\/td>\n<\/tr>\n<tr>\n<td>Vitamina B6 (mg)<\/td>\n<td>0,8<\/td>\n<td>0,2<\/td>\n<td>15%<\/td>\n<\/tr>\n<tr>\n<td>Vitamina B8\/Biotin (\u00b5g)<\/td>\n<td>30<\/td>\n<td>7,5<\/td>\n<td>15%<\/td>\n<\/tr>\n<tr>\n<td>Vitamina B9\/Folic acid (\u00b5g)<\/td>\n<td>120<\/td>\n<td>30,0<\/td>\n<td>15%<\/td>\n<\/tr>\n<tr>\n<td>Vitamina B12 (\u00b5g)<\/td>\n<td>1,5<\/td>\n<td>0,4<\/td>\n<td>15%<\/td>\n<\/tr>\n<\/tbody>\n<\/table>\n<p>*Valoarea de referin\u021b\u0103 a nutrien\u021bilor \u00een conformitate cu Regulamentul (UE) nr. 1169\/2011.<\/p>\n","protected":false},"excerpt":{"rendered":"<p>Experimenteaz\u0103 gustul revigorant al b\u0103uturii noastre de ceai cu piersici perfect\u0103 pentru orice moment al zilei. \u00cembog\u0103\u021bit\u0103 cu proteine \u0219i cu un con\u021binut sc\u0103zut \u00een gr\u0103simi \u0219i zah\u0103r, este ideal\u0103 pentru a te men\u021bine hidratat \u00eentr-un mod s\u0103n\u0103tos.<\/p>\n","protected":false},"featured_media":356,"comment_status":"open","ping_status":"closed","template":"","meta":[],"product_brand":[],"product_cat":[19],"product_tag":[],"class_list":{"0":"post-329","1":"product","2":"type-product","3":"status-publish","4":"has-post-thumbnail","6":"product_cat-bauturi","8":"first","9":"instock","10":"taxable","11":"shipping-taxable","12":"product-type-simple"},"_links":{"self":[{"href":"https:\/\/metabolika.online\/ro\/wp-json\/wp\/v2\/product\/329","targetHints":{"allow":["GET"]}}],"collection":[{"href":"https:\/\/metabolika.online\/ro\/wp-json\/wp\/v2\/product"}],"about":[{"href":"https:\/\/metabolika.online\/ro\/wp-json\/wp\/v2\/types\/product"}],"replies":[{"embeddable":true,"href":"https:\/\/metabolika.online\/ro\/wp-json\/wp\/v2\/comments?post=329"}],"wp:featuredmedia":[{"embeddable":true,"href":"https:\/\/metabolika.online\/ro\/wp-json\/wp\/v2\/media\/356"}],"wp:attachment":[{"href":"https:\/\/metabolika.online\/ro\/wp-json\/wp\/v2\/media?parent=329"}],"wp:term":[{"taxonomy":"product_brand","embeddable":true,"href":"https:\/\/metabolika.online\/ro\/wp-json\/wp\/v2\/product_brand?post=329"},{"taxonomy":"product_cat","embeddable":true,"href":"https:\/\/metabolika.online\/ro\/wp-json\/wp\/v2\/product_cat?post=329"},{"taxonomy":"product_tag","embeddable":true,"href":"https:\/\/metabolika.online\/ro\/wp-json\/wp\/v2\/product_tag?post=329"}],"curies":[{"name":"wp","href":"https:\/\/api.w.org\/{rel}","templated":true}]}}