{"id":96,"date":"2024-02-17T19:46:37","date_gmt":"2024-02-17T18:46:37","guid":{"rendered":"https:\/\/metabolika.online\/?post_type=product&#038;p=2515"},"modified":"2025-01-16T11:17:28","modified_gmt":"2025-01-16T17:17:28","slug":"tea-peach-drink","status":"publish","type":"product","link":"https:\/\/metabolika.online\/cr\/producto\/tea-peach-drink\/","title":{"rendered":"Tea Peach Drink \ud83c\udf51"},"content":{"rendered":"<h3>Caracter\u00edsticas del Producto<\/h3>\n<p>Bebida con sabor a t\u00e9 con melocot\u00f3n:<\/p>\n<ul>\n<li>Alta en prote\u00ednas<\/li>\n<li>Baja en grasas<\/li>\n<li>Baja en az\u00facares<\/li>\n<\/ul>\n<h3>Instrucciones de uso<\/h3>\n<p>A\u00f1adir 200 ml de agua fresca a 25 gramos de polvo y remover hasta que est\u00e9 completamente mezclado. Consumir en la hora siguiente a la rehidrataci\u00f3n.<\/p>\n<h3>Ingredientes<\/h3>\n<p>Prote\u00ednas de <em><strong>leche<\/strong><\/em> (emulsionante: lecitinas [<em><strong>soja<\/strong><\/em>]), polidextrosa, polvo de durazno (extracto seco de durazno 40%) (5.9%), aromatizantes, \u00e1cido: \u00e1cido c\u00edtrico, regulador de acidez: citrato s\u00f3dico, vitaminas (C, B3, E, B5, B6, B2, B1, A, B9, B8, B12), maltodextrina, edulcorante: sucralosa y acesulfamo pot\u00e1sico.<\/p>\n<p>Al\u00e9rgenos. <strong><em>Leche<\/em><\/strong><b>. <\/b>Puede contener trazas de: gluten, crust\u00e1ceos, huevo, pescado, frutos secos, apio.<\/p>\n<h3>Tabla Nutricional<\/h3>\n<table border=\"0\">\n<tbody>\n<tr>\n<th>Nutriente<\/th>\n<th>Cantidad por 100 g<\/th>\n<th>Cantidad por 25 g<\/th>\n<\/tr>\n<tr>\n<td>Energ\u00eda (kJ\/kcal)<\/td>\n<td>1430 \/ 339<\/td>\n<td>357 \/ 85<\/td>\n<\/tr>\n<tr>\n<td>Grasas (g)<\/td>\n<td>1,0<\/td>\n<td>0,3<\/td>\n<\/tr>\n<tr>\n<td>de las cuales saturadas (g)<\/td>\n<td>0,4<\/td>\n<td>0,1<\/td>\n<\/tr>\n<tr>\n<td>Hidratos de carbono (g)<\/td>\n<td>12<\/td>\n<td>2,9<\/td>\n<\/tr>\n<tr>\n<td>de los cuales az\u00facares (g)<\/td>\n<td>2,9<\/td>\n<td>0,7<\/td>\n<\/tr>\n<tr>\n<td>Fibra (g)<\/td>\n<td>20<\/td>\n<td>5,0<\/td>\n<\/tr>\n<tr>\n<td>Prote\u00ednas (g)<\/td>\n<td>61<\/td>\n<td>15<\/td>\n<\/tr>\n<tr>\n<td>Sal (g)<\/td>\n<td>1,2<\/td>\n<td>0,29<\/td>\n<\/tr>\n<\/tbody>\n<\/table>\n<h3>Minerales<\/h3>\n<table border=\"0\">\n<tbody>\n<tr>\n<th>Mineral (Unidad)<\/th>\n<th>Cantidad (100 g)<\/th>\n<th>Cantidad (25 g)<\/th>\n<th>% VRN (25 g)<\/th>\n<\/tr>\n<tr>\n<td>Sodio (mg)<\/td>\n<td>513<\/td>\n<td>128<\/td>\n<td>&#8211;<\/td>\n<\/tr>\n<tr>\n<td>Potasio (mg)<\/td>\n<td>89,2<\/td>\n<td>22,3<\/td>\n<td>1%<\/td>\n<\/tr>\n<tr>\n<td>Calcio (mg)<\/td>\n<td>93,4<\/td>\n<td>23,3<\/td>\n<td>3%<\/td>\n<\/tr>\n<tr>\n<td>F\u00f3sforo (mg)<\/td>\n<td>50,3<\/td>\n<td>12,6<\/td>\n<td>2%<\/td>\n<\/tr>\n<tr>\n<td>Magnesio (mg)<\/td>\n<td>15,6<\/td>\n<td>3,91<\/td>\n<td>1%<\/td>\n<\/tr>\n<\/tbody>\n<\/table>\n<h3>Vitaminas<\/h3>\n<table border=\"0\">\n<tbody>\n<tr>\n<th>Vitamina (Unidad)<\/th>\n<th>Cantidad (100 g)<\/th>\n<th>Cantidad (25 g)<\/th>\n<th>% VRN (25 g)<\/th>\n<\/tr>\n<tr>\n<td>Vitamina A (\u00b5g)<\/td>\n<td>480<\/td>\n<td>120<\/td>\n<td>15%<\/td>\n<\/tr>\n<tr>\n<td>Vitamina C (mg)<\/td>\n<td>48<\/td>\n<td>12<\/td>\n<td>15%<\/td>\n<\/tr>\n<tr>\n<td>Vitamina E (mg)<\/td>\n<td>7,2<\/td>\n<td>1,8<\/td>\n<td>15%<\/td>\n<\/tr>\n<tr>\n<td>Vitamina B1\/Thiamin (mg)<\/td>\n<td>0,7<\/td>\n<td>0,2<\/td>\n<td>15%<\/td>\n<\/tr>\n<tr>\n<td>Vitamina B2\/Riboflavin (mg)<\/td>\n<td>0,8<\/td>\n<td>0,2<\/td>\n<td>15%<\/td>\n<\/tr>\n<tr>\n<td>Vitamina B3\/Niacin (mg)<\/td>\n<td>9,6<\/td>\n<td>2,4<\/td>\n<td>15%<\/td>\n<\/tr>\n<tr>\n<td>Vitamina B5\/Pantothenic acid (mg)<\/td>\n<td>3,6<\/td>\n<td>0,9<\/td>\n<td>15%<\/td>\n<\/tr>\n<tr>\n<td>Vitamina B6 (mg)<\/td>\n<td>0,8<\/td>\n<td>0,2<\/td>\n<td>15%<\/td>\n<\/tr>\n<tr>\n<td>Vitamina B8\/Biotin (\u00b5g)<\/td>\n<td>30<\/td>\n<td>7,5<\/td>\n<td>15%<\/td>\n<\/tr>\n<tr>\n<td>Vitamina B9\/Folic acid (\u00b5g)<\/td>\n<td>120<\/td>\n<td>30,0<\/td>\n<td>15%<\/td>\n<\/tr>\n<tr>\n<td>Vitamina B12 (\u00b5g)<\/td>\n<td>1,5<\/td>\n<td>0,4<\/td>\n<td>15%<\/td>\n<\/tr>\n<\/tbody>\n<\/table>\n<p>*Valor Referencia de Nutrientes conforme a la Regulaci\u00f3n (EU) n\u00ba1169\/2011<\/p>\n","protected":false},"excerpt":{"rendered":"<p>Experimenta el refrescante sabor de nuestro Tea Peach Drink, una bebida de t\u00e9 con sabor a melocot\u00f3n perfecta para cualquier momento del d\u00eda. Enriquecida con prote\u00ednas y baja en grasas y az\u00facares, es ideal para mantenerse hidratado de forma saludable.<\/p>\n","protected":false},"featured_media":97,"comment_status":"open","ping_status":"closed","template":"","meta":[],"product_brand":[],"product_cat":[21],"product_tag":[],"class_list":{"0":"post-96","1":"product","2":"type-product","3":"status-publish","4":"has-post-thumbnail","6":"product_cat-bebidas","8":"first","9":"instock","10":"taxable","11":"shipping-taxable","12":"product-type-simple"},"_links":{"self":[{"href":"https:\/\/metabolika.online\/cr\/wp-json\/wp\/v2\/product\/96","targetHints":{"allow":["GET"]}}],"collection":[{"href":"https:\/\/metabolika.online\/cr\/wp-json\/wp\/v2\/product"}],"about":[{"href":"https:\/\/metabolika.online\/cr\/wp-json\/wp\/v2\/types\/product"}],"replies":[{"embeddable":true,"href":"https:\/\/metabolika.online\/cr\/wp-json\/wp\/v2\/comments?post=96"}],"wp:featuredmedia":[{"embeddable":true,"href":"https:\/\/metabolika.online\/cr\/wp-json\/wp\/v2\/media\/97"}],"wp:attachment":[{"href":"https:\/\/metabolika.online\/cr\/wp-json\/wp\/v2\/media?parent=96"}],"wp:term":[{"taxonomy":"product_brand","embeddable":true,"href":"https:\/\/metabolika.online\/cr\/wp-json\/wp\/v2\/product_brand?post=96"},{"taxonomy":"product_cat","embeddable":true,"href":"https:\/\/metabolika.online\/cr\/wp-json\/wp\/v2\/product_cat?post=96"},{"taxonomy":"product_tag","embeddable":true,"href":"https:\/\/metabolika.online\/cr\/wp-json\/wp\/v2\/product_tag?post=96"}],"curies":[{"name":"wp","href":"https:\/\/api.w.org\/{rel}","templated":true}]}}