{"id":92,"date":"2024-02-17T19:46:37","date_gmt":"2024-02-17T18:46:37","guid":{"rendered":"https:\/\/metabolika.online\/?post_type=product&#038;p=2517"},"modified":"2025-01-16T11:17:39","modified_gmt":"2025-01-16T17:17:39","slug":"apple-caramel-crepe","status":"publish","type":"product","link":"https:\/\/metabolika.online\/cr\/producto\/apple-caramel-crepe\/","title":{"rendered":"Apple Caramel Crepe \ud83c\udf4f\ud83c\udf6e"},"content":{"rendered":"<h3>Caracter\u00edsticas del Producto<\/h3>\n<p>Crepe con sabor a manzana y caramelo:<\/p>\n<ul>\n<li>Alta en prote\u00ednas<\/li>\n<li>Baja en grasas \/ Reducida en grasas (-88%)*<\/li>\n<li>Baja en az\u00facares \/ Reducida en az\u00facares (-91%)*<\/li>\n<li>Reducida en carbohidratos (-91%)*<\/li>\n<li>Reducci\u00f3n energ\u00e9tica del 76% &#8211; menos grasas y carbohidratos<\/li>\n<li>*Comparado con el producto de referencia \u00abCrepe rellena de az\u00facar envasada\u00bb (datos CIQUAL 2020)<\/li>\n<\/ul>\n<h3>Instrucciones de uso<\/h3>\n<p>A\u00f1adir 75 ml de agua a 25 gramos de polvo, remover hasta que est\u00e9 completamente mezclado y cocer suavemente en una sart\u00e9n antiadherente. Consumir en la hora siguiente a la rehidrataci\u00f3n.<\/p>\n<h3>Ingredientes<\/h3>\n<p>Clara de <em><strong>huevo<\/strong><\/em> y yema, <em><strong>gluten<\/strong> <\/em>de trigo, prote\u00ednas de<em><strong> leche<\/strong><\/em> (emulsionante: lecitinas [<em><strong>soja<\/strong><\/em>]), harina de <em><strong>trigo<\/strong><\/em>, sacarosa, hojuelas de manzana (manzana, sacarosa, almid\u00f3n de ma\u00edz) (2,5%), agentes leudantes: difosfatos y carbonatos de sodio (contienen: <em><strong>trigo<\/strong><\/em>), aromatizantes, antiaglomerante: carbonato de magnesio, vitaminas (C, E, B3, A, B5, B12, B6, B1, B2, B9, B8), maltodextrina.<\/p>\n<p>Al\u00e9rgenos. <b><em>Huevo, trigo, leche, soja<\/em>. <\/b>Puede contener trazas de: crust\u00e1ceos, pescado, frutos secos, apio.<\/p>\n<h3>Tabla Nutricional<\/h3>\n<table border=\"0\">\n<tbody>\n<tr>\n<th>Nutriente<\/th>\n<th>Cantidad por 100 g<\/th>\n<th>Cantidad por 25 g<\/th>\n<\/tr>\n<tr>\n<td>Energ\u00eda (kJ\/kcal)<\/td>\n<td>1661 \/ 393<\/td>\n<td>415 \/ 98<\/td>\n<\/tr>\n<tr>\n<td>Grasas (g)<\/td>\n<td>7,7<\/td>\n<td>1,9<\/td>\n<\/tr>\n<tr>\n<td>de las cuales saturadas (g)<\/td>\n<td>2,3<\/td>\n<td>0,6<\/td>\n<\/tr>\n<tr>\n<td>Hidratos de carbono (g)<\/td>\n<td>20<\/td>\n<td>5,0<\/td>\n<\/tr>\n<tr>\n<td>de los cuales az\u00facares (g)<\/td>\n<td>11<\/td>\n<td>2,7<\/td>\n<\/tr>\n<tr>\n<td>Fibra (g)<\/td>\n<td>0,8<\/td>\n<td>0,2<\/td>\n<\/tr>\n<tr>\n<td>Prote\u00ednas (g)<\/td>\n<td>61<\/td>\n<td>15<\/td>\n<\/tr>\n<tr>\n<td>Sal (g)<\/td>\n<td>1,1<\/td>\n<td>0,27<\/td>\n<\/tr>\n<\/tbody>\n<\/table>\n<h3>Minerales<\/h3>\n<table border=\"0\">\n<tbody>\n<tr>\n<th>Mineral (Unidad)<\/th>\n<th>Cantidad (100 g)<\/th>\n<th>Cantidad (25 g)<\/th>\n<th>% VRN (25 g)<\/th>\n<\/tr>\n<tr>\n<td>Sodio (mg)<\/td>\n<td>430<\/td>\n<td>108<\/td>\n<td>\/<\/td>\n<\/tr>\n<tr>\n<td>Potasio (mg)<\/td>\n<td>254<\/td>\n<td>63,4<\/td>\n<td>3%<\/td>\n<\/tr>\n<tr>\n<td>Calcio (mg)<\/td>\n<td>429<\/td>\n<td>107<\/td>\n<td>13%<\/td>\n<\/tr>\n<tr>\n<td>F\u00f3sforo (mg)<\/td>\n<td>448<\/td>\n<td>112<\/td>\n<td>16%<\/td>\n<\/tr>\n<tr>\n<td>Magnesio (mg)<\/td>\n<td>151<\/td>\n<td>37,8<\/td>\n<td>10%<\/td>\n<\/tr>\n<\/tbody>\n<\/table>\n<h3>Vitaminas<\/h3>\n<table border=\"0\">\n<tbody>\n<tr>\n<th>Vitamina (Unidad)<\/th>\n<th>Cantidad (100 g)<\/th>\n<th>Cantidad (25 g)<\/th>\n<th>% VRN (25 g)<\/th>\n<\/tr>\n<tr>\n<td>Vitamina A (\u00b5g)<\/td>\n<td>487<\/td>\n<td>122<\/td>\n<td>15%<\/td>\n<\/tr>\n<tr>\n<td>Vitamina C (mg)<\/td>\n<td>48<\/td>\n<td>12<\/td>\n<td>15%<\/td>\n<\/tr>\n<tr>\n<td>Vitamina E (mg)<\/td>\n<td>8,1<\/td>\n<td>2,0<\/td>\n<td>17%<\/td>\n<\/tr>\n<tr>\n<td>Vitamina B1\/Thiamin (mg)<\/td>\n<td>0,7<\/td>\n<td>0,2<\/td>\n<td>15%<\/td>\n<\/tr>\n<tr>\n<td>Vitamina B2\/Riboflavin (mg)<\/td>\n<td>1,6<\/td>\n<td>0,4<\/td>\n<td>29%<\/td>\n<\/tr>\n<tr>\n<td>Vitamina B3\/Niacin (mg)<\/td>\n<td>9,6<\/td>\n<td>2,4<\/td>\n<td>15%<\/td>\n<\/tr>\n<tr>\n<td>Vitamina B5\/Pantothenic acid (mg)<\/td>\n<td>4,9<\/td>\n<td>1,2<\/td>\n<td>20%<\/td>\n<\/tr>\n<tr>\n<td>Vitamina B6 (mg)<\/td>\n<td>0,9<\/td>\n<td>0,2<\/td>\n<td>17%<\/td>\n<\/tr>\n<tr>\n<td>Vitamina B8\/Biotin (\u00b5g)<\/td>\n<td>39<\/td>\n<td>9,8<\/td>\n<td>20%<\/td>\n<\/tr>\n<tr>\n<td>Vitamina B9\/Folic acid (\u00b5g)<\/td>\n<td>179<\/td>\n<td>44,8<\/td>\n<td>22%<\/td>\n<\/tr>\n<tr>\n<td>Vitamina B12 (\u00b5g)<\/td>\n<td>2,1<\/td>\n<td>0,5<\/td>\n<td>21%<\/td>\n<\/tr>\n<\/tbody>\n<\/table>\n<p>*Valor Referencia de Nutrientes conforme a la Regulaci\u00f3n (EU) n\u00ba1169\/2011<\/p>\n","protected":false},"excerpt":{"rendered":"<p>Descubre el irresistible sabor de nuestra crepe de manzana y caramelo, una deliciosa opci\u00f3n para un desayuno o merienda saludable. Alta en prote\u00ednas y baja en grasas y carbohidratos, es perfecta para disfrutar de un dulce sin culpas.<\/p>\n","protected":false},"featured_media":93,"comment_status":"open","ping_status":"closed","template":"","meta":[],"product_brand":[],"product_cat":[20],"product_tag":[],"class_list":{"0":"post-92","1":"product","2":"type-product","3":"status-publish","4":"has-post-thumbnail","6":"product_cat-postres","8":"first","9":"instock","10":"taxable","11":"shipping-taxable","12":"product-type-simple"},"_links":{"self":[{"href":"https:\/\/metabolika.online\/cr\/wp-json\/wp\/v2\/product\/92","targetHints":{"allow":["GET"]}}],"collection":[{"href":"https:\/\/metabolika.online\/cr\/wp-json\/wp\/v2\/product"}],"about":[{"href":"https:\/\/metabolika.online\/cr\/wp-json\/wp\/v2\/types\/product"}],"replies":[{"embeddable":true,"href":"https:\/\/metabolika.online\/cr\/wp-json\/wp\/v2\/comments?post=92"}],"wp:featuredmedia":[{"embeddable":true,"href":"https:\/\/metabolika.online\/cr\/wp-json\/wp\/v2\/media\/93"}],"wp:attachment":[{"href":"https:\/\/metabolika.online\/cr\/wp-json\/wp\/v2\/media?parent=92"}],"wp:term":[{"taxonomy":"product_brand","embeddable":true,"href":"https:\/\/metabolika.online\/cr\/wp-json\/wp\/v2\/product_brand?post=92"},{"taxonomy":"product_cat","embeddable":true,"href":"https:\/\/metabolika.online\/cr\/wp-json\/wp\/v2\/product_cat?post=92"},{"taxonomy":"product_tag","embeddable":true,"href":"https:\/\/metabolika.online\/cr\/wp-json\/wp\/v2\/product_tag?post=92"}],"curies":[{"name":"wp","href":"https:\/\/api.w.org\/{rel}","templated":true}]}}