{"id":88,"date":"2024-02-17T19:46:38","date_gmt":"2024-02-17T18:46:38","guid":{"rendered":"https:\/\/metabolika.online\/?post_type=product&#038;p=2523"},"modified":"2025-01-16T11:17:09","modified_gmt":"2025-01-16T17:17:09","slug":"ham-saussage-gf","status":"publish","type":"product","link":"https:\/\/metabolika.online\/cr\/producto\/ham-saussage-gf\/","title":{"rendered":"Ham Saussage GF \ud83e\udd53\u200b"},"content":{"rendered":"<h3>Caracter\u00edsticas del Producto<\/h3>\n<ul>\n<li>Especialidad de carne seca rebanada, reducida en grasa (-65%)* y alta en prote\u00ednas<\/li>\n<li>Reducci\u00f3n energ\u00e9tica del 36%* en comparaci\u00f3n con el producto de referencia \u00absalchicha seca\u00bb<\/li>\n<li>Libre de gluten<\/li>\n<\/ul>\n<p>* Calculado en comparaci\u00f3n con el producto de referencia \u00absalchicha seca\u00bb (datos CIQUAL 2017).<\/p>\n<h3>Ingredientes<\/h3>\n<p>Carne de cerdo*, sal, conservantes: nitrito de sodio y nitrato de potasio, <em><strong>lactosa<\/strong><\/em>, <em><strong>leche<\/strong><\/em> en polvo, sacarosa, dextrosa, vino, especias (pimienta, nuez moscada), ajo, fermentos. *Origen: Pa\u00edses de la UE. Se utilizaron 180 g de carne de cerdo para obtener 100 g de producto acabado.<\/p>\n<p>Al\u00e9rgenos. <em><b>Leche, lactosa.<\/b><\/em><\/p>\n<h3>Valores Nutricionales<\/h3>\n<table border=\"0\">\n<tbody>\n<tr>\n<th>Nutriente<\/th>\n<th>Cantidad por 100 g<\/th>\n<th>Cantidad por 30 g<\/th>\n<\/tr>\n<tr>\n<td>Energ\u00eda (kJ\/kcal)<\/td>\n<td>1108 \/ 264<\/td>\n<td>332 \/ 79<\/td>\n<\/tr>\n<tr>\n<td>Grasas (g)<\/td>\n<td>12<\/td>\n<td>3,7<\/td>\n<\/tr>\n<tr>\n<td>de las cuales saturadas (g)<\/td>\n<td>4,3<\/td>\n<td>1,3<\/td>\n<\/tr>\n<tr>\n<td>Hidratos de carbono (g)<\/td>\n<td>2,7<\/td>\n<td>0,8<\/td>\n<\/tr>\n<tr>\n<td>de los cuales az\u00facares (g)<\/td>\n<td>1,5<\/td>\n<td>0,5<\/td>\n<\/tr>\n<tr>\n<td>Prote\u00ednas (g)<\/td>\n<td>36<\/td>\n<td>11<\/td>\n<\/tr>\n<tr>\n<td>Sal (g)<\/td>\n<td>4,5<\/td>\n<td>1,3<\/td>\n<\/tr>\n<\/tbody>\n<\/table>\n","protected":false},"excerpt":{"rendered":"<p>Disfruta de la deliciosa y saludable alternativa con el Ham Saussage GF, un snack reducido en grasa y alto en prote\u00ednas, perfecto para una dieta equilibrada y sin gluten.<\/p>\n<h2><\/h2>\n","protected":false},"featured_media":89,"comment_status":"open","ping_status":"closed","template":"","meta":[],"product_brand":[],"product_cat":[19],"product_tag":[],"class_list":{"0":"post-88","1":"product","2":"type-product","3":"status-publish","4":"has-post-thumbnail","6":"product_cat-listos-para-consumir","8":"first","9":"instock","10":"taxable","11":"shipping-taxable","12":"product-type-simple"},"_links":{"self":[{"href":"https:\/\/metabolika.online\/cr\/wp-json\/wp\/v2\/product\/88","targetHints":{"allow":["GET"]}}],"collection":[{"href":"https:\/\/metabolika.online\/cr\/wp-json\/wp\/v2\/product"}],"about":[{"href":"https:\/\/metabolika.online\/cr\/wp-json\/wp\/v2\/types\/product"}],"replies":[{"embeddable":true,"href":"https:\/\/metabolika.online\/cr\/wp-json\/wp\/v2\/comments?post=88"}],"wp:featuredmedia":[{"embeddable":true,"href":"https:\/\/metabolika.online\/cr\/wp-json\/wp\/v2\/media\/89"}],"wp:attachment":[{"href":"https:\/\/metabolika.online\/cr\/wp-json\/wp\/v2\/media?parent=88"}],"wp:term":[{"taxonomy":"product_brand","embeddable":true,"href":"https:\/\/metabolika.online\/cr\/wp-json\/wp\/v2\/product_brand?post=88"},{"taxonomy":"product_cat","embeddable":true,"href":"https:\/\/metabolika.online\/cr\/wp-json\/wp\/v2\/product_cat?post=88"},{"taxonomy":"product_tag","embeddable":true,"href":"https:\/\/metabolika.online\/cr\/wp-json\/wp\/v2\/product_tag?post=88"}],"curies":[{"name":"wp","href":"https:\/\/api.w.org\/{rel}","templated":true}]}}