{"id":86,"date":"2024-02-17T19:46:38","date_gmt":"2024-02-17T18:46:38","guid":{"rendered":"https:\/\/metabolika.online\/?post_type=product&#038;p=2524"},"modified":"2025-01-16T11:17:03","modified_gmt":"2025-01-16T17:17:03","slug":"dark-chocolate-protein-bites-gf","status":"publish","type":"product","link":"https:\/\/metabolika.online\/cr\/producto\/dark-chocolate-protein-bites-gf\/","title":{"rendered":"Dark Chocolate Protein Bites GF \ud83c\udf6b"},"content":{"rendered":"<h3>Caracter\u00edsticas del Producto<\/h3>\n<ul>\n<li>Bocados de chocolate oscuro con alto contenido de prote\u00ednas y bajos en az\u00facares<\/li>\n<li>Ideal para un snack nutritivo y delicioso<\/li>\n<\/ul>\n<h3>Ingredientes<\/h3>\n<p>Chocolate oscuro con edulcorante (pasta de cacao, edulcorante: maltitol, manteca de cacao, emulsionante: lecitina de <em><strong>soja<\/strong><\/em>, aromatizante), hojuelas de <em><strong>soja<\/strong><\/em> (prote\u00edna aislada de <em><strong>soja<\/strong><\/em>, cacao, almid\u00f3n de tapioca), concentrado de prote\u00edna de <em><strong>soja. <\/strong><\/em>El consumo excesivo puede producir efectos laxantes.<\/p>\n<p>Al\u00e9rgenos:<em><strong> soja<\/strong><\/em><\/p>\n<h3>Valores Nutricionales Promedio<\/h3>\n<table border=\"0\">\n<tbody>\n<tr>\n<th>Nutriente<\/th>\n<th>Cantidad por 100 g<\/th>\n<th>Cantidad por 24 g<\/th>\n<\/tr>\n<tr>\n<td>Energ\u00eda (kJ\/kcal)<\/td>\n<td>1781 \/ 428<\/td>\n<td>427 \/ 103<\/td>\n<\/tr>\n<tr>\n<td>Grasas (g)<\/td>\n<td>23<\/td>\n<td>5,5<\/td>\n<\/tr>\n<tr>\n<td>de las cuales saturadas (g)<\/td>\n<td>13<\/td>\n<td>3,2<\/td>\n<\/tr>\n<tr>\n<td>Hidratos de carbono (g)<\/td>\n<td>30<\/td>\n<td>7,1<\/td>\n<\/tr>\n<tr>\n<td>de los cuales az\u00facares (g)<\/td>\n<td>1,9<\/td>\n<td>0,5<\/td>\n<\/tr>\n<tr>\n<td>de los cuales polioles (g)<\/td>\n<td>26<\/td>\n<td>6,2<\/td>\n<\/tr>\n<tr>\n<td>Fibra (g)<\/td>\n<td>9,1<\/td>\n<td>2,2<\/td>\n<\/tr>\n<tr>\n<td>Prote\u00ednas (g)<\/td>\n<td>31<\/td>\n<td>7,5<\/td>\n<\/tr>\n<tr>\n<td>Sal (g)<\/td>\n<td>0,43<\/td>\n<td>0,10<\/td>\n<\/tr>\n<\/tbody>\n<\/table>\n","protected":false},"excerpt":{"rendered":"<p>Del\u00e9itate con el rico sabor de los Bocaditos Proteicos de Chocolate Negro GF, un delicioso tentempi\u00e9 que combina el placer del chocolate negro con los beneficios de las prote\u00ednas. Perfectos para saciar tu apetito por lo dulce mientras mantienes tus objetivos de forma f\u00edsica.<\/p>\n","protected":false},"featured_media":87,"comment_status":"open","ping_status":"closed","template":"","meta":[],"product_brand":[],"product_cat":[19],"product_tag":[],"class_list":{"0":"post-86","1":"product","2":"type-product","3":"status-publish","4":"has-post-thumbnail","6":"product_cat-listos-para-consumir","8":"first","9":"instock","10":"taxable","11":"shipping-taxable","12":"product-type-simple"},"_links":{"self":[{"href":"https:\/\/metabolika.online\/cr\/wp-json\/wp\/v2\/product\/86","targetHints":{"allow":["GET"]}}],"collection":[{"href":"https:\/\/metabolika.online\/cr\/wp-json\/wp\/v2\/product"}],"about":[{"href":"https:\/\/metabolika.online\/cr\/wp-json\/wp\/v2\/types\/product"}],"replies":[{"embeddable":true,"href":"https:\/\/metabolika.online\/cr\/wp-json\/wp\/v2\/comments?post=86"}],"wp:featuredmedia":[{"embeddable":true,"href":"https:\/\/metabolika.online\/cr\/wp-json\/wp\/v2\/media\/87"}],"wp:attachment":[{"href":"https:\/\/metabolika.online\/cr\/wp-json\/wp\/v2\/media?parent=86"}],"wp:term":[{"taxonomy":"product_brand","embeddable":true,"href":"https:\/\/metabolika.online\/cr\/wp-json\/wp\/v2\/product_brand?post=86"},{"taxonomy":"product_cat","embeddable":true,"href":"https:\/\/metabolika.online\/cr\/wp-json\/wp\/v2\/product_cat?post=86"},{"taxonomy":"product_tag","embeddable":true,"href":"https:\/\/metabolika.online\/cr\/wp-json\/wp\/v2\/product_tag?post=86"}],"curies":[{"name":"wp","href":"https:\/\/api.w.org\/{rel}","templated":true}]}}