{"id":84,"date":"2024-02-17T19:46:38","date_gmt":"2024-02-17T18:46:38","guid":{"rendered":"https:\/\/metabolika.online\/?post_type=product&#038;p=2525"},"modified":"2025-01-16T11:16:51","modified_gmt":"2025-01-16T17:16:51","slug":"cocoa-uht-bottle","status":"publish","type":"product","link":"https:\/\/metabolika.online\/cr\/producto\/cocoa-uht-bottle\/","title":{"rendered":"Cocoa UHT Bottle \ud83c\udf6b"},"content":{"rendered":"<h3>Caracter\u00edsticas del Producto<\/h3>\n<p>Bebida de cacao UHT, con edulcurantes<\/p>\n<ul>\n<li>Baja en grasas y az\u00facares<\/li>\n<li>Alta en prote\u00ednas<\/li>\n<\/ul>\n<h3>Instrucciones de Uso<\/h3>\n<p>Agitar bien antes de abrir. Servir fr\u00edo.<\/p>\n<h3>Ingredientes<\/h3>\n<p>Agua, <em><strong>leche<\/strong><\/em> desnatada, prote\u00ednas de <em><strong>leche<\/strong><\/em>, <em><strong>crema,<\/strong><\/em> cacao en polvo desgrasado (12%), estabilizadores: celulosa y goma de celulosa y polifosfatos y carragenina, sal, edulcorante: sucralosa, saborizante.<\/p>\n<p>Al\u00e9rgenos: <em><strong>Leche<\/strong><\/em><\/p>\n<h2>Valores Nutricionales<\/h2>\n<table border=\"0\">\n<tbody>\n<tr>\n<th>Nutriente<\/th>\n<th>Cantidad por 100 ml<\/th>\n<th>Cantidad por 250 ml<\/th>\n<\/tr>\n<tr>\n<td>Energ\u00eda (kJ\/kcal)<\/td>\n<td>165 \/ 39<\/td>\n<td>413 \/ 99<\/td>\n<\/tr>\n<tr>\n<td>Grasas (g)<\/td>\n<td>1,2<\/td>\n<td>3,0<\/td>\n<\/tr>\n<tr>\n<td>de las cuales saturadas (g)<\/td>\n<td>0,8<\/td>\n<td>2,1<\/td>\n<\/tr>\n<tr>\n<td>Hidratos de carbono (g)<\/td>\n<td>0,8<\/td>\n<td>2,1<\/td>\n<\/tr>\n<tr>\n<td>de los cuales az\u00facares (g)<\/td>\n<td>0,6<\/td>\n<td>1,4<\/td>\n<\/tr>\n<tr>\n<td>Fibra (g)<\/td>\n<td>0,7<\/td>\n<td>1,8<\/td>\n<\/tr>\n<tr>\n<td>Prote\u00ednas (g)<\/td>\n<td>6,0<\/td>\n<td>15<\/td>\n<\/tr>\n<tr>\n<td>Sal (g)<\/td>\n<td>0,13<\/td>\n<td>0,31<\/td>\n<\/tr>\n<\/tbody>\n<\/table>\n","protected":false},"excerpt":{"rendered":"<p>Disfruta de la deliciosa y nutritiva bebida de cacao UHT esterilizada con edulcorante, baja en grasas y az\u00facares y alta en prote\u00ednas. Perfecta para un impulso energ\u00e9tico saludable.<\/p>\n","protected":false},"featured_media":85,"comment_status":"open","ping_status":"closed","template":"","meta":[],"product_brand":[],"product_cat":[19],"product_tag":[],"class_list":{"0":"post-84","1":"product","2":"type-product","3":"status-publish","4":"has-post-thumbnail","6":"product_cat-listos-para-consumir","8":"first","9":"instock","10":"taxable","11":"shipping-taxable","12":"product-type-simple"},"_links":{"self":[{"href":"https:\/\/metabolika.online\/cr\/wp-json\/wp\/v2\/product\/84","targetHints":{"allow":["GET"]}}],"collection":[{"href":"https:\/\/metabolika.online\/cr\/wp-json\/wp\/v2\/product"}],"about":[{"href":"https:\/\/metabolika.online\/cr\/wp-json\/wp\/v2\/types\/product"}],"replies":[{"embeddable":true,"href":"https:\/\/metabolika.online\/cr\/wp-json\/wp\/v2\/comments?post=84"}],"wp:featuredmedia":[{"embeddable":true,"href":"https:\/\/metabolika.online\/cr\/wp-json\/wp\/v2\/media\/85"}],"wp:attachment":[{"href":"https:\/\/metabolika.online\/cr\/wp-json\/wp\/v2\/media?parent=84"}],"wp:term":[{"taxonomy":"product_brand","embeddable":true,"href":"https:\/\/metabolika.online\/cr\/wp-json\/wp\/v2\/product_brand?post=84"},{"taxonomy":"product_cat","embeddable":true,"href":"https:\/\/metabolika.online\/cr\/wp-json\/wp\/v2\/product_cat?post=84"},{"taxonomy":"product_tag","embeddable":true,"href":"https:\/\/metabolika.online\/cr\/wp-json\/wp\/v2\/product_tag?post=84"}],"curies":[{"name":"wp","href":"https:\/\/api.w.org\/{rel}","templated":true}]}}