{"id":108,"date":"2024-02-17T19:46:36","date_gmt":"2024-02-17T18:46:36","guid":{"rendered":"https:\/\/metabolika.online\/?post_type=product&#038;p=2509"},"modified":"2025-01-16T11:18:03","modified_gmt":"2025-01-16T17:18:03","slug":"vegetables-and-potatoes-soup-%f0%9f%a5%a3-gf","status":"publish","type":"product","link":"https:\/\/metabolika.online\/cr\/producto\/vegetables-and-potatoes-soup-%f0%9f%a5%a3-gf\/","title":{"rendered":"Vegetables and Potatoes Soup GF \ud83e\udd63"},"content":{"rendered":"<h3>Caracter\u00edsticas del Producto<\/h3>\n<p>Sopa de verduras y patatas:<\/p>\n<ul>\n<li>Alta en prote\u00ednas<\/li>\n<li>Baja en grasas \/ Reducido en grasas (-50%)<\/li>\n<li>Baja en az\u00facares<\/li>\n<li>Reducido en carbohidratos (-79%)<\/li>\n<\/ul>\n<h3>Instrucciones de uso<\/h3>\n<p>A\u00f1adir 200 ml de agua a 25 gramos de polvo y remover hasta que est\u00e9 completamente mezclado. Consumir en la hora siguiente a la rehidrataci\u00f3n.<\/p>\n<h3>Ingredientes<\/h3>\n<p>Prote\u00ednas de <b>leche<\/b> (emulsionante: lecitinas), prote\u00ednas de <b>soja<\/b> (emulsionante: lecitinas [<em><strong>soja<\/strong><\/em>]), aromatizantes (contiene: <em><b>apio<\/b><\/em>), sal, verduras deshidratadas (cebolla, puerro, repollo, <em><b>apio<\/b><\/em>) (4.2%), extracto de zanahoria, especias y hierbas (ajo, perejil, c\u00farcuma), espesante: goma xantana, antiaglomerante: carbonato de magnesio, colorante: curcumina.<\/p>\n<p>Al\u00e9rgenos: <b>Leche, soja, apio. <\/b>Puede contener trazas de: huevo, pescado, frutos secos.<\/p>\n<h3>Tabla Nutricional<\/h3>\n<table border=\"0\">\n<tbody>\n<tr>\n<th>Nutriente<\/th>\n<th>Cantidad por 100 g<\/th>\n<th>Cantidad por 25 g<\/th>\n<\/tr>\n<tr>\n<td>Energ\u00eda (kJ\/kcal)<\/td>\n<td>1524 \/ 360<\/td>\n<td>381 \/ 90<\/td>\n<\/tr>\n<tr>\n<td>Grasas (g)<\/td>\n<td>4,7<\/td>\n<td>1,2<\/td>\n<\/tr>\n<tr>\n<td>de las cuales saturadas (g)<\/td>\n<td>1,8<\/td>\n<td>0,5<\/td>\n<\/tr>\n<tr>\n<td>Hidratos de carbono (g)<\/td>\n<td>9,9<\/td>\n<td>2,5<\/td>\n<\/tr>\n<tr>\n<td>de los cuales az\u00facares (g)<\/td>\n<td>5,3<\/td>\n<td>1,3<\/td>\n<\/tr>\n<tr>\n<td>Fibra (g)<\/td>\n<td>1,4<\/td>\n<td>0,4<\/td>\n<\/tr>\n<tr>\n<td>Prote\u00ednas (g)<\/td>\n<td>69<\/td>\n<td>17<\/td>\n<\/tr>\n<tr>\n<td>Sal (g)<\/td>\n<td>7,2<\/td>\n<td>1,8<\/td>\n<\/tr>\n<\/tbody>\n<\/table>\n<h3>Minerales<\/h3>\n<table border=\"0\">\n<tbody>\n<tr>\n<th>Mineral (Unidad)<\/th>\n<th>Cantidad (100 g)<\/th>\n<th>Cantidad (25 g)<\/th>\n<th>% VRN (25 g)<\/th>\n<\/tr>\n<tr>\n<td>Sodio (mg)<\/td>\n<td>2893<\/td>\n<td>723<\/td>\n<td>&#8211;<\/td>\n<\/tr>\n<tr>\n<td>Potasio (mg)<\/td>\n<td>417<\/td>\n<td>104<\/td>\n<td>5%<\/td>\n<\/tr>\n<tr>\n<td>Calcio (mg)<\/td>\n<td>256<\/td>\n<td>64,0<\/td>\n<td>8%<\/td>\n<\/tr>\n<tr>\n<td>F\u00f3sforo (mg)<\/td>\n<td>502<\/td>\n<td>126<\/td>\n<td>18%<\/td>\n<\/tr>\n<tr>\n<td>Magnesio (mg)<\/td>\n<td>146<\/td>\n<td>36,1<\/td>\n<td>10%<\/td>\n<\/tr>\n<\/tbody>\n<\/table>\n<p>*Valor Referencia de Nutrientes conforme a la Regulaci\u00f3n (EU) n\u00ba1169\/2011<\/p>\n","protected":false},"excerpt":{"rendered":"<p>Disfruta de un delicioso y reconfortante plato con nuestra Sopa de verduras y patatas GF. Perfecta para los amantes de lo natural, esta sopa combina la frescura de ocho vegetales en una receta rica en prote\u00ednas, baja en grasas y carbohidratos. Ideal para una alimentaci\u00f3n sana y sin gluten.<\/p>\n","protected":false},"featured_media":109,"comment_status":"open","ping_status":"closed","template":"","meta":[],"product_brand":[],"product_cat":[22],"product_tag":[],"class_list":{"0":"post-108","1":"product","2":"type-product","3":"status-publish","4":"has-post-thumbnail","6":"product_cat-salados","8":"first","9":"instock","10":"taxable","11":"shipping-taxable","12":"product-type-simple"},"_links":{"self":[{"href":"https:\/\/metabolika.online\/cr\/wp-json\/wp\/v2\/product\/108","targetHints":{"allow":["GET"]}}],"collection":[{"href":"https:\/\/metabolika.online\/cr\/wp-json\/wp\/v2\/product"}],"about":[{"href":"https:\/\/metabolika.online\/cr\/wp-json\/wp\/v2\/types\/product"}],"replies":[{"embeddable":true,"href":"https:\/\/metabolika.online\/cr\/wp-json\/wp\/v2\/comments?post=108"}],"wp:featuredmedia":[{"embeddable":true,"href":"https:\/\/metabolika.online\/cr\/wp-json\/wp\/v2\/media\/109"}],"wp:attachment":[{"href":"https:\/\/metabolika.online\/cr\/wp-json\/wp\/v2\/media?parent=108"}],"wp:term":[{"taxonomy":"product_brand","embeddable":true,"href":"https:\/\/metabolika.online\/cr\/wp-json\/wp\/v2\/product_brand?post=108"},{"taxonomy":"product_cat","embeddable":true,"href":"https:\/\/metabolika.online\/cr\/wp-json\/wp\/v2\/product_cat?post=108"},{"taxonomy":"product_tag","embeddable":true,"href":"https:\/\/metabolika.online\/cr\/wp-json\/wp\/v2\/product_tag?post=108"}],"curies":[{"name":"wp","href":"https:\/\/api.w.org\/{rel}","templated":true}]}}