{"id":106,"date":"2024-02-17T19:46:36","date_gmt":"2024-02-17T18:46:36","guid":{"rendered":"https:\/\/metabolika.online\/?post_type=product&#038;p=2510"},"modified":"2025-01-16T11:17:57","modified_gmt":"2025-01-16T17:17:57","slug":"chive-and-onion-omelette-gf","status":"publish","type":"product","link":"https:\/\/metabolika.online\/cr\/producto\/chive-and-onion-omelette-gf\/","title":{"rendered":"Chive and Onion Omelette GF \ud83c\udf73"},"content":{"rendered":"<h3>Caracter\u00edsticas del Producto<\/h3>\n<p>Omelette con sabor a cebolla.<\/p>\n<ul>\n<li>Alta en prote\u00ednas<\/li>\n<li>Baja en grasas \/ Reducido en grasas (-95%)*<\/li>\n<li>Baja en az\u00facares<\/li>\n<li>Reducci\u00f3n energ\u00e9tica del 56% &#8211; menos grasas<\/li>\n<\/ul>\n<p>*Calculado en comparaci\u00f3n con el producto de referencia \u00abTortilla con hierbas\u00bb (datos CIQUAL 2020).<\/p>\n<h3>Instrucciones de uso<\/h3>\n<p>A\u00f1adir 120 ml de agua a 25 gramos de polvo y cocer suavemente en una sart\u00e9n antiadherente (la tortilla puede prepararse de forma tradicional o como huevos revueltos). Consumir en la hora siguiente a la rehidrataci\u00f3n.<\/p>\n<h3>Ingredientes<\/h3>\n<p>Clara de <em><strong>huevo<\/strong><\/em> en polvo y yema (42%), prote\u00ednas de <em><strong>leche<\/strong><\/em> (emulsionante: lecitinas), cebolla (12%), aromatizante natural, especias y hierbas (cebollino (16%), c\u00farcuma, ajo, pimienta), sal, antiaglomerante: carbonato de magnesio.<\/p>\n<p>Al\u00e9rgenos. <b>Leche, soja. <\/b>Puede contener trazas de: pescado, huevo, frutos secos.<\/p>\n<h3>Tabla Nutricional<\/h3>\n<table border=\"0\">\n<tbody>\n<tr>\n<th>Nutriente<\/th>\n<th>Cantidad por 100 g<\/th>\n<th>Cantidad por 25 g<\/th>\n<\/tr>\n<tr>\n<td>Energ\u00eda (kJ\/kcal)<\/td>\n<td>1514 \/ 357<\/td>\n<td>378 \/ 89<\/td>\n<\/tr>\n<tr>\n<td>Grasas (g)<\/td>\n<td>33<\/td>\n<td>8.25<\/td>\n<\/tr>\n<tr>\n<td>de las cuales saturadas (g)<\/td>\n<td>11<\/td>\n<td>2.75<\/td>\n<\/tr>\n<tr>\n<td>Hidratos de carbono (g)<\/td>\n<td>13<\/td>\n<td>3.25<\/td>\n<\/tr>\n<tr>\n<td>de los cuales az\u00facares (g)<\/td>\n<td>4.2<\/td>\n<td>1.05<\/td>\n<\/tr>\n<tr>\n<td>Fibra (g)<\/td>\n<td>24<\/td>\n<td>6<\/td>\n<\/tr>\n<tr>\n<td>Prote\u00ednas (g)<\/td>\n<td>68<\/td>\n<td>17<\/td>\n<\/tr>\n<tr>\n<td>Sal (g)<\/td>\n<td>40<\/td>\n<td>10<\/td>\n<\/tr>\n<\/tbody>\n<\/table>\n<h3>Minerales<\/h3>\n<table border=\"0\">\n<tbody>\n<tr>\n<th>Mineral (Unidad)<\/th>\n<th>Cantidad (100 g)<\/th>\n<th>Cantidad (25 g)<\/th>\n<th>% VRN (25 g)<\/th>\n<\/tr>\n<tr>\n<td>Sodio (mg)<\/td>\n<td>1610<\/td>\n<td>402<\/td>\n<td>8%<\/td>\n<\/tr>\n<tr>\n<td>Potasio (mg)<\/td>\n<td>669<\/td>\n<td>167<\/td>\n<td>18%<\/td>\n<\/tr>\n<tr>\n<td>Calcio (mg)<\/td>\n<td>570<\/td>\n<td>142<\/td>\n<td>14%<\/td>\n<\/tr>\n<tr>\n<td>F\u00f3sforo (mg)<\/td>\n<td>378<\/td>\n<td>95<\/td>\n<td>11%<\/td>\n<\/tr>\n<tr>\n<td>Magnesio (mg)<\/td>\n<td>164<\/td>\n<td>41<\/td>\n<td>&#8212;<\/td>\n<\/tr>\n<\/tbody>\n<\/table>\n<p>*Valor Referencia de Nutrientes conforme a la Regulaci\u00f3n (EU) n\u00ba1169\/2011.<\/p>\n","protected":false},"excerpt":{"rendered":"<p>Explora el sabor \u00fanico de nuestra Chive and Onion Omelette Gluten Free: una mezcla exquisita de cebolla y cebollino en una tortilla f\u00e1cil de preparar. Alta en prote\u00ednas y baja en grasas, esta omelette es perfecta para una dieta sin gluten y nutritiva.<\/p>\n","protected":false},"featured_media":107,"comment_status":"open","ping_status":"closed","template":"","meta":[],"product_brand":[],"product_cat":[22],"product_tag":[],"class_list":{"0":"post-106","1":"product","2":"type-product","3":"status-publish","4":"has-post-thumbnail","6":"product_cat-salados","8":"first","9":"instock","10":"taxable","11":"shipping-taxable","12":"product-type-simple"},"_links":{"self":[{"href":"https:\/\/metabolika.online\/cr\/wp-json\/wp\/v2\/product\/106","targetHints":{"allow":["GET"]}}],"collection":[{"href":"https:\/\/metabolika.online\/cr\/wp-json\/wp\/v2\/product"}],"about":[{"href":"https:\/\/metabolika.online\/cr\/wp-json\/wp\/v2\/types\/product"}],"replies":[{"embeddable":true,"href":"https:\/\/metabolika.online\/cr\/wp-json\/wp\/v2\/comments?post=106"}],"wp:featuredmedia":[{"embeddable":true,"href":"https:\/\/metabolika.online\/cr\/wp-json\/wp\/v2\/media\/107"}],"wp:attachment":[{"href":"https:\/\/metabolika.online\/cr\/wp-json\/wp\/v2\/media?parent=106"}],"wp:term":[{"taxonomy":"product_brand","embeddable":true,"href":"https:\/\/metabolika.online\/cr\/wp-json\/wp\/v2\/product_brand?post=106"},{"taxonomy":"product_cat","embeddable":true,"href":"https:\/\/metabolika.online\/cr\/wp-json\/wp\/v2\/product_cat?post=106"},{"taxonomy":"product_tag","embeddable":true,"href":"https:\/\/metabolika.online\/cr\/wp-json\/wp\/v2\/product_tag?post=106"}],"curies":[{"name":"wp","href":"https:\/\/api.w.org\/{rel}","templated":true}]}}