{"id":104,"date":"2024-02-17T19:46:36","date_gmt":"2024-02-17T18:46:36","guid":{"rendered":"https:\/\/metabolika.online\/?post_type=product&#038;p=2511"},"modified":"2025-01-16T11:17:52","modified_gmt":"2025-01-16T17:17:52","slug":"chicken-curry-soup","status":"publish","type":"product","link":"https:\/\/metabolika.online\/cr\/producto\/chicken-curry-soup\/","title":{"rendered":"Chicken Curry Soup \ud83e\udd63"},"content":{"rendered":"<h3>Caracter\u00edsticas del Producto<\/h3>\n<p>Sopa de curry con sabor a pollo:<\/p>\n<ul>\n<li>Alta en prote\u00ednas<\/li>\n<li>Baja en grasas<\/li>\n<li>Baja en az\u00facares<\/li>\n<\/ul>\n<h3>Instrucciones de uso<\/h3>\n<p>A\u00f1adir 200 ml de agua a 25 gramos de polvo y remover hasta que est\u00e9 completamente mezclado. Consumir en la hora siguiente a la rehidrataci\u00f3n.<\/p>\n<h3>Ingredientes<\/h3>\n<p>Prote\u00ednas de <em><strong>leche<\/strong><\/em>, prote\u00ednas de <em><strong>soja<\/strong><\/em> (emulsionante: lecitinas [<em><strong>soja<\/strong><\/em>]), aromatizantes (contiene: <em><strong>trigo<\/strong><\/em>), cebolla, sal, especias y hierbas (c\u00farcuma, comino, cilantro, canela, chile, fenogreco, pimienta negra), maltodextrina, espesante: goma xantana, agentes antiaglomerantes: carbonatos de magnesio y di\u00f3xido de silicio [nano], vitaminas (C, B3, E, B5, B6, B2, B1, A, B9, B8, B12), fructosa.<\/p>\n<p>Al\u00e9rgenos. <b>Leche, soja, trigo. <\/b>Puede contener trazas de: crust\u00e1ceos, huevo, pescado, frutos secos, apio.<\/p>\n<h3>Tabla Nutricional<\/h3>\n<table border=\"0\">\n<tbody>\n<tr>\n<th>Nutriente<\/th>\n<th>Cantidad por 100 g<\/th>\n<th>Cantidad por 25 g<\/th>\n<\/tr>\n<tr>\n<td>Energ\u00eda (kJ\/kcal)<\/td>\n<td>1550 \/ 366<\/td>\n<td>387 \/ 92<\/td>\n<\/tr>\n<tr>\n<td>Grasas (g)<\/td>\n<td>5,2<\/td>\n<td>1,3<\/td>\n<\/tr>\n<tr>\n<td>de las cuales saturadas (g)<\/td>\n<td>1,9<\/td>\n<td>0,5<\/td>\n<\/tr>\n<tr>\n<td>Hidratos de carbono (g)<\/td>\n<td>11<\/td>\n<td>2,7<\/td>\n<\/tr>\n<tr>\n<td>de los cuales az\u00facares (g)<\/td>\n<td>5,4<\/td>\n<td>1,3<\/td>\n<\/tr>\n<tr>\n<td>Fibra (g)<\/td>\n<td>1,8<\/td>\n<td>0,4<\/td>\n<\/tr>\n<tr>\n<td>Prote\u00ednas (g)<\/td>\n<td>68<\/td>\n<td>17<\/td>\n<\/tr>\n<tr>\n<td>Sal (g)<\/td>\n<td>6,8<\/td>\n<td>1,7<\/td>\n<\/tr>\n<\/tbody>\n<\/table>\n<h3>Minerales<\/h3>\n<table border=\"0\">\n<tbody>\n<tr>\n<th>Mineral (Unidad)<\/th>\n<th>Cantidad (100 g)<\/th>\n<th>Cantidad (25 g)<\/th>\n<th>% VRN (25 g)<\/th>\n<\/tr>\n<tr>\n<td>Sodio (mg)<\/td>\n<td>2709<\/td>\n<td>677<\/td>\n<td>&#8211;<\/td>\n<\/tr>\n<tr>\n<td>Potasio (mg)<\/td>\n<td>383<\/td>\n<td>95,8<\/td>\n<td>5%<\/td>\n<\/tr>\n<tr>\n<td>Calcio (mg)<\/td>\n<td>264<\/td>\n<td>66,0<\/td>\n<td>8%<\/td>\n<\/tr>\n<tr>\n<td>F\u00f3sforo (mg)<\/td>\n<td>415<\/td>\n<td>104<\/td>\n<td>15%<\/td>\n<\/tr>\n<tr>\n<td>Magnesio (mg)<\/td>\n<td>157<\/td>\n<td>39,1<\/td>\n<td>10%<\/td>\n<\/tr>\n<\/tbody>\n<\/table>\n<h3>Vitaminas<\/h3>\n<table border=\"0\">\n<tbody>\n<tr>\n<th>Vitamina (Unidad)<\/th>\n<th>Cantidad (100 g)<\/th>\n<th>Cantidad (25 g)<\/th>\n<th>% VRN (25 g)<\/th>\n<\/tr>\n<tr>\n<td>Vitamina A (\u00b5g)<\/td>\n<td>498<\/td>\n<td>125<\/td>\n<td>16%<\/td>\n<\/tr>\n<tr>\n<td>Vitamina C (mg)<\/td>\n<td>50<\/td>\n<td>13<\/td>\n<td>16%<\/td>\n<\/tr>\n<tr>\n<td>Vitamina E (mg)<\/td>\n<td>7,3<\/td>\n<td>1,8<\/td>\n<td>15%<\/td>\n<\/tr>\n<tr>\n<td>Vitamina B1\/Thiamin (mg)<\/td>\n<td>0,8<\/td>\n<td>0,2<\/td>\n<td>15%<\/td>\n<\/tr>\n<tr>\n<td>Vitamina B2\/Riboflavin (mg)<\/td>\n<td>1,1<\/td>\n<td>0,3<\/td>\n<td>15%<\/td>\n<\/tr>\n<tr>\n<td>Vitamina B3\/Niacin (mg)<\/td>\n<td>11<\/td>\n<td>2,8<\/td>\n<td>15%<\/td>\n<\/tr>\n<tr>\n<td>Vitamina B5\/Pantothenic acid (mg)<\/td>\n<td>3,9<\/td>\n<td>1,0<\/td>\n<td>15%<\/td>\n<\/tr>\n<tr>\n<td>Vitamina B6 (mg)<\/td>\n<td>1,0<\/td>\n<td>0,2<\/td>\n<td>15%<\/td>\n<\/tr>\n<tr>\n<td>Vitamina B8\/Biotin (\u00b5g)<\/td>\n<td>32<\/td>\n<td>8,0<\/td>\n<td>15%<\/td>\n<\/tr>\n<tr>\n<td>Vitamina B9\/Folic acid (\u00b5g)<\/td>\n<td>254<\/td>\n<td>63,5<\/td>\n<td>15%<\/td>\n<\/tr>\n<tr>\n<td>Vitamina B12 (\u00b5g)<\/td>\n<td>1,5<\/td>\n<td>0,4<\/td>\n<td>15%<\/td>\n<\/tr>\n<\/tbody>\n<\/table>\n<p>*Valor Referencia de Nutrientes conforme a la Regulaci\u00f3n (EU) n\u00ba1169\/2011<\/p>\n","protected":false},"excerpt":{"rendered":"<p>Del\u00e9itate con el ex\u00f3tico sabor de nuestra Chicken Curry Soup. Una mezcla perfecta de especias y sabor a pollo en una sopa nutritiva, alta en prote\u00ednas y baja en grasas y carbohidratos. Una opci\u00f3n saludable y reconfortante para todos los amantes del curry.<\/p>\n","protected":false},"featured_media":105,"comment_status":"open","ping_status":"closed","template":"","meta":[],"product_brand":[],"product_cat":[22],"product_tag":[],"class_list":{"0":"post-104","1":"product","2":"type-product","3":"status-publish","4":"has-post-thumbnail","6":"product_cat-salados","8":"first","9":"instock","10":"taxable","11":"shipping-taxable","12":"product-type-simple"},"_links":{"self":[{"href":"https:\/\/metabolika.online\/cr\/wp-json\/wp\/v2\/product\/104","targetHints":{"allow":["GET"]}}],"collection":[{"href":"https:\/\/metabolika.online\/cr\/wp-json\/wp\/v2\/product"}],"about":[{"href":"https:\/\/metabolika.online\/cr\/wp-json\/wp\/v2\/types\/product"}],"replies":[{"embeddable":true,"href":"https:\/\/metabolika.online\/cr\/wp-json\/wp\/v2\/comments?post=104"}],"wp:featuredmedia":[{"embeddable":true,"href":"https:\/\/metabolika.online\/cr\/wp-json\/wp\/v2\/media\/105"}],"wp:attachment":[{"href":"https:\/\/metabolika.online\/cr\/wp-json\/wp\/v2\/media?parent=104"}],"wp:term":[{"taxonomy":"product_brand","embeddable":true,"href":"https:\/\/metabolika.online\/cr\/wp-json\/wp\/v2\/product_brand?post=104"},{"taxonomy":"product_cat","embeddable":true,"href":"https:\/\/metabolika.online\/cr\/wp-json\/wp\/v2\/product_cat?post=104"},{"taxonomy":"product_tag","embeddable":true,"href":"https:\/\/metabolika.online\/cr\/wp-json\/wp\/v2\/product_tag?post=104"}],"curies":[{"name":"wp","href":"https:\/\/api.w.org\/{rel}","templated":true}]}}