{"id":102,"date":"2024-02-17T19:46:36","date_gmt":"2024-02-17T18:46:36","guid":{"rendered":"https:\/\/metabolika.online\/?post_type=product&#038;p=2512"},"modified":"2025-01-16T11:18:14","modified_gmt":"2025-01-16T17:18:14","slug":"rice-pudding","status":"publish","type":"product","link":"https:\/\/metabolika.online\/cr\/producto\/rice-pudding\/","title":{"rendered":"Rice Pudding \ud83c\udf5a"},"content":{"rendered":"<h3>Caracter\u00edsticas del Producto<\/h3>\n<p>Mezcla de arroz con leche:<\/p>\n<ul>\n<li>Alto en prote\u00ednas<\/li>\n<li>Bajo en grasas \/ Reducido en grasas (-92%)<\/li>\n<li>Bajo en az\u00facares<\/li>\n<li>Reducido en carbohidratos (-76%)<\/li>\n<li>Reducci\u00f3n energ\u00e9tica del 42% &#8211; menos grasa y carbohidratos<\/li>\n<\/ul>\n<p>*Calculado en comparaci\u00f3n con el producto de referencia \u00bb Arroz con leche, secci\u00f3n fresca \u00bb (tabla ANSES-CIQUAL de composici\u00f3n de los alimentos franceses versi\u00f3n 2020).<\/p>\n<h3>Instrucciones de uso<\/h3>\n<p>A\u00f1adir 25 gramos de polvo a 100 ml de agua y remover hasta que est\u00e9 completamente mezclado. Calentar en el microondas durante 1 minuto y enfriar de 15 a 20 minutos para que se rehidrate.<\/p>\n<h3>Ingredientes<\/h3>\n<p>Prote\u00ednas de <em><strong>leche<\/strong><\/em> (emulsionante: lecitinas), arroz precocido (22%), <em><strong>leche<\/strong><\/em> desnatada en polvo (6%), prote\u00ednas de <em><strong>trigo<\/strong><\/em> texturizadas (prote\u00ednas de <em><strong>trigo<\/strong><\/em>, almid\u00f3n de <em><strong>trigo<\/strong><\/em>), aromatizantes (contienen: <em><strong>leche<\/strong><\/em>), espesante: goma xantana, sal, maltodextrina, vainilla agotada en polvo, antiaglomerante: carbonato de magnesio, edulcorante: aspartamo, colorante: beta-caroteno, vitaminas (C, B3, E, B5, B6, B2, B1, A, B9, B8, B12).<\/p>\n<p>Al\u00e9rgenos. <b>Leche, trigo. <\/b>Puede contener trazas de: huevos, pescado, soja, frutos secos, apio.<\/p>\n<h3>Tabla Nutricional<\/h3>\n<table border=\"0\">\n<tbody>\n<tr>\n<th>Nutriente<\/th>\n<th>Cantidad por 100 g<\/th>\n<th>Cantidad por 25 g<\/th>\n<\/tr>\n<tr>\n<td>Energ\u00eda (kJ\/kcal)<\/td>\n<td>1553 \/ 366<\/td>\n<td>388 \/ 91<\/td>\n<\/tr>\n<tr>\n<td>Grasas (g)<\/td>\n<td>1,3<\/td>\n<td>0,3<\/td>\n<\/tr>\n<tr>\n<td>de las cuales saturadas (g)<\/td>\n<td>0,5<\/td>\n<td>0,1<\/td>\n<\/tr>\n<tr>\n<td>Hidratos de carbono (g)<\/td>\n<td>25<\/td>\n<td>6,3<\/td>\n<\/tr>\n<tr>\n<td>de los cuales az\u00facares (g)<\/td>\n<td>4,3<\/td>\n<td>1,1<\/td>\n<\/tr>\n<tr>\n<td>Fibra (g)<\/td>\n<td>2,0<\/td>\n<td>0,5<\/td>\n<\/tr>\n<tr>\n<td>Prote\u00ednas (g)<\/td>\n<td>62<\/td>\n<td>16<\/td>\n<\/tr>\n<tr>\n<td>Sal (g)<\/td>\n<td>0,90<\/td>\n<td>0,23<\/td>\n<\/tr>\n<\/tbody>\n<\/table>\n<h3>Minerales<\/h3>\n<table border=\"0\">\n<tbody>\n<tr>\n<th>Mineral (Unidad)<\/th>\n<th>Cantidad (100 g)<\/th>\n<th>Cantidad (25 g)<\/th>\n<th>% VRN (25 g)<\/th>\n<\/tr>\n<tr>\n<td>Sodio (mg)<\/td>\n<td>364<\/td>\n<td>91<\/td>\n<td>&#8211;<\/td>\n<\/tr>\n<tr>\n<td>Potasio (mg)<\/td>\n<td>138<\/td>\n<td>35<\/td>\n<td>2%<\/td>\n<\/tr>\n<tr>\n<td>Calcio (mg)<\/td>\n<td>938<\/td>\n<td>235<\/td>\n<td>29%<\/td>\n<\/tr>\n<tr>\n<td>F\u00f3sforo (mg)<\/td>\n<td>499<\/td>\n<td>125<\/td>\n<td>18%<\/td>\n<\/tr>\n<tr>\n<td>Magnesio (mg)<\/td>\n<td>90<\/td>\n<td>23<\/td>\n<td>6%<\/td>\n<\/tr>\n<\/tbody>\n<\/table>\n<h3>Vitaminas<\/h3>\n<table border=\"0\">\n<tbody>\n<tr>\n<th>Vitamina (Unidad)<\/th>\n<th>Cantidad (100 g)<\/th>\n<th>Cantidad (25 g)<\/th>\n<th>% VRN (25 g)<\/th>\n<\/tr>\n<tr>\n<td>Vitamina A (\u00b5g)<\/td>\n<td>480<\/td>\n<td>120<\/td>\n<td>15%<\/td>\n<\/tr>\n<tr>\n<td>Vitamina C (mg)<\/td>\n<td>48<\/td>\n<td>12<\/td>\n<td>15%<\/td>\n<\/tr>\n<tr>\n<td>Vitamina E (mg)<\/td>\n<td>7,2<\/td>\n<td>1,8<\/td>\n<td>15%<\/td>\n<\/tr>\n<tr>\n<td>Vitamina B1\/Thiamin (mg)<\/td>\n<td>0,7<\/td>\n<td>0,17<\/td>\n<td>15%<\/td>\n<\/tr>\n<tr>\n<td>Vitamina B2\/Riboflavin (mg)<\/td>\n<td>0,8<\/td>\n<td>0,21<\/td>\n<td>15%<\/td>\n<\/tr>\n<tr>\n<td>Vitamina B3\/Niacin (mg)<\/td>\n<td>9,6<\/td>\n<td>2,4<\/td>\n<td>15%<\/td>\n<\/tr>\n<tr>\n<td>Vitamina B5\/Pantothenic acid (mg)<\/td>\n<td>3,6<\/td>\n<td>0,9<\/td>\n<td>15%<\/td>\n<\/tr>\n<tr>\n<td>Vitamina B6 (mg)<\/td>\n<td>0,8<\/td>\n<td>0,2<\/td>\n<td>15%<\/td>\n<\/tr>\n<tr>\n<td>Vitamina B8\/Biotin (\u00b5g)<\/td>\n<td>30<\/td>\n<td>7,5<\/td>\n<td>15%<\/td>\n<\/tr>\n<tr>\n<td>Vitamina B9\/Folic acid (\u00b5g)<\/td>\n<td>120<\/td>\n<td>30<\/td>\n<td>15%<\/td>\n<\/tr>\n<tr>\n<td>Vitamina B12 (\u00b5g)<\/td>\n<td>1,50<\/td>\n<td>0,38<\/td>\n<td>15%<\/td>\n<\/tr>\n<\/tbody>\n<\/table>\n<p>*Valor Referencia de Nutrientes conforme a la Regulaci\u00f3n (EU) n\u00ba1169\/2011<\/p>\n","protected":false},"excerpt":{"rendered":"<p>Sum\u00e9rgete en el sabor cremoso de nuestro Rice Pudding, una deliciosa mezcla de arroz con leche enriquecida con prote\u00ednas. Bajo en grasas y az\u00facares, este postre es la opci\u00f3n ideal para quienes buscan un dulce nutritivo y satisfactorio.<\/p>\n","protected":false},"featured_media":103,"comment_status":"open","ping_status":"closed","template":"","meta":[],"product_brand":[],"product_cat":[20],"product_tag":[],"class_list":{"0":"post-102","1":"product","2":"type-product","3":"status-publish","4":"has-post-thumbnail","6":"product_cat-postres","8":"first","9":"instock","10":"taxable","11":"shipping-taxable","12":"product-type-simple"},"_links":{"self":[{"href":"https:\/\/metabolika.online\/cr\/wp-json\/wp\/v2\/product\/102","targetHints":{"allow":["GET"]}}],"collection":[{"href":"https:\/\/metabolika.online\/cr\/wp-json\/wp\/v2\/product"}],"about":[{"href":"https:\/\/metabolika.online\/cr\/wp-json\/wp\/v2\/types\/product"}],"replies":[{"embeddable":true,"href":"https:\/\/metabolika.online\/cr\/wp-json\/wp\/v2\/comments?post=102"}],"wp:featuredmedia":[{"embeddable":true,"href":"https:\/\/metabolika.online\/cr\/wp-json\/wp\/v2\/media\/103"}],"wp:attachment":[{"href":"https:\/\/metabolika.online\/cr\/wp-json\/wp\/v2\/media?parent=102"}],"wp:term":[{"taxonomy":"product_brand","embeddable":true,"href":"https:\/\/metabolika.online\/cr\/wp-json\/wp\/v2\/product_brand?post=102"},{"taxonomy":"product_cat","embeddable":true,"href":"https:\/\/metabolika.online\/cr\/wp-json\/wp\/v2\/product_cat?post=102"},{"taxonomy":"product_tag","embeddable":true,"href":"https:\/\/metabolika.online\/cr\/wp-json\/wp\/v2\/product_tag?post=102"}],"curies":[{"name":"wp","href":"https:\/\/api.w.org\/{rel}","templated":true}]}}